{"id":1495,"date":"2023-03-21T16:09:24","date_gmt":"2023-03-21T16:09:24","guid":{"rendered":"https:\/\/test.pulchlorenz.de\/?product=mikroskopstativ-axio-vert-a1-fl"},"modified":"2023-03-21T16:09:24","modified_gmt":"2023-03-21T16:09:24","slug":"mikroskopstativ-axio-vert-a1-fl","status":"publish","type":"product","link":"https:\/\/test.pulchlorenz.de\/?product=mikroskopstativ-axio-vert-a1-fl","title":{"rendered":"Mikroskopstativ Axio Vert.A1 FL"},"content":{"rendered":"<p>Objektivrevolver 5-fach, H DIC M27 man. (2x H, 3x H DIC) mit  Schieberaufnahme 10&#215;29 mm   Tr\u00e4ger Durchlichtbeleuchtung f\u00fcr HAL oder  LED mit Filterschieber 2-fach, d=32 mm   Auflichtbeleuchtung FL mit  Shutter und Aufnahmen f\u00fcr Leuchtfeldblenden-, Aperturblenden- und  Filterschieber   Reflektorrevolver 4-fach man. f\u00fcr P&#038;C Module   manueller Grob-\/Fein-Fokustrieb   Fokushub 13 mm mit einstellbarem  Fokusstop   Ergozwischenst\u00fcck H=50 mm   Einbaunetzteil 12V DC 60W,  stabilisiert, 100&#8230;240V AC\/50&#8230;60Hz\/80VA   l\u00e4nderspezifisches  Netzkabel<\/p>\n","protected":false},"excerpt":{"rendered":"<p>Objektivrevolver 5-fach, H DIC M27 man. (2x H, 3x H DIC) mit Schieberaufnahme 10&#215;29 mm Tr\u00e4ger Durchlichtbeleuchtung f\u00fcr HAL oder LED mit Filterschieber 2-fach, d=32 mm Auflichtbeleuchtung FL mit Shutter und Aufnahmen f\u00fcr Leuchtfeldblenden-, Aperturblenden- und Filterschieber Reflektorrevolver 4-fach man. f\u00fcr P&#038;C Module manueller Grob-\/Fein-Fokustrieb Fokushub 13 mm mit einstellbarem Fokusstop Ergozwischenst\u00fcck H=50 mm Einbaunetzteil [&hellip;]<\/p>\n","protected":false},"featured_media":0,"comment_status":"open","ping_status":"closed","template":"","meta":[],"product_brand":[],"product_cat":[15],"product_tag":[],"class_list":{"0":"post-1495","1":"product","2":"type-product","3":"status-publish","5":"product_cat-unkategorisiert","7":"first","8":"instock","9":"taxable","10":"shipping-taxable","11":"purchasable","12":"product-type-simple"},"jetpack_sharing_enabled":true,"_links":{"self":[{"href":"https:\/\/test.pulchlorenz.de\/index.php?rest_route=\/wp\/v2\/product\/1495","targetHints":{"allow":["GET"]}}],"collection":[{"href":"https:\/\/test.pulchlorenz.de\/index.php?rest_route=\/wp\/v2\/product"}],"about":[{"href":"https:\/\/test.pulchlorenz.de\/index.php?rest_route=\/wp\/v2\/types\/product"}],"replies":[{"embeddable":true,"href":"https:\/\/test.pulchlorenz.de\/index.php?rest_route=%2Fwp%2Fv2%2Fcomments&post=1495"}],"wp:attachment":[{"href":"https:\/\/test.pulchlorenz.de\/index.php?rest_route=%2Fwp%2Fv2%2Fmedia&parent=1495"}],"wp:term":[{"taxonomy":"product_brand","embeddable":true,"href":"https:\/\/test.pulchlorenz.de\/index.php?rest_route=%2Fwp%2Fv2%2Fproduct_brand&post=1495"},{"taxonomy":"product_cat","embeddable":true,"href":"https:\/\/test.pulchlorenz.de\/index.php?rest_route=%2Fwp%2Fv2%2Fproduct_cat&post=1495"},{"taxonomy":"product_tag","embeddable":true,"href":"https:\/\/test.pulchlorenz.de\/index.php?rest_route=%2Fwp%2Fv2%2Fproduct_tag&post=1495"}],"curies":[{"name":"wp","href":"https:\/\/api.w.org\/{rel}","templated":true}]}}