{"id":1508,"date":"2023-03-21T16:09:26","date_gmt":"2023-03-21T16:09:26","guid":{"rendered":"https:\/\/test.pulchlorenz.de\/?product=digitalmikroskop-visioner-1-basic"},"modified":"2023-03-21T16:09:26","modified_gmt":"2023-03-21T16:09:26","slug":"digitalmikroskop-visioner-1-basic","status":"publish","type":"product","link":"https:\/\/test.pulchlorenz.de\/?product=digitalmikroskop-visioner-1-basic","title":{"rendered":"Digitalmikroskop Visioner 1 Basic"},"content":{"rendered":"<p>Erweiterte Tiefensch\u00e4rfe in Echtzeit  Klassische Inspektionssysteme haben oft eine geringe Tiefensch\u00e4rfe: Das kann dazu f\u00fchren, dass die Probe teilweise unscharf abgebildet wird. In der Folge k\u00f6nnen wichtige Merkmale \u00fcbersehen werden, der Benutzer erm\u00fcdet bei der Arbeit und die Inspektion verl\u00e4uft unvollst\u00e4ndig.  ZEISS Visioner 1 revolutioniert die visuelle Inspektion und Dokumentation. Mit dem Micro-mirror Array Lens System (MALS Technologie) ist es zum ersten Mal m\u00f6glich, Proben vollst\u00e4ndig scharf zu sehen \u2013 in Echtzeit. Und das sofort und immer wieder.   Inklusive Systemeinheit mit 1,3facher Vergr\u00f6\u00dferung  Vorsatzoptik 0,75x  koaxialem Auflicht  LED Ringleuchte  Beleuchtungsadapter  Controller  Stativ K  Gleittisch  Fu\u00dfschalter  Workstation  24&#8243;-Monitor und Software ZEN core<\/p>\n","protected":false},"excerpt":{"rendered":"<p>Erweiterte Tiefensch\u00e4rfe in Echtzeit Klassische Inspektionssysteme haben oft eine geringe Tiefensch\u00e4rfe: Das kann dazu f\u00fchren, dass die Probe teilweise unscharf abgebildet wird. In der Folge k\u00f6nnen wichtige Merkmale \u00fcbersehen werden, der Benutzer erm\u00fcdet bei der Arbeit und die Inspektion verl\u00e4uft unvollst\u00e4ndig. ZEISS Visioner 1 revolutioniert die visuelle Inspektion und Dokumentation. Mit dem Micro-mirror Array Lens [&hellip;]<\/p>\n","protected":false},"featured_media":0,"comment_status":"open","ping_status":"closed","template":"","meta":[],"product_brand":[],"product_cat":[15],"product_tag":[],"class_list":{"0":"post-1508","1":"product","2":"type-product","3":"status-publish","5":"product_cat-unkategorisiert","7":"first","8":"instock","9":"taxable","10":"shipping-taxable","11":"purchasable","12":"product-type-simple"},"jetpack_sharing_enabled":true,"_links":{"self":[{"href":"https:\/\/test.pulchlorenz.de\/index.php?rest_route=\/wp\/v2\/product\/1508","targetHints":{"allow":["GET"]}}],"collection":[{"href":"https:\/\/test.pulchlorenz.de\/index.php?rest_route=\/wp\/v2\/product"}],"about":[{"href":"https:\/\/test.pulchlorenz.de\/index.php?rest_route=\/wp\/v2\/types\/product"}],"replies":[{"embeddable":true,"href":"https:\/\/test.pulchlorenz.de\/index.php?rest_route=%2Fwp%2Fv2%2Fcomments&post=1508"}],"wp:attachment":[{"href":"https:\/\/test.pulchlorenz.de\/index.php?rest_route=%2Fwp%2Fv2%2Fmedia&parent=1508"}],"wp:term":[{"taxonomy":"product_brand","embeddable":true,"href":"https:\/\/test.pulchlorenz.de\/index.php?rest_route=%2Fwp%2Fv2%2Fproduct_brand&post=1508"},{"taxonomy":"product_cat","embeddable":true,"href":"https:\/\/test.pulchlorenz.de\/index.php?rest_route=%2Fwp%2Fv2%2Fproduct_cat&post=1508"},{"taxonomy":"product_tag","embeddable":true,"href":"https:\/\/test.pulchlorenz.de\/index.php?rest_route=%2Fwp%2Fv2%2Fproduct_tag&post=1508"}],"curies":[{"name":"wp","href":"https:\/\/api.w.org\/{rel}","templated":true}]}}