{"id":1516,"date":"2023-03-21T16:09:28","date_gmt":"2023-03-21T16:09:28","guid":{"rendered":"https:\/\/test.pulchlorenz.de\/?product=pl-measure-kostenlos"},"modified":"2023-03-21T16:09:28","modified_gmt":"2023-03-21T16:09:28","slug":"pl-measure-kostenlos","status":"publish","type":"product","link":"https:\/\/test.pulchlorenz.de\/?product=pl-measure-kostenlos","title":{"rendered":"PL Measure &#8211; kostenlos"},"content":{"rendered":"<p>Die Mikroskopsoftware PL Measure ist im Ausstattungsumfang unserer PL Dokucams enthalten.  Mit dieser Anwendung lassen sich neben den Standardfunktionen zur Einstellung der Kamera sowie Bild und Video speichern auch Skalierungen Speichern und einfache Me\u00dfoperationen ausf\u00fchren.  folgende Me\u00dffunktionen sind verf\u00fcgbar:  \t Linie (2-Punkt) \t Linie (Mehrpunkt) \t Vieleck \t Kreis (2-Punkt) \t Winkel (3-Punkt)   Au\u00dferdem gibt es die M\u00f6glichkeit Einblendungen im Livebild mit einem .lua-Skript zu erstellen bzw. manipulieren (Lineal, Zielkreuz, Gitternetz)\u00a0<\/p>\n","protected":false},"excerpt":{"rendered":"<p>Die Mikroskopsoftware PL Measure ist im Ausstattungsumfang unserer PL Dokucams enthalten. Mit dieser Anwendung lassen sich neben den Standardfunktionen zur Einstellung der Kamera sowie Bild und Video speichern auch Skalierungen Speichern und einfache Me\u00dfoperationen ausf\u00fchren. folgende Me\u00dffunktionen sind verf\u00fcgbar: Linie (2-Punkt) Linie (Mehrpunkt) Vieleck Kreis (2-Punkt) Winkel (3-Punkt) Au\u00dferdem gibt es die M\u00f6glichkeit Einblendungen im [&hellip;]<\/p>\n","protected":false},"featured_media":0,"comment_status":"open","ping_status":"closed","template":"","meta":[],"product_brand":[],"product_cat":[15],"product_tag":[],"class_list":{"0":"post-1516","1":"product","2":"type-product","3":"status-publish","5":"product_cat-unkategorisiert","7":"first","8":"instock","9":"taxable","10":"shipping-taxable","11":"purchasable","12":"product-type-simple"},"jetpack_sharing_enabled":true,"_links":{"self":[{"href":"https:\/\/test.pulchlorenz.de\/index.php?rest_route=\/wp\/v2\/product\/1516","targetHints":{"allow":["GET"]}}],"collection":[{"href":"https:\/\/test.pulchlorenz.de\/index.php?rest_route=\/wp\/v2\/product"}],"about":[{"href":"https:\/\/test.pulchlorenz.de\/index.php?rest_route=\/wp\/v2\/types\/product"}],"replies":[{"embeddable":true,"href":"https:\/\/test.pulchlorenz.de\/index.php?rest_route=%2Fwp%2Fv2%2Fcomments&post=1516"}],"wp:attachment":[{"href":"https:\/\/test.pulchlorenz.de\/index.php?rest_route=%2Fwp%2Fv2%2Fmedia&parent=1516"}],"wp:term":[{"taxonomy":"product_brand","embeddable":true,"href":"https:\/\/test.pulchlorenz.de\/index.php?rest_route=%2Fwp%2Fv2%2Fproduct_brand&post=1516"},{"taxonomy":"product_cat","embeddable":true,"href":"https:\/\/test.pulchlorenz.de\/index.php?rest_route=%2Fwp%2Fv2%2Fproduct_cat&post=1516"},{"taxonomy":"product_tag","embeddable":true,"href":"https:\/\/test.pulchlorenz.de\/index.php?rest_route=%2Fwp%2Fv2%2Fproduct_tag&post=1516"}],"curies":[{"name":"wp","href":"https:\/\/api.w.org\/{rel}","templated":true}]}}