{"id":1523,"date":"2023-03-21T16:09:29","date_gmt":"2023-03-21T16:09:29","guid":{"rendered":"https:\/\/test.pulchlorenz.de\/?product=fluoreszenzkamera-axiocam-506-mono-usb3-6mp-1quot"},"modified":"2023-03-21T16:09:29","modified_gmt":"2023-03-21T16:09:29","slug":"fluoreszenzkamera-axiocam-506-mono-usb3-6mp-1quot","status":"publish","type":"product","link":"https:\/\/test.pulchlorenz.de\/?product=fluoreszenzkamera-axiocam-506-mono-usb3-6mp-1quot","title":{"rendered":"Fluoreszenzkamera Axiocam 506 mono (USB3, 6MP, 1&amp;quot;)"},"content":{"rendered":"<p>High Performance 1 CCD-Mikroskopie-Kamera  \t inkl. Treiber-Software, USB 3.0 PCIe x1 Interface, Dual USB 3.0\/USB 2.0 Kabel 3 m und Schutzglas BK7 (verg\u00fctet) \t Anzahl der Pixel: 2752 (H) x 2208 (V) = 6 Mega Pixel \t Pixelgr\u00f6\u00dfe: 4,54 \u00b5m x 4,54 \u00b5m \t Chipgr\u00f6\u00dfe: 12 mm x 10 mm, entspricht 1&#8243; (Diagonale 16 mm) \t Spektrale Empfindlichkeit: mit Schutzglas ca. 400 nm bis 1000 nm \t Max. Ladungsmenge pro Pixel: Ca. 15.000 e Full Well Capacity \t \t W\u00e4hlbare Aufl\u00f6sung: H x V Binning Faktor \t \t\t 2752 x 2208 1&#215;1 Basis-Aufl\u00f6sung \t\t 1376 x 1104 2&#215;2 \t\t 912 x 736 3&#215;3 \t\t 688 x 552 4&#215;4 \t\t 554 x 440 5&#215;5 \t \t \t \t Live Bildwiederholraten (abh\u00e4ngig von Hardware- und Softwarekonfiguration) Belichtungszeit 10ms, 39 Mhz Pixeltakt, Quadport-Auslesemodus: H x V Binning Faktor Bildrate \t \t\t 2752 x 2208 1 19 \t\t 1376 x 1104 2 33 \t\t 912 x 736 3 51 \t \t \t \t Bildwiederholraten bei Zeitreihenaufnahmen &#8222;Continuous Mode&#8220; mit 39 Mhz Pixeltakt und Quadport-Auslesemodus (abh\u00e4ngig von Hardware- und Softwarekonfiguration): H x V Binning Faktor Bildrate \t \t\t 2752 x 2208 1 20 \t\t 1376 x 1104 2 34 \t\t 912 x 736 3 44 \t\t 688 x 552 4 52 \t\t 554 x 440 5 58 \t \t \t Zeitreihenaufnahme mit maximaler Rate \u00fcber &#8222;Burst Mode&#8220;-Funktion \t Auslesen von Sensorteilbereichen (&#8222;ROI&#8220;): Frei definierbar Digitalisierung: 14 Bit \/ 39 MHz oder 13 MHz Pixeltakt \t Sensor-Port Umschaltung: Single-, Dual- Quadport, Automatic-Mode \t Dynamik: Typisch >2500 : 1 (>68 dB) bei typ 6,5 e Ausleserauschen (39Mhz), Dunkelstrom: ca. 0,06 e\/p\/s Integrationszeit: 1 ms bis 60 s K\u00fchlung: einstufige, geregelte Peltier-K\u00fchlung auf 18\u00b0C Sensortemperatur, Zus\u00e4tzliche digitale Dunkelstromkorrektur, Acht vorladbare Bildparameters\u00e4tze f\u00fcr schnellen Parameterwechsel, \u00dcbertragung von Aufnahme-Zeitstempel mit Bilddaten, Status-LED Kamera: farbcodierte Anzeige f\u00fcr Betriebsstatus, dimmbar, Status-LED Trigger: farbcodierte Anzeige f\u00fcr Zustand Triggersignale, dimmbar \t Steuersignalanschl\u00fcsse: Galvanisch getrennte I\/O-Signale f\u00fcr Belichtungszeit, Auslesezeit, Ready (z.B. zur Steuerung von externen elektrischen Verschl\u00fcssen), 1 Trigger-In f\u00fcr Start Aufnahme, 5V Hilfsspannung, GND \t Interface: USB 3.0, 240 MBytes\/s, 3m Doppel-USB Kabel mit USB3.0 und USB 2.0 Optionaler Betrieb an USB 2.0 bei reduzierter Bildrate m\u00f6glich, Optionaler Betrieb ohne K\u00fchlung bei kurzen Belichtungszeiten bei verringerter Leistungsaufnahme m\u00f6glich \t Optische Schnittstelle: C-Mount, Teflon beschichtetes Gewinde, Eindringtiefe f\u00fcr Objektive: Max. 5 mm Max. \t Dateigr\u00f6\u00dfe pro Bild: ca. 12,1 MB bei 2752 x 2208 mit 14 Bit\/Pixel \t Gr\u00f6\u00dfe \/ Gewicht: ca. 10,8 cm x 7,8 cm x 4,3 cm \/ 500 g \t Geh\u00e4use: Blau eloxiertes Aluminium mit K\u00fchlrippen, 1\/4&#8243; Foto- Gewindeanschluss \t Zulassungen: CE \t Stromversorgung \u00fcber PC: USB 3.0 Kabel f\u00fcr die Kameraelektronik, USB 2.0 Kabel f\u00fcr Peltierk\u00fchlung, Leistungsaufnahme: 7 W (5V, 1,4A) \t Umgebungsbedingungen: +5\u00b0 &#8230; +35\u00b0 Celsius, max. 80% relative Luftfeuchtigkeit, nicht kondensierend, freie Luftzirkulation erforderlich \t Unterst\u00fctzte Betriebssysteme: Windows 7 x64 Ultimate SP1 (ZEN 2012 SP2 (blue edition) oder h\u00f6her) \t inkl. Software ZEISS ZEN 2 Starter  &#8222;<\/p>\n","protected":false},"excerpt":{"rendered":"<p>High Performance 1 CCD-Mikroskopie-Kamera inkl. Treiber-Software, USB 3.0 PCIe x1 Interface, Dual USB 3.0\/USB 2.0 Kabel 3 m und Schutzglas BK7 (verg\u00fctet) Anzahl der Pixel: 2752 (H) x 2208 (V) = 6 Mega Pixel Pixelgr\u00f6\u00dfe: 4,54 \u00b5m x 4,54 \u00b5m Chipgr\u00f6\u00dfe: 12 mm x 10 mm, entspricht 1&#8243; (Diagonale 16 mm) Spektrale Empfindlichkeit: mit Schutzglas [&hellip;]<\/p>\n","protected":false},"featured_media":0,"comment_status":"open","ping_status":"closed","template":"","meta":[],"product_brand":[],"product_cat":[15],"product_tag":[],"class_list":{"0":"post-1523","1":"product","2":"type-product","3":"status-publish","5":"product_cat-unkategorisiert","7":"first","8":"instock","9":"taxable","10":"shipping-taxable","11":"purchasable","12":"product-type-simple"},"jetpack_sharing_enabled":true,"_links":{"self":[{"href":"https:\/\/test.pulchlorenz.de\/index.php?rest_route=\/wp\/v2\/product\/1523","targetHints":{"allow":["GET"]}}],"collection":[{"href":"https:\/\/test.pulchlorenz.de\/index.php?rest_route=\/wp\/v2\/product"}],"about":[{"href":"https:\/\/test.pulchlorenz.de\/index.php?rest_route=\/wp\/v2\/types\/product"}],"replies":[{"embeddable":true,"href":"https:\/\/test.pulchlorenz.de\/index.php?rest_route=%2Fwp%2Fv2%2Fcomments&post=1523"}],"wp:attachment":[{"href":"https:\/\/test.pulchlorenz.de\/index.php?rest_route=%2Fwp%2Fv2%2Fmedia&parent=1523"}],"wp:term":[{"taxonomy":"product_brand","embeddable":true,"href":"https:\/\/test.pulchlorenz.de\/index.php?rest_route=%2Fwp%2Fv2%2Fproduct_brand&post=1523"},{"taxonomy":"product_cat","embeddable":true,"href":"https:\/\/test.pulchlorenz.de\/index.php?rest_route=%2Fwp%2Fv2%2Fproduct_cat&post=1523"},{"taxonomy":"product_tag","embeddable":true,"href":"https:\/\/test.pulchlorenz.de\/index.php?rest_route=%2Fwp%2Fv2%2Fproduct_tag&post=1523"}],"curies":[{"name":"wp","href":"https:\/\/api.w.org\/{rel}","templated":true}]}}