{"id":1543,"date":"2023-03-21T16:09:35","date_gmt":"2023-03-21T16:09:35","guid":{"rendered":"https:\/\/test.pulchlorenz.de\/?product=kabelkanal-set-fuer-flexi-federgelenkarm-und-hinterrohr"},"modified":"2023-03-21T16:09:35","modified_gmt":"2023-03-21T16:09:35","slug":"kabelkanal-set-fuer-flexi-federgelenkarm-und-hinterrohr","status":"publish","type":"product","link":"https:\/\/test.pulchlorenz.de\/?product=kabelkanal-set-fuer-flexi-federgelenkarm-und-hinterrohr","title":{"rendered":"Kabelkanal Set  f\u00fcr Flexi-Federgelenkarm und Hinterrohr"},"content":{"rendered":"<p>Ein Kabelkanal f\u00fcr eine ordentliche Kabelf\u00fchrung an Ihrem Flexi Stativ. Geeignet, um die Stromversorgung f\u00fcr Ihre Mikroskopbeleuchtung oder das Datenkabel einer Mikroskopkamera sicher zu verstauen.\u00a0Besteht aus zwei Kabelkanalschienen, eine f\u00fcr Federgelenkarm und eine f\u00fcr ein vorhandenes Hinterrohr.  Das Set besteht aus:  \t Kabelkanal f\u00fcr Flexi-Federgelenkarm \t Kabelkanal f\u00fcr 300mm Hinterrohr \t Abstandshalter \t Schrauben<\/p>\n","protected":false},"excerpt":{"rendered":"<p>Ein Kabelkanal f\u00fcr eine ordentliche Kabelf\u00fchrung an Ihrem Flexi Stativ. Geeignet, um die Stromversorgung f\u00fcr Ihre Mikroskopbeleuchtung oder das Datenkabel einer Mikroskopkamera sicher zu verstauen.\u00a0Besteht aus zwei Kabelkanalschienen, eine f\u00fcr Federgelenkarm und eine f\u00fcr ein vorhandenes Hinterrohr. Das Set besteht aus: Kabelkanal f\u00fcr Flexi-Federgelenkarm Kabelkanal f\u00fcr 300mm Hinterrohr Abstandshalter Schrauben<\/p>\n","protected":false},"featured_media":0,"comment_status":"open","ping_status":"closed","template":"","meta":[],"product_brand":[],"product_cat":[15],"product_tag":[],"class_list":{"0":"post-1543","1":"product","2":"type-product","3":"status-publish","5":"product_cat-unkategorisiert","7":"first","8":"instock","9":"taxable","10":"shipping-taxable","11":"purchasable","12":"product-type-simple"},"jetpack_sharing_enabled":true,"_links":{"self":[{"href":"https:\/\/test.pulchlorenz.de\/index.php?rest_route=\/wp\/v2\/product\/1543","targetHints":{"allow":["GET"]}}],"collection":[{"href":"https:\/\/test.pulchlorenz.de\/index.php?rest_route=\/wp\/v2\/product"}],"about":[{"href":"https:\/\/test.pulchlorenz.de\/index.php?rest_route=\/wp\/v2\/types\/product"}],"replies":[{"embeddable":true,"href":"https:\/\/test.pulchlorenz.de\/index.php?rest_route=%2Fwp%2Fv2%2Fcomments&post=1543"}],"wp:attachment":[{"href":"https:\/\/test.pulchlorenz.de\/index.php?rest_route=%2Fwp%2Fv2%2Fmedia&parent=1543"}],"wp:term":[{"taxonomy":"product_brand","embeddable":true,"href":"https:\/\/test.pulchlorenz.de\/index.php?rest_route=%2Fwp%2Fv2%2Fproduct_brand&post=1543"},{"taxonomy":"product_cat","embeddable":true,"href":"https:\/\/test.pulchlorenz.de\/index.php?rest_route=%2Fwp%2Fv2%2Fproduct_cat&post=1543"},{"taxonomy":"product_tag","embeddable":true,"href":"https:\/\/test.pulchlorenz.de\/index.php?rest_route=%2Fwp%2Fv2%2Fproduct_tag&post=1543"}],"curies":[{"name":"wp","href":"https:\/\/api.w.org\/{rel}","templated":true}]}}