{"id":1547,"date":"2023-03-21T16:09:36","date_gmt":"2023-03-21T16:09:36","guid":{"rendered":"https:\/\/test.pulchlorenz.de\/?product=mikstaled-l-stativ-ohne-beleuchtung"},"modified":"2023-03-21T16:09:36","modified_gmt":"2023-03-21T16:09:36","slug":"mikstaled-l-stativ-ohne-beleuchtung","status":"publish","type":"product","link":"https:\/\/test.pulchlorenz.de\/?product=mikstaled-l-stativ-ohne-beleuchtung","title":{"rendered":"MikstaLED L Stativ ohne Beleuchtung"},"content":{"rendered":"<p>Mit seiner kompakten Bauform und einer H\u00f6he von lediglich 21mm erm\u00f6glicht das Auflichtstativ MikstaLED einen ergonomischen und flexiblen Einsatz an fast jedem Arbeitsplatz.  Die Edelstahls\u00e4ule ist mit 32 mm Durchmesser kompatibel zu den g\u00e4ngigen Mikroskopaufnahmen \/ -Trieben und eignet sich mit 400mm H\u00f6he besonders f\u00fcr die meisten Anwendungen mit Zeiss Stemi DV4 \/ DV4 Spot, Stemi 2000 \/ 2000-C \/ 2000-CS sowie SteREO Discovery V8, V12 Mikroskopen.  inkl. Feintrieb passend zur 32mm-S\u00e4ule<\/p>\n","protected":false},"excerpt":{"rendered":"<p>Mit seiner kompakten Bauform und einer H\u00f6he von lediglich 21mm erm\u00f6glicht das Auflichtstativ MikstaLED einen ergonomischen und flexiblen Einsatz an fast jedem Arbeitsplatz. Die Edelstahls\u00e4ule ist mit 32 mm Durchmesser kompatibel zu den g\u00e4ngigen Mikroskopaufnahmen \/ -Trieben und eignet sich mit 400mm H\u00f6he besonders f\u00fcr die meisten Anwendungen mit Zeiss Stemi DV4 \/ DV4 Spot, [&hellip;]<\/p>\n","protected":false},"featured_media":0,"comment_status":"open","ping_status":"closed","template":"","meta":[],"product_brand":[],"product_cat":[15],"product_tag":[],"class_list":{"0":"post-1547","1":"product","2":"type-product","3":"status-publish","5":"product_cat-unkategorisiert","7":"first","8":"instock","9":"taxable","10":"shipping-taxable","11":"purchasable","12":"product-type-simple"},"jetpack_sharing_enabled":true,"_links":{"self":[{"href":"https:\/\/test.pulchlorenz.de\/index.php?rest_route=\/wp\/v2\/product\/1547","targetHints":{"allow":["GET"]}}],"collection":[{"href":"https:\/\/test.pulchlorenz.de\/index.php?rest_route=\/wp\/v2\/product"}],"about":[{"href":"https:\/\/test.pulchlorenz.de\/index.php?rest_route=\/wp\/v2\/types\/product"}],"replies":[{"embeddable":true,"href":"https:\/\/test.pulchlorenz.de\/index.php?rest_route=%2Fwp%2Fv2%2Fcomments&post=1547"}],"wp:attachment":[{"href":"https:\/\/test.pulchlorenz.de\/index.php?rest_route=%2Fwp%2Fv2%2Fmedia&parent=1547"}],"wp:term":[{"taxonomy":"product_brand","embeddable":true,"href":"https:\/\/test.pulchlorenz.de\/index.php?rest_route=%2Fwp%2Fv2%2Fproduct_brand&post=1547"},{"taxonomy":"product_cat","embeddable":true,"href":"https:\/\/test.pulchlorenz.de\/index.php?rest_route=%2Fwp%2Fv2%2Fproduct_cat&post=1547"},{"taxonomy":"product_tag","embeddable":true,"href":"https:\/\/test.pulchlorenz.de\/index.php?rest_route=%2Fwp%2Fv2%2Fproduct_tag&post=1547"}],"curies":[{"name":"wp","href":"https:\/\/api.w.org\/{rel}","templated":true}]}}