{"id":1555,"date":"2023-03-21T16:09:37","date_gmt":"2023-03-21T16:09:37","guid":{"rendered":"https:\/\/test.pulchlorenz.de\/?product=durchlichttisch-quottls-bfquot-hellfeld"},"modified":"2023-03-21T16:09:37","modified_gmt":"2023-03-21T16:09:37","slug":"durchlichttisch-quottls-bfquot-hellfeld","status":"publish","type":"product","link":"https:\/\/test.pulchlorenz.de\/?product=durchlichttisch-quottls-bfquot-hellfeld","title":{"rendered":"Durchlichttisch &amp;quot;TLS-BF&amp;quot; Hellfeld"},"content":{"rendered":"<p>Die EasyLED Serie ist ein innovatives Beleuchtungssystem speziell entwickelt f\u00fcr die Stereomikroskopie.  Durchlichtbasis f\u00fcr Hellfeld-Anwendungen,kompatibel zu allen  VisiLED-Controllern .  \t Der Au\u00dfendurchmesser der Basis betr\u00e4gt 84mm, Adaptionen f\u00fcr 90\/100\/120\/180 mm sind verf\u00fcgbar. \t 48 weisse LEDs in 8 Segmenten, Farbtemperatur ca. 5600K \t Lichtdichte bis zu 20,000 cd\/m\u00b2 \t Beleuchtete Fl\u00e4che mit 50mm Durchmesser<\/p>\n","protected":false},"excerpt":{"rendered":"<p>Die EasyLED Serie ist ein innovatives Beleuchtungssystem speziell entwickelt f\u00fcr die Stereomikroskopie. Durchlichtbasis f\u00fcr Hellfeld-Anwendungen,kompatibel zu allen VisiLED-Controllern . Der Au\u00dfendurchmesser der Basis betr\u00e4gt 84mm, Adaptionen f\u00fcr 90\/100\/120\/180 mm sind verf\u00fcgbar. 48 weisse LEDs in 8 Segmenten, Farbtemperatur ca. 5600K Lichtdichte bis zu 20,000 cd\/m\u00b2 Beleuchtete Fl\u00e4che mit 50mm Durchmesser<\/p>\n","protected":false},"featured_media":0,"comment_status":"open","ping_status":"closed","template":"","meta":[],"product_brand":[],"product_cat":[15],"product_tag":[],"class_list":{"0":"post-1555","1":"product","2":"type-product","3":"status-publish","5":"product_cat-unkategorisiert","7":"first","8":"instock","9":"taxable","10":"shipping-taxable","11":"purchasable","12":"product-type-simple"},"jetpack_sharing_enabled":true,"_links":{"self":[{"href":"https:\/\/test.pulchlorenz.de\/index.php?rest_route=\/wp\/v2\/product\/1555","targetHints":{"allow":["GET"]}}],"collection":[{"href":"https:\/\/test.pulchlorenz.de\/index.php?rest_route=\/wp\/v2\/product"}],"about":[{"href":"https:\/\/test.pulchlorenz.de\/index.php?rest_route=\/wp\/v2\/types\/product"}],"replies":[{"embeddable":true,"href":"https:\/\/test.pulchlorenz.de\/index.php?rest_route=%2Fwp%2Fv2%2Fcomments&post=1555"}],"wp:attachment":[{"href":"https:\/\/test.pulchlorenz.de\/index.php?rest_route=%2Fwp%2Fv2%2Fmedia&parent=1555"}],"wp:term":[{"taxonomy":"product_brand","embeddable":true,"href":"https:\/\/test.pulchlorenz.de\/index.php?rest_route=%2Fwp%2Fv2%2Fproduct_brand&post=1555"},{"taxonomy":"product_cat","embeddable":true,"href":"https:\/\/test.pulchlorenz.de\/index.php?rest_route=%2Fwp%2Fv2%2Fproduct_cat&post=1555"},{"taxonomy":"product_tag","embeddable":true,"href":"https:\/\/test.pulchlorenz.de\/index.php?rest_route=%2Fwp%2Fv2%2Fproduct_tag&post=1555"}],"curies":[{"name":"wp","href":"https:\/\/api.w.org\/{rel}","templated":true}]}}