{"id":1565,"date":"2023-03-21T16:09:38","date_gmt":"2023-03-21T16:09:38","guid":{"rendered":"https:\/\/test.pulchlorenz.de\/?product=visiled-led-ringlicht-fuer-intensives-hellfeld-quots-80-25quot"},"modified":"2023-03-21T16:09:38","modified_gmt":"2023-03-21T16:09:38","slug":"visiled-led-ringlicht-fuer-intensives-hellfeld-quots-80-25quot","status":"publish","type":"product","link":"https:\/\/test.pulchlorenz.de\/?product=visiled-led-ringlicht-fuer-intensives-hellfeld-quots-80-25quot","title":{"rendered":"VisiLED LED-Ringlicht f\u00fcr intensives Hellfeld &amp;quot;S 80-25&amp;quot;"},"content":{"rendered":"<p>VisiLED-Ringlicht, kompatibel zu allen  VisiLED-Controllern .  Innendurchme\u00dfer \u00d8i = 66 mm Arbeitsabstand 25-55 mm 80 wei\u00dfe LEDs in 8 Segmenten max. Lichtintensit\u00e4t 200 klx (bei 30mm Arbeitsabstand)<\/p>\n","protected":false},"excerpt":{"rendered":"<p>VisiLED-Ringlicht, kompatibel zu allen VisiLED-Controllern . Innendurchme\u00dfer \u00d8i = 66 mm Arbeitsabstand 25-55 mm 80 wei\u00dfe LEDs in 8 Segmenten max. Lichtintensit\u00e4t 200 klx (bei 30mm Arbeitsabstand)<\/p>\n","protected":false},"featured_media":0,"comment_status":"open","ping_status":"closed","template":"","meta":[],"product_brand":[],"product_cat":[15],"product_tag":[],"class_list":{"0":"post-1565","1":"product","2":"type-product","3":"status-publish","5":"product_cat-unkategorisiert","7":"first","8":"instock","9":"taxable","10":"shipping-taxable","11":"purchasable","12":"product-type-simple"},"jetpack_sharing_enabled":true,"_links":{"self":[{"href":"https:\/\/test.pulchlorenz.de\/index.php?rest_route=\/wp\/v2\/product\/1565","targetHints":{"allow":["GET"]}}],"collection":[{"href":"https:\/\/test.pulchlorenz.de\/index.php?rest_route=\/wp\/v2\/product"}],"about":[{"href":"https:\/\/test.pulchlorenz.de\/index.php?rest_route=\/wp\/v2\/types\/product"}],"replies":[{"embeddable":true,"href":"https:\/\/test.pulchlorenz.de\/index.php?rest_route=%2Fwp%2Fv2%2Fcomments&post=1565"}],"wp:attachment":[{"href":"https:\/\/test.pulchlorenz.de\/index.php?rest_route=%2Fwp%2Fv2%2Fmedia&parent=1565"}],"wp:term":[{"taxonomy":"product_brand","embeddable":true,"href":"https:\/\/test.pulchlorenz.de\/index.php?rest_route=%2Fwp%2Fv2%2Fproduct_brand&post=1565"},{"taxonomy":"product_cat","embeddable":true,"href":"https:\/\/test.pulchlorenz.de\/index.php?rest_route=%2Fwp%2Fv2%2Fproduct_cat&post=1565"},{"taxonomy":"product_tag","embeddable":true,"href":"https:\/\/test.pulchlorenz.de\/index.php?rest_route=%2Fwp%2Fv2%2Fproduct_tag&post=1565"}],"curies":[{"name":"wp","href":"https:\/\/api.w.org\/{rel}","templated":true}]}}