{"id":1571,"date":"2023-03-21T16:09:40","date_gmt":"2023-03-21T16:09:40","guid":{"rendered":"https:\/\/test.pulchlorenz.de\/?product=zen-toolkit-gxp"},"modified":"2023-03-21T16:09:40","modified_gmt":"2023-03-21T16:09:40","slug":"zen-toolkit-gxp","status":"publish","type":"product","link":"https:\/\/test.pulchlorenz.de\/?product=zen-toolkit-gxp","title":{"rendered":"ZEN Toolkit GxP"},"content":{"rendered":"<p>Das GxP Toolkit f\u00fcr ZEN core erlaubt es dem Benutzer, sein System 21 CFR Part 11 konform zu erkl\u00e4ren, wenn eine Validierung des Systems durchgef\u00fchrt wird. Das GxP Toolkit enth\u00e4lt folgende Funktionen: &#8211; Audit Trail &#8211; Pr\u00fcfsummenverschl\u00fcsselung und elektronische Signatur von Ergebnisdaten und Jobvorlagen im ZEN core Archiv &#8211; Freigabeverfahren f\u00fcr Jobvorlagen &#8211; Verschiedene Benutzerrollen (z.B. Operator und Supervisor) erm\u00f6glichen den konfigurierbaren Zugriff auf das System Hinweis: Die Systemvalidierung ist nicht im Toolkit enthalten und muss von ZEISS oder anderen Personen durchgef\u00fchrt werden, die im GxP- Validierungsprozess geschult und zertifiziert sind.<\/p>\n","protected":false},"excerpt":{"rendered":"<p>Das GxP Toolkit f\u00fcr ZEN core erlaubt es dem Benutzer, sein System 21 CFR Part 11 konform zu erkl\u00e4ren, wenn eine Validierung des Systems durchgef\u00fchrt wird. Das GxP Toolkit enth\u00e4lt folgende Funktionen: &#8211; Audit Trail &#8211; Pr\u00fcfsummenverschl\u00fcsselung und elektronische Signatur von Ergebnisdaten und Jobvorlagen im ZEN core Archiv &#8211; Freigabeverfahren f\u00fcr Jobvorlagen &#8211; Verschiedene Benutzerrollen [&hellip;]<\/p>\n","protected":false},"featured_media":0,"comment_status":"open","ping_status":"closed","template":"","meta":[],"product_brand":[],"product_cat":[15],"product_tag":[],"class_list":{"0":"post-1571","1":"product","2":"type-product","3":"status-publish","5":"product_cat-unkategorisiert","7":"first","8":"instock","9":"taxable","10":"shipping-taxable","11":"purchasable","12":"product-type-simple"},"jetpack_sharing_enabled":true,"_links":{"self":[{"href":"https:\/\/test.pulchlorenz.de\/index.php?rest_route=\/wp\/v2\/product\/1571","targetHints":{"allow":["GET"]}}],"collection":[{"href":"https:\/\/test.pulchlorenz.de\/index.php?rest_route=\/wp\/v2\/product"}],"about":[{"href":"https:\/\/test.pulchlorenz.de\/index.php?rest_route=\/wp\/v2\/types\/product"}],"replies":[{"embeddable":true,"href":"https:\/\/test.pulchlorenz.de\/index.php?rest_route=%2Fwp%2Fv2%2Fcomments&post=1571"}],"wp:attachment":[{"href":"https:\/\/test.pulchlorenz.de\/index.php?rest_route=%2Fwp%2Fv2%2Fmedia&parent=1571"}],"wp:term":[{"taxonomy":"product_brand","embeddable":true,"href":"https:\/\/test.pulchlorenz.de\/index.php?rest_route=%2Fwp%2Fv2%2Fproduct_brand&post=1571"},{"taxonomy":"product_cat","embeddable":true,"href":"https:\/\/test.pulchlorenz.de\/index.php?rest_route=%2Fwp%2Fv2%2Fproduct_cat&post=1571"},{"taxonomy":"product_tag","embeddable":true,"href":"https:\/\/test.pulchlorenz.de\/index.php?rest_route=%2Fwp%2Fv2%2Fproduct_tag&post=1571"}],"curies":[{"name":"wp","href":"https:\/\/api.w.org\/{rel}","templated":true}]}}