{"id":1572,"date":"2023-03-21T16:09:40","date_gmt":"2023-03-21T16:09:40","guid":{"rendered":"https:\/\/test.pulchlorenz.de\/?product=zen-toolkit-3d"},"modified":"2023-03-21T16:09:40","modified_gmt":"2023-03-21T16:09:40","slug":"zen-toolkit-3d","status":"publish","type":"product","link":"https:\/\/test.pulchlorenz.de\/?product=zen-toolkit-3d","title":{"rendered":"ZEN Toolkit 3D"},"content":{"rendered":"<p>Dieses Paket umfasst einen 3D-Viewer sowie 3D-Bildanalysetools. Mit der Bildanalyse kann der ZEN-Benutzer 3D*-Bilder schnell und einfach quantifizieren. Das Paket bietet einen Assistenten zum Erstellen und Anpassen automatischer Messprogramme. Diese Messprogramme k\u00f6nnen anschlie\u00dfend f\u00fcr die automatische Analyse von Bilddaten verwendet werden. Der Assistent bietet Methoden zur flexiblen Klassendefinition und zur hierarchischen Messung. Der Benutzer kann zwischen verschiedenen Algorithmen zur Segmentierung, Objekttrennung und verschiedenen Bereichsfiltern w\u00e4hlen. Zus\u00e4tzlich k\u00f6nnen maschinelle Lernmodelle f\u00fcr die Segmentierung verwendet werden (AI-ready&#8220;). Die Messfunktionen umfassen verschiedene geometrische und Intensit\u00e4tsmessungen, sowie benutzerdefinierte Messparameter*. Die resultierenden 3D-Objekte werden mit dem 3Dxl-Viewer visualisiert. Die resultierenden Objekte k\u00f6nnen sortiert und exportiert werden. (*nicht verf\u00fcgbar in ZEN core) &#8222;<\/p>\n","protected":false},"excerpt":{"rendered":"<p>Dieses Paket umfasst einen 3D-Viewer sowie 3D-Bildanalysetools. Mit der Bildanalyse kann der ZEN-Benutzer 3D*-Bilder schnell und einfach quantifizieren. Das Paket bietet einen Assistenten zum Erstellen und Anpassen automatischer Messprogramme. Diese Messprogramme k\u00f6nnen anschlie\u00dfend f\u00fcr die automatische Analyse von Bilddaten verwendet werden. Der Assistent bietet Methoden zur flexiblen Klassendefinition und zur hierarchischen Messung. Der Benutzer kann [&hellip;]<\/p>\n","protected":false},"featured_media":0,"comment_status":"open","ping_status":"closed","template":"","meta":[],"product_brand":[],"product_cat":[15],"product_tag":[],"class_list":{"0":"post-1572","1":"product","2":"type-product","3":"status-publish","5":"product_cat-unkategorisiert","7":"first","8":"instock","9":"taxable","10":"shipping-taxable","11":"purchasable","12":"product-type-simple"},"jetpack_sharing_enabled":true,"_links":{"self":[{"href":"https:\/\/test.pulchlorenz.de\/index.php?rest_route=\/wp\/v2\/product\/1572","targetHints":{"allow":["GET"]}}],"collection":[{"href":"https:\/\/test.pulchlorenz.de\/index.php?rest_route=\/wp\/v2\/product"}],"about":[{"href":"https:\/\/test.pulchlorenz.de\/index.php?rest_route=\/wp\/v2\/types\/product"}],"replies":[{"embeddable":true,"href":"https:\/\/test.pulchlorenz.de\/index.php?rest_route=%2Fwp%2Fv2%2Fcomments&post=1572"}],"wp:attachment":[{"href":"https:\/\/test.pulchlorenz.de\/index.php?rest_route=%2Fwp%2Fv2%2Fmedia&parent=1572"}],"wp:term":[{"taxonomy":"product_brand","embeddable":true,"href":"https:\/\/test.pulchlorenz.de\/index.php?rest_route=%2Fwp%2Fv2%2Fproduct_brand&post=1572"},{"taxonomy":"product_cat","embeddable":true,"href":"https:\/\/test.pulchlorenz.de\/index.php?rest_route=%2Fwp%2Fv2%2Fproduct_cat&post=1572"},{"taxonomy":"product_tag","embeddable":true,"href":"https:\/\/test.pulchlorenz.de\/index.php?rest_route=%2Fwp%2Fv2%2Fproduct_tag&post=1572"}],"curies":[{"name":"wp","href":"https:\/\/api.w.org\/{rel}","templated":true}]}}