{"id":1580,"date":"2023-03-21T16:09:41","date_gmt":"2023-03-21T16:09:41","guid":{"rendered":"https:\/\/test.pulchlorenz.de\/?product=mikroskopkoerper-stemi-305-esd"},"modified":"2023-03-21T16:09:41","modified_gmt":"2023-03-21T16:09:41","slug":"mikroskopkoerper-stemi-305-esd","status":"publish","type":"product","link":"https:\/\/test.pulchlorenz.de\/?product=mikroskopkoerper-stemi-305-esd","title":{"rendered":"Mikroskopk\u00f6rper Stemi 305 ESD"},"content":{"rendered":"<p>Stemi 305 ist Ihr kompaktes Greenough-Stereomikroskop f\u00fcr den Biologieunterricht, das Labor genauso wie industrielle Produktionsumgebungen.Durch einen 5:1 Zoom sind ohne Vorsatzsystem Vergr\u00f6\u00dferungen von 8-fach bis 40-fach m\u00f6glich (mit Vorsatzsystemen 4-fach bis 80-fach).  Dies ist die ESD-f\u00e4hige Variante der Standardausf\u00fchrung des Mikroskopk\u00f6rpers.    Mikroskopk\u00f6rper Stemi 305 ESD   \t Greenough-System mit Stereowinkel 11\u00b0 \t ESD-Schutzfunktion: Antistatische Oberfl\u00e4che \t Manueller, beidseitig bedienbarer Zoom 5:1 (0,8x&#8230;4,0x) \t Feste Zoom-Rastpositionen 0,8x-1x-2x-3x-4x \t Freier Arbeitsabstand 110 mm \t Einblickwinkel 45\u00b0 mit einstellbarer Augenabstand 55&#8230;75 mm \t Okularaufnahme 30 mm mit maximale Sehfeldzahl 23 mm \t Aufnahme D=76 mm f\u00fcr Stemi-Tr\u00e4ger\/Tr\u00e4ger S \t Schnittstelle D=66 mm f\u00fcr Leuchten \t Gewinde M52 f\u00fcr Vorsatzoptik oder Polarisator \t Nahe senkrecht integrierte LED-Beleuchtung (IVI) f\u00fcr Stative K EDU\/LAB\/MAT oder Controller K LED Zus\u00e4tzlich enthalten: \t 2x Okular 10x\/23 Br. foc. \t Spiralkabel RJ12    kompatibel zu allen  P+L Flexi-Stative  und    MikstaLED-Tischstative           \t \t\t \t\t\t Stemi 305 \t\t\t Okulare PL 10x 23 Br. foc. \t\t\t Okulare PL 16x 14 Br. foc. \t\t\t 25x &#8211;>\t\t \t\t \t\t\t Frontoptik \t\t\t Arbeitsabstand \t\t\t(FWD) in mm \t\t\t Vergr\u00f6\u00dferung \t\t\t Objektfeld \t\t\tin mm \t\t\t Vergr\u00f6\u00dferung \t\t\t Objektfeld \t\t\tin mm \t\t\t Vergr\u00f6\u00dferung \t\t Objektfeld in mm \t\t&#8211;>\t\t \t\t \t\t\t 0,5x \t\t\t 185 \t\t\t 4x bis 20x \t\t\t 57,5 bis 11,5 \t\t\t 6,4x bis 32x \t\t\t 35 bis 7 \t\t\t 10x bis 50x \t\t 25,0 bis 5,0 &#8211;>\t\t \t\t \t\t\t 0,75x \t\t\t 128 \t\t\t 6x bis 30x \t\t\t 38,3 bis 7,7 \t\t\t 9,6x bis 48x \t\t\t 23,3 bis 4,7 \t\t\t 15x bis 75x \t\t 16,7 bis 3,3 &#8211;>\t\t \t\t \t\t\t ohne (1x) \t\t\t 110 \t\t\t 8x bis 40x \t\t\t 28,8 bis 5,8 \t\t\t 12,8x bis 64x \t\t\t 17,5 bis 3,5 \t\t\t 20x bis 100x \t\t 12,5 bis 2,5 &#8211;>\t\t \t\t \t\t\t 1,5x \t\t\t 56 \t\t\t 12x bis 60x \t\t\t 19,2 bis 3,8 \t\t\t 19,2x bis 96x \t\t\t 11,7 bis 2,3 \t\t\t 30x bis 150x \t\t 8,3 bis 1,7 &#8211;>\t\t \t\t \t\t\t 2,0x \t\t\t 43 \t\t\t 16x bis 80x \t\t\t 14,4 bis 2,9 \t\t\t 25,6x bis 128x \t\t\t 8,8 bis 1,8 \t\t\t 40x bis 200x \t\t 6,3 bis 1,3 &#8211;>\t\t \t\t \t\t \t    Bio-Med. Anwendungen  \t Botanik \t Hobby- und Privatanwendungen   Materialanwendungen  \t Automobilindustrie \t Baustoffindustrie \t Dental \t Halbleitertechnik \t Hobby- und Privatanwendungen \t Holz- und Papierindustrie \t Justieraufgaben \t Luft- und Raumfahrt \t Maschinenbau \t Mineralogie \t Numismatik \t Qualit\u00e4tskontrolle \t Werkstofftechnik<\/p>\n","protected":false},"excerpt":{"rendered":"<p>Stemi 305 ist Ihr kompaktes Greenough-Stereomikroskop f\u00fcr den Biologieunterricht, das Labor genauso wie industrielle Produktionsumgebungen.Durch einen 5:1 Zoom sind ohne Vorsatzsystem Vergr\u00f6\u00dferungen von 8-fach bis 40-fach m\u00f6glich (mit Vorsatzsystemen 4-fach bis 80-fach). Dies ist die ESD-f\u00e4hige Variante der Standardausf\u00fchrung des Mikroskopk\u00f6rpers. Mikroskopk\u00f6rper Stemi 305 ESD Greenough-System mit Stereowinkel 11\u00b0 ESD-Schutzfunktion: Antistatische Oberfl\u00e4che Manueller, beidseitig bedienbarer [&hellip;]<\/p>\n","protected":false},"featured_media":0,"comment_status":"open","ping_status":"closed","template":"","meta":[],"product_brand":[],"product_cat":[15],"product_tag":[],"class_list":{"0":"post-1580","1":"product","2":"type-product","3":"status-publish","5":"product_cat-unkategorisiert","7":"first","8":"instock","9":"taxable","10":"shipping-taxable","11":"purchasable","12":"product-type-simple"},"jetpack_sharing_enabled":true,"_links":{"self":[{"href":"https:\/\/test.pulchlorenz.de\/index.php?rest_route=\/wp\/v2\/product\/1580","targetHints":{"allow":["GET"]}}],"collection":[{"href":"https:\/\/test.pulchlorenz.de\/index.php?rest_route=\/wp\/v2\/product"}],"about":[{"href":"https:\/\/test.pulchlorenz.de\/index.php?rest_route=\/wp\/v2\/types\/product"}],"replies":[{"embeddable":true,"href":"https:\/\/test.pulchlorenz.de\/index.php?rest_route=%2Fwp%2Fv2%2Fcomments&post=1580"}],"wp:attachment":[{"href":"https:\/\/test.pulchlorenz.de\/index.php?rest_route=%2Fwp%2Fv2%2Fmedia&parent=1580"}],"wp:term":[{"taxonomy":"product_brand","embeddable":true,"href":"https:\/\/test.pulchlorenz.de\/index.php?rest_route=%2Fwp%2Fv2%2Fproduct_brand&post=1580"},{"taxonomy":"product_cat","embeddable":true,"href":"https:\/\/test.pulchlorenz.de\/index.php?rest_route=%2Fwp%2Fv2%2Fproduct_cat&post=1580"},{"taxonomy":"product_tag","embeddable":true,"href":"https:\/\/test.pulchlorenz.de\/index.php?rest_route=%2Fwp%2Fv2%2Fproduct_tag&post=1580"}],"curies":[{"name":"wp","href":"https:\/\/api.w.org\/{rel}","templated":true}]}}