{"id":1609,"date":"2023-03-21T16:09:47","date_gmt":"2023-03-21T16:09:47","guid":{"rendered":"https:\/\/test.pulchlorenz.de\/?product=mikroskopstativ-axiovert-7-al"},"modified":"2023-03-21T16:09:47","modified_gmt":"2023-03-21T16:09:47","slug":"mikroskopstativ-axiovert-7-al","status":"publish","type":"product","link":"https:\/\/test.pulchlorenz.de\/?product=mikroskopstativ-axiovert-7-al","title":{"rendered":"Mikroskopstativ Axiovert 7 AL"},"content":{"rendered":"<p>Objektivrevolver 6-fach HD DIC M27, kodiert mit Schieberaufnahme 6&#215;20 mm  Reflektorrevolver 6-fach, kodiert f\u00fcr P &#038; C Module  Aufnahme f\u00fcr Analysatorschieber 12&#215;35 mm  Auflichtbeleuchtung HD mit Wei\u00dflicht LED 10W (durchschnittliche LED- Lebensdauer > 60000 h), Aufnahmen f\u00fcr Leuchtfeldblenden-, Aperturblenden-, Polarisator- und Filterschieber  Schnittstelle f\u00fcr alternative Leuchte HAL 100  motorischer Fokustrieb (Aufl\u00f6sung 78 nm)  Fokushub 13 mm mit einstellbarem Fokusstopp  Ausl\u00f6ser f\u00fcr ZEISS Axiocam  ECO Modus  Lichtmanager f\u00fcr AL LED \u2013 Parfokalit\u00e4tsmanager  USB 2.0, Typ-B Schnittstelle zu PC  externes Netzteil Eingang: 100-240V AC, 50\/60Hz Ausgang: 24V DC, 5A  l\u00e4nderspezifisches Netzkabel  Staubschutz-Set<\/p>\n","protected":false},"excerpt":{"rendered":"<p>Objektivrevolver 6-fach HD DIC M27, kodiert mit Schieberaufnahme 6&#215;20 mm Reflektorrevolver 6-fach, kodiert f\u00fcr P &#038; C Module Aufnahme f\u00fcr Analysatorschieber 12&#215;35 mm Auflichtbeleuchtung HD mit Wei\u00dflicht LED 10W (durchschnittliche LED- Lebensdauer > 60000 h), Aufnahmen f\u00fcr Leuchtfeldblenden-, Aperturblenden-, Polarisator- und Filterschieber Schnittstelle f\u00fcr alternative Leuchte HAL 100 motorischer Fokustrieb (Aufl\u00f6sung 78 nm) Fokushub 13 [&hellip;]<\/p>\n","protected":false},"featured_media":0,"comment_status":"open","ping_status":"closed","template":"","meta":[],"product_brand":[],"product_cat":[15],"product_tag":[],"class_list":{"0":"post-1609","1":"product","2":"type-product","3":"status-publish","5":"product_cat-unkategorisiert","7":"first","8":"instock","9":"taxable","10":"shipping-taxable","11":"purchasable","12":"product-type-simple"},"jetpack_sharing_enabled":true,"_links":{"self":[{"href":"https:\/\/test.pulchlorenz.de\/index.php?rest_route=\/wp\/v2\/product\/1609","targetHints":{"allow":["GET"]}}],"collection":[{"href":"https:\/\/test.pulchlorenz.de\/index.php?rest_route=\/wp\/v2\/product"}],"about":[{"href":"https:\/\/test.pulchlorenz.de\/index.php?rest_route=\/wp\/v2\/types\/product"}],"replies":[{"embeddable":true,"href":"https:\/\/test.pulchlorenz.de\/index.php?rest_route=%2Fwp%2Fv2%2Fcomments&post=1609"}],"wp:attachment":[{"href":"https:\/\/test.pulchlorenz.de\/index.php?rest_route=%2Fwp%2Fv2%2Fmedia&parent=1609"}],"wp:term":[{"taxonomy":"product_brand","embeddable":true,"href":"https:\/\/test.pulchlorenz.de\/index.php?rest_route=%2Fwp%2Fv2%2Fproduct_brand&post=1609"},{"taxonomy":"product_cat","embeddable":true,"href":"https:\/\/test.pulchlorenz.de\/index.php?rest_route=%2Fwp%2Fv2%2Fproduct_cat&post=1609"},{"taxonomy":"product_tag","embeddable":true,"href":"https:\/\/test.pulchlorenz.de\/index.php?rest_route=%2Fwp%2Fv2%2Fproduct_tag&post=1609"}],"curies":[{"name":"wp","href":"https:\/\/api.w.org\/{rel}","templated":true}]}}