{"id":1611,"date":"2023-03-21T16:09:47","date_gmt":"2023-03-21T16:09:47","guid":{"rendered":"https:\/\/test.pulchlorenz.de\/?product=easyled-durchlichttisch-84mm"},"modified":"2023-03-21T16:09:47","modified_gmt":"2023-03-21T16:09:47","slug":"easyled-durchlichttisch-84mm","status":"publish","type":"product","link":"https:\/\/test.pulchlorenz.de\/?product=easyled-durchlichttisch-84mm","title":{"rendered":"EasyLED Durchlichttisch 84mm"},"content":{"rendered":"<p>Durchlicht System (DLS) mit Durchmesser = 84 mm.  inklusive Netzteil (100-240V) und integriertem Controller.  Ein \/ Aus-schalter, stufenloser Intensit\u00e4tsregler, Netzteilanschlu\u00df und Status-LED befinden sich direkt am Geh\u00e4use.  Farbtemperatur von 5600K  Beleuchtete Fl\u00e4che mit Durchmesser 50mm, bis zu 12000 cd\/m\u00b2<\/p>\n","protected":false},"excerpt":{"rendered":"<p>Durchlicht System (DLS) mit Durchmesser = 84 mm. inklusive Netzteil (100-240V) und integriertem Controller. Ein \/ Aus-schalter, stufenloser Intensit\u00e4tsregler, Netzteilanschlu\u00df und Status-LED befinden sich direkt am Geh\u00e4use. Farbtemperatur von 5600K Beleuchtete Fl\u00e4che mit Durchmesser 50mm, bis zu 12000 cd\/m\u00b2<\/p>\n","protected":false},"featured_media":0,"comment_status":"open","ping_status":"closed","template":"","meta":[],"product_brand":[],"product_cat":[15],"product_tag":[],"class_list":{"0":"post-1611","1":"product","2":"type-product","3":"status-publish","5":"product_cat-unkategorisiert","7":"first","8":"instock","9":"taxable","10":"shipping-taxable","11":"purchasable","12":"product-type-simple"},"jetpack_sharing_enabled":true,"_links":{"self":[{"href":"https:\/\/test.pulchlorenz.de\/index.php?rest_route=\/wp\/v2\/product\/1611","targetHints":{"allow":["GET"]}}],"collection":[{"href":"https:\/\/test.pulchlorenz.de\/index.php?rest_route=\/wp\/v2\/product"}],"about":[{"href":"https:\/\/test.pulchlorenz.de\/index.php?rest_route=\/wp\/v2\/types\/product"}],"replies":[{"embeddable":true,"href":"https:\/\/test.pulchlorenz.de\/index.php?rest_route=%2Fwp%2Fv2%2Fcomments&post=1611"}],"wp:attachment":[{"href":"https:\/\/test.pulchlorenz.de\/index.php?rest_route=%2Fwp%2Fv2%2Fmedia&parent=1611"}],"wp:term":[{"taxonomy":"product_brand","embeddable":true,"href":"https:\/\/test.pulchlorenz.de\/index.php?rest_route=%2Fwp%2Fv2%2Fproduct_brand&post=1611"},{"taxonomy":"product_cat","embeddable":true,"href":"https:\/\/test.pulchlorenz.de\/index.php?rest_route=%2Fwp%2Fv2%2Fproduct_cat&post=1611"},{"taxonomy":"product_tag","embeddable":true,"href":"https:\/\/test.pulchlorenz.de\/index.php?rest_route=%2Fwp%2Fv2%2Fproduct_tag&post=1611"}],"curies":[{"name":"wp","href":"https:\/\/api.w.org\/{rel}","templated":true}]}}