{"id":1614,"date":"2023-03-21T16:09:47","date_gmt":"2023-03-21T16:09:47","guid":{"rendered":"https:\/\/test.pulchlorenz.de\/?product=objektmikrometer-5mm-5-1mm-100-fuer-auflicht-kalibriert"},"modified":"2023-03-21T16:09:47","modified_gmt":"2023-03-21T16:09:47","slug":"objektmikrometer-5mm-5-1mm-100-fuer-auflicht-kalibriert","status":"publish","type":"product","link":"https:\/\/test.pulchlorenz.de\/?product=objektmikrometer-5mm-5-1mm-100-fuer-auflicht-kalibriert","title":{"rendered":"Objektmikrometer 5mm\/5 + 1mm\/100 f\u00fcr Auflicht, kalibriert"},"content":{"rendered":"<p>Zur Kablibrierung der Me\u00dfsoftware bei Verwendung einer Mikroskopkamera  \t 5 mm in 5 Skalenteilen, 1 Intervall = 1 mm \t 1 mm in 100 Skalenteilen, 1 Intervall = 0,01 mm \t Kalibrierschein zum Nachweis f\u00fcr die R\u00fcckf\u00fchrung auf nationale Normale, ausgestellt durch ein nach DIN EN ISO\/IEC 17025 akkreditiertes Kalibrierlaboratorium \t f\u00fcr den Kunden individuell erstelltes Pr\u00fcfprotokoll<\/p>\n","protected":false},"excerpt":{"rendered":"<p>Zur Kablibrierung der Me\u00dfsoftware bei Verwendung einer Mikroskopkamera 5 mm in 5 Skalenteilen, 1 Intervall = 1 mm 1 mm in 100 Skalenteilen, 1 Intervall = 0,01 mm Kalibrierschein zum Nachweis f\u00fcr die R\u00fcckf\u00fchrung auf nationale Normale, ausgestellt durch ein nach DIN EN ISO\/IEC 17025 akkreditiertes Kalibrierlaboratorium f\u00fcr den Kunden individuell erstelltes Pr\u00fcfprotokoll<\/p>\n","protected":false},"featured_media":0,"comment_status":"open","ping_status":"closed","template":"","meta":[],"product_brand":[],"product_cat":[15],"product_tag":[],"class_list":{"0":"post-1614","1":"product","2":"type-product","3":"status-publish","5":"product_cat-unkategorisiert","7":"first","8":"instock","9":"taxable","10":"shipping-taxable","11":"purchasable","12":"product-type-simple"},"jetpack_sharing_enabled":true,"_links":{"self":[{"href":"https:\/\/test.pulchlorenz.de\/index.php?rest_route=\/wp\/v2\/product\/1614","targetHints":{"allow":["GET"]}}],"collection":[{"href":"https:\/\/test.pulchlorenz.de\/index.php?rest_route=\/wp\/v2\/product"}],"about":[{"href":"https:\/\/test.pulchlorenz.de\/index.php?rest_route=\/wp\/v2\/types\/product"}],"replies":[{"embeddable":true,"href":"https:\/\/test.pulchlorenz.de\/index.php?rest_route=%2Fwp%2Fv2%2Fcomments&post=1614"}],"wp:attachment":[{"href":"https:\/\/test.pulchlorenz.de\/index.php?rest_route=%2Fwp%2Fv2%2Fmedia&parent=1614"}],"wp:term":[{"taxonomy":"product_brand","embeddable":true,"href":"https:\/\/test.pulchlorenz.de\/index.php?rest_route=%2Fwp%2Fv2%2Fproduct_brand&post=1614"},{"taxonomy":"product_cat","embeddable":true,"href":"https:\/\/test.pulchlorenz.de\/index.php?rest_route=%2Fwp%2Fv2%2Fproduct_cat&post=1614"},{"taxonomy":"product_tag","embeddable":true,"href":"https:\/\/test.pulchlorenz.de\/index.php?rest_route=%2Fwp%2Fv2%2Fproduct_tag&post=1614"}],"curies":[{"name":"wp","href":"https:\/\/api.w.org\/{rel}","templated":true}]}}