{"id":1618,"date":"2023-03-21T16:09:48","date_gmt":"2023-03-21T16:09:48","guid":{"rendered":"https:\/\/test.pulchlorenz.de\/?product=high-power-led-ringleuchte-hprl-segmentierbar-d"},"modified":"2023-03-21T16:09:48","modified_gmt":"2023-03-21T16:09:48","slug":"high-power-led-ringleuchte-hprl-segmentierbar-d","status":"publish","type":"product","link":"https:\/\/test.pulchlorenz.de\/?product=high-power-led-ringleuchte-hprl-segmentierbar-d","title":{"rendered":"High Power LED Ringleuchte (HPRL), segmentierbar (D)"},"content":{"rendered":"<p>8 High Power LEDs mit Ringoptik, Optik montierbar f\u00fcr Nah  oder Fernbereich   Nahbereichsstellung: FWD 45-130 mm, Beleuchtungsst\u00e4rke typ. 220 klx (@ FWD 50 mm)   Fernbereichsstellung: FWD 80-300 mm, Beleuchtungsst\u00e4rke typ. 170 klx (@ FWD 90 mm)   Farbtemperator ca. 5800 K, Lebensdauer ca. 25.000 h (lumen maintenance 70 %)   Ergonomische Bedienung am Geh\u00e4use: Kein separater Controller n\u00f6tig   Drehgeber 1 zur Einstellung Segmentmodi, Drehen in 45\u00b0 Schritten sowie Autorotation   Drehgeber 2 f\u00fcr Dimmen, Speichern und Aufrufen einer Beleuchtungseinstellung   Separater Ein\/Ausschalter   Segmentmodi: Voll-, Halb-, Viertelkreis, 2 gegen\u00fcberliegende Viertelkreise   Schnittstelle zum Objektiv D=66 mm   ESD Buchse zur Ableitung elektrostatischer Aufladung   Innengewinde zur Montage von Zubeh\u00f6r (Polarisations-Filterset, Diffusor)   inkl. Weitbereichsnetzteil und 4 Netzadaptern EU, US, CH, JP<\/p>\n","protected":false},"excerpt":{"rendered":"<p>8 High Power LEDs mit Ringoptik, Optik montierbar f\u00fcr Nah oder Fernbereich Nahbereichsstellung: FWD 45-130 mm, Beleuchtungsst\u00e4rke typ. 220 klx (@ FWD 50 mm) Fernbereichsstellung: FWD 80-300 mm, Beleuchtungsst\u00e4rke typ. 170 klx (@ FWD 90 mm) Farbtemperator ca. 5800 K, Lebensdauer ca. 25.000 h (lumen maintenance 70 %) Ergonomische Bedienung am Geh\u00e4use: Kein separater Controller [&hellip;]<\/p>\n","protected":false},"featured_media":0,"comment_status":"open","ping_status":"closed","template":"","meta":[],"product_brand":[],"product_cat":[15],"product_tag":[],"class_list":{"0":"post-1618","1":"product","2":"type-product","3":"status-publish","5":"product_cat-unkategorisiert","7":"first","8":"instock","9":"taxable","10":"shipping-taxable","11":"purchasable","12":"product-type-simple"},"jetpack_sharing_enabled":true,"_links":{"self":[{"href":"https:\/\/test.pulchlorenz.de\/index.php?rest_route=\/wp\/v2\/product\/1618","targetHints":{"allow":["GET"]}}],"collection":[{"href":"https:\/\/test.pulchlorenz.de\/index.php?rest_route=\/wp\/v2\/product"}],"about":[{"href":"https:\/\/test.pulchlorenz.de\/index.php?rest_route=\/wp\/v2\/types\/product"}],"replies":[{"embeddable":true,"href":"https:\/\/test.pulchlorenz.de\/index.php?rest_route=%2Fwp%2Fv2%2Fcomments&post=1618"}],"wp:attachment":[{"href":"https:\/\/test.pulchlorenz.de\/index.php?rest_route=%2Fwp%2Fv2%2Fmedia&parent=1618"}],"wp:term":[{"taxonomy":"product_brand","embeddable":true,"href":"https:\/\/test.pulchlorenz.de\/index.php?rest_route=%2Fwp%2Fv2%2Fproduct_brand&post=1618"},{"taxonomy":"product_cat","embeddable":true,"href":"https:\/\/test.pulchlorenz.de\/index.php?rest_route=%2Fwp%2Fv2%2Fproduct_cat&post=1618"},{"taxonomy":"product_tag","embeddable":true,"href":"https:\/\/test.pulchlorenz.de\/index.php?rest_route=%2Fwp%2Fv2%2Fproduct_tag&post=1618"}],"curies":[{"name":"wp","href":"https:\/\/api.w.org\/{rel}","templated":true}]}}