{"id":1623,"date":"2023-03-21T16:09:49","date_gmt":"2023-03-21T16:09:49","guid":{"rendered":"https:\/\/test.pulchlorenz.de\/?product=labscope-modul-fast-panorama"},"modified":"2023-03-21T16:09:49","modified_gmt":"2023-03-21T16:09:49","slug":"labscope-modul-fast-panorama","status":"publish","type":"product","link":"https:\/\/test.pulchlorenz.de\/?product=labscope-modul-fast-panorama","title":{"rendered":"Labscope Modul Fast Panorama"},"content":{"rendered":"<p>Das Labscope-Modul Fast Panorama erm\u00f6glicht die einfache Aufnahme von bis zu whole slide images (WSI) mit manuellen Mikroskopen. Durch manuelles Bewegen des Mikroskoptisches werden die Bilder der Probe automatisch zu einem Panoramabild zusammengef\u00fcgt.   nur mit Axiocam 305 kompatibel  flexibel in Vergr\u00f6\u00dferung und Objektivklasse  flexibel in den Kontrastverfahren  verbessertes Stitching  Positionssuchfunktion  Hinweis: Derzeit funktioniert die Funktion nur mit ZEISS Axiocam 305. Die erforderliche PC-Spezifikation: i5 (8. Generation) Quad-Core @3.0 GHz oder h\u00f6her; 8 GB RAM oder h\u00f6her.<\/p>\n","protected":false},"excerpt":{"rendered":"<p>Das Labscope-Modul Fast Panorama erm\u00f6glicht die einfache Aufnahme von bis zu whole slide images (WSI) mit manuellen Mikroskopen. Durch manuelles Bewegen des Mikroskoptisches werden die Bilder der Probe automatisch zu einem Panoramabild zusammengef\u00fcgt. nur mit Axiocam 305 kompatibel flexibel in Vergr\u00f6\u00dferung und Objektivklasse flexibel in den Kontrastverfahren verbessertes Stitching Positionssuchfunktion Hinweis: Derzeit funktioniert die Funktion [&hellip;]<\/p>\n","protected":false},"featured_media":0,"comment_status":"open","ping_status":"closed","template":"","meta":[],"product_brand":[],"product_cat":[15],"product_tag":[],"class_list":{"0":"post-1623","1":"product","2":"type-product","3":"status-publish","5":"product_cat-unkategorisiert","7":"first","8":"instock","9":"taxable","10":"shipping-taxable","11":"purchasable","12":"product-type-simple"},"jetpack_sharing_enabled":true,"_links":{"self":[{"href":"https:\/\/test.pulchlorenz.de\/index.php?rest_route=\/wp\/v2\/product\/1623","targetHints":{"allow":["GET"]}}],"collection":[{"href":"https:\/\/test.pulchlorenz.de\/index.php?rest_route=\/wp\/v2\/product"}],"about":[{"href":"https:\/\/test.pulchlorenz.de\/index.php?rest_route=\/wp\/v2\/types\/product"}],"replies":[{"embeddable":true,"href":"https:\/\/test.pulchlorenz.de\/index.php?rest_route=%2Fwp%2Fv2%2Fcomments&post=1623"}],"wp:attachment":[{"href":"https:\/\/test.pulchlorenz.de\/index.php?rest_route=%2Fwp%2Fv2%2Fmedia&parent=1623"}],"wp:term":[{"taxonomy":"product_brand","embeddable":true,"href":"https:\/\/test.pulchlorenz.de\/index.php?rest_route=%2Fwp%2Fv2%2Fproduct_brand&post=1623"},{"taxonomy":"product_cat","embeddable":true,"href":"https:\/\/test.pulchlorenz.de\/index.php?rest_route=%2Fwp%2Fv2%2Fproduct_cat&post=1623"},{"taxonomy":"product_tag","embeddable":true,"href":"https:\/\/test.pulchlorenz.de\/index.php?rest_route=%2Fwp%2Fv2%2Fproduct_tag&post=1623"}],"curies":[{"name":"wp","href":"https:\/\/api.w.org\/{rel}","templated":true}]}}