{"id":170,"date":"2023-03-21T16:05:22","date_gmt":"2023-03-21T16:05:22","guid":{"rendered":"https:\/\/test.pulchlorenz.de\/?product=mikroskopkoerper-stereo-discovery-v20"},"modified":"2023-03-21T16:05:22","modified_gmt":"2023-03-21T16:05:22","slug":"mikroskopkoerper-stereo-discovery-v20","status":"publish","type":"product","link":"https:\/\/test.pulchlorenz.de\/?product=mikroskopkoerper-stereo-discovery-v20","title":{"rendered":"Mikroskopk\u00f6rper SteREO Discovery.V20"},"content":{"rendered":"<p>\u00a0Apochromatisches Stereo-Teleskopsystem mit Motor-Zoom 20:1 (0,75x&#8230;15x),  Doppel-Irisblende und mit Aufnahmedurchmesser 76 mm,  dazu HIP oder SYCOP erforderlich   \t \t\t \t\t\t Objektive \t\t\t Okulare \t\t \t\t \t\t\t \u00a0 \t\t\t \u00a0 \t\t\t  WPL 10x\/23 Br. foc.  \t\t\t  WPL 16x\/16 Br. foc.  \t\t\t  WPL 25x\/10 Br. foc.  \t\t \t \t \t\t \t\t\t Bezeichnung \t\t\t Arbeits \t\t\tabstand (mm) \t\t\t Vergr\u00f6\u00dferung \t\t\t Objektfeld (mm) \t\t\t Vergr\u00f6\u00dferung \t\t\t Objektfeld (mm) \t\t\t Vergr\u00f6\u00dferung \t\t\t Objektfeld (mm) \t\t \t\t \t\t\t  PlanApo S 0,63x  \t\t\t 81 \t\t\t 4,7x bis 94,5x \t\t\t 48,7 bis 2,4 \t\t\t 7,6x bis 151x \t\t\t 33,9 bis 1,7 \t\t\t 11,8x bis 236x \t\t\t 21,1 bis 1,1 \t\t \t\t \t\t\t  PlanApo S 1,0x  \t\t\t 60 \t\t\t 7,5x bis 150x \t\t\t 30,7 bis 1,5 \t\t\t 12x bis 240x \t\t\t 21,3 bis 1,1 \t\t\t 18,8x bis 375x \t\t\t 13,3 bis 0,7 \t\t \t\t \t\t\t  PlanApo S 1,5x  \t\t\t 30 \t\t\t 11,3x bis 225x \t\t\t 20,4 bis 1,0 \t\t\t 18x bis 360x \t\t\t 14,2 bis 0,7 \t\t\t 28,1x bis 563x \t\t\t 8,9 bis 0,4 \t\t \t\t \t\t\t  PlanApo S 2,3x  \t\t\t 10 \t\t\t 17,3x bis 345x \t\t\t 13,3 bis 0,7 \t\t\t 27,6x bis 552x \t\t\t 9,3 bis 0,5 \t\t\t 43,1x bis 863x \t\t\t 5,8 bis 0,3 \t\t \t\t \t\t\t  PlanApo S 3,5x mono  \t\t\t 16 \t\t\t 26,3x bis 525x \t\t\t 8,8 bis 0,4 \t\t\t 42x bis 840x \t\t\t 5,5 bis 0,27 \t\t\t 65,6x bis 1312,5x \t\t\t 3,5 bis 0,18 \t\t \t\t \t\t\t  Plan S 1,0x  \t\t\t 81 \t\t\t 7,5x bis 150x \t\t\t 30,7 bis 1,5 \t\t\t 12x bis 240x \t\t\t 21,3 bis 1,1 \t\t\t 18,8x bis 375x \t\t\t 13,3 bis 0,7 \t\t \t\t \t\t\t  Achromat S 0,3x  \t\t\t 253 \t\t\t 2,3x bis 45x \t\t\t 102 bis 5,1 \t\t\t 3,6x bis 72x \t\t\t 71,1 bis 3,6 \t\t\t 5,6x bis 113x \t\t\t 44,4 bis 2,2 \t\t \t\t \t\t\t  Achromat S 0,5x  \t\t\t 151 \t\t\t 3,8x bis 75x \t\t\t 61,3 bis 3,1 \t\t\t 6x bis 120x \t\t\t 42,7 bis 2,1 \t\t\t 9,4x bis 188x \t\t\t 26,7 bis 1,3 \t\t \t\t \t\t\t  Achromat S 0,63x  \t\t\t 115 \t\t\t 4,7x bis 94,5x \t\t\t 48,7 bis 2,4 \t\t\t 7,6x bis 151x \t\t\t 33,9 bis 1,7 \t\t\t 11,8x bis 236x \t\t\t 21,1 bis 1,1 \t\t \t\t \t\t\t  Achromat S 1,0x  \t\t\t 69 \t\t\t 7,5x bis 150x \t\t\t 30,7 bis 1,5 \t\t\t 12x bis 240x \t\t\t 21,3 bis 1,1 \t\t\t 18,8x bis 375x \t\t\t 13,3 bis 0,7 \t\t \t\t \t\t\t  Achromat S 1,25x  \t\t\t 50 \t\t\t 9,4x bis 188x \t\t\t 20,4 bis 1,0 \t\t\t 18x bis 360x \t\t\t 14,2 bis 0,7 \t\t\t 28,1x bis 563x \t\t\t 8,9 bis 0,4 \t\t \t\t \t\t\t  Achromat S 1,5x  \t\t\t 28 \t\t\t 11,3x bis 225x \t\t\t 20,4 bis 1,0 \t\t\t 18x bis 360x \t\t\t 14,2 bis 0,7 \t\t\t 28,1x bis 563x \t\t\t 8,9 bis 0,4<\/p>\n","protected":false},"excerpt":{"rendered":"<p>\u00a0Apochromatisches Stereo-Teleskopsystem mit Motor-Zoom 20:1 (0,75x&#8230;15x), Doppel-Irisblende und mit Aufnahmedurchmesser 76 mm, dazu HIP oder SYCOP erforderlich Objektive Okulare \u00a0 \u00a0 WPL 10x\/23 Br. foc. WPL 16x\/16 Br. foc. WPL 25x\/10 Br. foc. Bezeichnung Arbeits abstand (mm) Vergr\u00f6\u00dferung Objektfeld (mm) Vergr\u00f6\u00dferung Objektfeld (mm) Vergr\u00f6\u00dferung Objektfeld (mm) PlanApo S 0,63x 81 4,7x bis 94,5x 48,7 bis [&hellip;]<\/p>\n","protected":false},"featured_media":0,"comment_status":"open","ping_status":"closed","template":"","meta":[],"product_brand":[],"product_cat":[15],"product_tag":[],"class_list":{"0":"post-170","1":"product","2":"type-product","3":"status-publish","5":"product_cat-unkategorisiert","7":"first","8":"instock","9":"taxable","10":"shipping-taxable","11":"purchasable","12":"product-type-simple"},"jetpack_sharing_enabled":true,"_links":{"self":[{"href":"https:\/\/test.pulchlorenz.de\/index.php?rest_route=\/wp\/v2\/product\/170","targetHints":{"allow":["GET"]}}],"collection":[{"href":"https:\/\/test.pulchlorenz.de\/index.php?rest_route=\/wp\/v2\/product"}],"about":[{"href":"https:\/\/test.pulchlorenz.de\/index.php?rest_route=\/wp\/v2\/types\/product"}],"replies":[{"embeddable":true,"href":"https:\/\/test.pulchlorenz.de\/index.php?rest_route=%2Fwp%2Fv2%2Fcomments&post=170"}],"wp:attachment":[{"href":"https:\/\/test.pulchlorenz.de\/index.php?rest_route=%2Fwp%2Fv2%2Fmedia&parent=170"}],"wp:term":[{"taxonomy":"product_brand","embeddable":true,"href":"https:\/\/test.pulchlorenz.de\/index.php?rest_route=%2Fwp%2Fv2%2Fproduct_brand&post=170"},{"taxonomy":"product_cat","embeddable":true,"href":"https:\/\/test.pulchlorenz.de\/index.php?rest_route=%2Fwp%2Fv2%2Fproduct_cat&post=170"},{"taxonomy":"product_tag","embeddable":true,"href":"https:\/\/test.pulchlorenz.de\/index.php?rest_route=%2Fwp%2Fv2%2Fproduct_tag&post=170"}],"curies":[{"name":"wp","href":"https:\/\/api.w.org\/{rel}","templated":true}]}}