{"id":173,"date":"2023-03-21T16:05:22","date_gmt":"2023-03-21T16:05:22","guid":{"rendered":"https:\/\/test.pulchlorenz.de\/?product=mikroskopkoerper-stereo-discovery-v12"},"modified":"2023-03-21T16:05:22","modified_gmt":"2023-03-21T16:05:22","slug":"mikroskopkoerper-stereo-discovery-v12","status":"publish","type":"product","link":"https:\/\/test.pulchlorenz.de\/?product=mikroskopkoerper-stereo-discovery-v12","title":{"rendered":"Mikroskopk\u00f6rper SteREO Discovery.V12"},"content":{"rendered":"<p>apochromatische Optik \t motorischer Zoom 0,8x bis 10x \t maximale NA 0.144 \t elektronische ClickStops \t Doppelirisblende \t w\u00e4hlbare Zoomgeschwindigkeiten \t Informationen \u00fcber die Vergr\u00f6\u00dferung, Aufl\u00f6sung, Sch\u00e4rfentiefe und Objektfeld des Systems jederzeit Verf\u00fcgbar    \t \t\t \t\t\t Objektive \t\t\t Okulare \t\t \t\t \t\t\t \u00a0 \t\t\t \u00a0 \t\t\t  WPL 10x\/23 Br. foc.  \t\t\t  WPL 16x\/16 Br. foc.  \t\t\t  WPL 25x\/10 Br. foc.  \t\t \t \t \t\t \t\t\t Bezeichnung \t\t\t Arbeits \t\t\tabstand (mm) \t\t\t Vergr\u00f6\u00dferung \t\t\t Objektfeld (mm) \t\t\t Vergr\u00f6\u00dferung \t\t\t Objektfeld (mm) \t\t\t Vergr\u00f6\u00dferung \t\t\t Objektfeld (mm) \t\t \t\t \t\t\t  PlanApo S 0,63x  \t\t\t 81 \t\t\t 5x bis 63x \t\t\t 45,6 bis 3,7 \t\t\t 8x bis 100,8x \t\t\t 28,5 bis 2,3 \t\t\t 12,6x bis 157,5x \t\t\t 18,3 bis 1,5 \t\t \t\t \t\t\t  PlanApo S 1,0x  \t\t\t 60 \t\t\t 8x bis 100x \t\t\t 28,8 bis 2,3 \t\t\t 12,8x bis 160x \t\t\t 18,0 bis 1,4 \t\t\t 20x bis 250x \t\t\t 11,5 bis 0,9 \t\t \t\t \t\t\t  PlanApo S 1,5x  \t\t\t 30 \t\t\t 12x bis 150x \t\t\t 19,2 bis 1,5 \t\t\t 19,2x bis 240x \t\t\t 12,0 bis 1,0 \t\t\t 30x bis 375x \t\t\t 7,7 bis 0,6 \t\t \t\t \t\t\t  PlanApo S 2,3x  \t\t\t 10 \t\t\t 18,4x bis 230x \t\t\t 12,5 bis 1,0 \t\t\t 29,4x bis 368x \t\t\t 7,8 bis 0,6 \t\t\t 46x bis 575x \t\t\t 5,0 bis 0,4 \t\t \t\t \t\t\t  PlanApo S 3,5x mono  \t\t\t 16 \t\t\t 28x bis 350x \t\t\t 8,2 bis 0,7 \t\t\t 44,8x bis 560x \t\t\t 5,1 bis 0,4 \t\t\t 70,5x bis 875x \t\t\t 3,3 bis 0,3 \t\t \t\t \t\t\t  Plan S 1,0x  \t\t\t 81 \t\t\t 8x bis 100x \t\t\t 28,8 bis 2,3 \t\t\t 12,8x bis 160x \t\t\t 18,0 bis 1,4 \t\t\t 20x bis 250x \t\t\t 11,5 bis 0,9 \t\t \t\t \t\t\t  Achromat S 0,3x  \t\t\t 253 \t\t\t 2,4x bis 30x \t\t\t 95,8 bis 7,7 \t\t\t 3,8x bis 48x \t\t\t 59,9 bis 4,8 \t\t\t 6x bis 75x \t\t\t 38,3 bis 3,1 \t\t \t\t \t\t\t  Achromat S 0,5x  \t\t\t 151 \t\t\t 4x bis 50x \t\t\t 57,5 bis 4,6 \t\t\t 6,4x bis 80x \t\t\t 35,9 bis 2,9 \t\t\t 10x bis 125x \t\t\t 23,0 bis 1,8 \t\t \t\t \t\t\t  Achromat S 0,63x  \t\t\t 115 \t\t\t 5x bis 63x \t\t\t 45,6 bis 3,7 \t\t\t 8x bis 100,8x \t\t\t 28,5 bis 2,3 \t\t\t 12,6x bis 157,5x \t\t\t 18,3 bis 1,5 \t\t \t\t \t\t\t  Achromat S 1,0x  \t\t\t 69 \t\t\t 8x bis 100x \t\t\t 28,8 bis 2,3 \t\t\t 12,8x bis 160x \t\t\t 18,0 bis 1,4 \t\t\t 20x bis 250x \t\t\t 11,5 bis 0,9 \t\t \t\t \t\t\t  Achromat S 1,25x  \t\t\t 50 \t\t\t 10x bis 120x \t\t\t 23,0 bis 1,9 \t\t\t 16x bis 200x \t\t\t 16,0 bis 1,3 \t\t\t 25x bis 313x \t\t\t 10,0 bis 0,8 \t\t \t\t \t\t\t  Achromat S 1,5x  \t\t\t 28 \t\t\t 12x bis 150x \t\t\t 19,2 bis 1,5 \t\t\t 19,2x bis 240x \t\t\t 12,0 bis 1,0 \t\t\t 30x bis 375x \t\t\t 7,7 bis 0,6<\/p>\n","protected":false},"excerpt":{"rendered":"<p>apochromatische Optik motorischer Zoom 0,8x bis 10x maximale NA 0.144 elektronische ClickStops Doppelirisblende w\u00e4hlbare Zoomgeschwindigkeiten Informationen \u00fcber die Vergr\u00f6\u00dferung, Aufl\u00f6sung, Sch\u00e4rfentiefe und Objektfeld des Systems jederzeit Verf\u00fcgbar Objektive Okulare \u00a0 \u00a0 WPL 10x\/23 Br. foc. WPL 16x\/16 Br. foc. WPL 25x\/10 Br. foc. Bezeichnung Arbeits abstand (mm) Vergr\u00f6\u00dferung Objektfeld (mm) Vergr\u00f6\u00dferung Objektfeld (mm) Vergr\u00f6\u00dferung Objektfeld [&hellip;]<\/p>\n","protected":false},"featured_media":0,"comment_status":"open","ping_status":"closed","template":"","meta":[],"product_brand":[],"product_cat":[15],"product_tag":[],"class_list":{"0":"post-173","1":"product","2":"type-product","3":"status-publish","5":"product_cat-unkategorisiert","7":"first","8":"instock","9":"taxable","10":"shipping-taxable","11":"purchasable","12":"product-type-simple"},"jetpack_sharing_enabled":true,"_links":{"self":[{"href":"https:\/\/test.pulchlorenz.de\/index.php?rest_route=\/wp\/v2\/product\/173","targetHints":{"allow":["GET"]}}],"collection":[{"href":"https:\/\/test.pulchlorenz.de\/index.php?rest_route=\/wp\/v2\/product"}],"about":[{"href":"https:\/\/test.pulchlorenz.de\/index.php?rest_route=\/wp\/v2\/types\/product"}],"replies":[{"embeddable":true,"href":"https:\/\/test.pulchlorenz.de\/index.php?rest_route=%2Fwp%2Fv2%2Fcomments&post=173"}],"wp:attachment":[{"href":"https:\/\/test.pulchlorenz.de\/index.php?rest_route=%2Fwp%2Fv2%2Fmedia&parent=173"}],"wp:term":[{"taxonomy":"product_brand","embeddable":true,"href":"https:\/\/test.pulchlorenz.de\/index.php?rest_route=%2Fwp%2Fv2%2Fproduct_brand&post=173"},{"taxonomy":"product_cat","embeddable":true,"href":"https:\/\/test.pulchlorenz.de\/index.php?rest_route=%2Fwp%2Fv2%2Fproduct_cat&post=173"},{"taxonomy":"product_tag","embeddable":true,"href":"https:\/\/test.pulchlorenz.de\/index.php?rest_route=%2Fwp%2Fv2%2Fproduct_tag&post=173"}],"curies":[{"name":"wp","href":"https:\/\/api.w.org\/{rel}","templated":true}]}}