{"id":176,"date":"2023-03-21T16:05:22","date_gmt":"2023-03-21T16:05:22","guid":{"rendered":"https:\/\/test.pulchlorenz.de\/?product=mikroskopstativ-axiovert-5-dl-scb"},"modified":"2023-03-21T16:05:22","modified_gmt":"2023-03-21T16:05:22","slug":"mikroskopstativ-axiovert-5-dl-scb","status":"publish","type":"product","link":"https:\/\/test.pulchlorenz.de\/?product=mikroskopstativ-axiovert-5-dl-scb","title":{"rendered":"Mikroskopstativ Axiovert 5 DL SCB"},"content":{"rendered":"<p>Objektivrevolver 6-fach H DIC M27, kodiert mit Schieberaufnahme 10&#215;29 mm  Tr\u00e4ger Durchlichtbeleuchtung mit Wei\u00dflicht LED 10W (durchschnittliche LED-Lebensdauer > 60000 h) und Filterschieber 2-fach, d=32 mm  manueller Grob-\/Fein-Fokustrieb  Fokushub 13 mm mit einstellbarem Fokusstopp  Ausl\u00f6ser f\u00fcr ZEISS Axiocam  ECO Modus  Lichtmanager  Smart Control Box, zur Stand-Alone-Bedienung (ohne PC) von Mikroskopstativfunktionen mit ZEISS Axiocam (105R2, 202, 208, 305, 705) \u00fcber On Screen Display und zur Nutzung mit Labscope (Windows und iOS)  automatische Funktionen zur Kamerasteuerung, Bildoptimierungsfunktionen und Auslesen von codierten Mikroskopfunktionen  Verf\u00fcgbare Schnittstellen: HDMI, USB 3.0 Typ-C und Typ-A, USB 2.0 Typ-A, Ethernet, Micro-D  Wi-Fi Kompatibilit\u00e4t \u00fcber USB Wi-Fi Adapter und Router  USB 3.0 Speicher-Stick, Typ-C und Typ-A  USB 3.0 Kabel 0,5 m f\u00fcr Axiocam 305  USB 2.0,Typ-B Schnittstelle zu PC  externes Netzteil Eingang: 100-240V AC, 50\/60Hz Ausgang: 24V DC, 5A  l\u00e4nderspezifisches Netzkabel  Staubschutz-Set<\/p>\n","protected":false},"excerpt":{"rendered":"<p>Objektivrevolver 6-fach H DIC M27, kodiert mit Schieberaufnahme 10&#215;29 mm Tr\u00e4ger Durchlichtbeleuchtung mit Wei\u00dflicht LED 10W (durchschnittliche LED-Lebensdauer > 60000 h) und Filterschieber 2-fach, d=32 mm manueller Grob-\/Fein-Fokustrieb Fokushub 13 mm mit einstellbarem Fokusstopp Ausl\u00f6ser f\u00fcr ZEISS Axiocam ECO Modus Lichtmanager Smart Control Box, zur Stand-Alone-Bedienung (ohne PC) von Mikroskopstativfunktionen mit ZEISS Axiocam (105R2, 202, [&hellip;]<\/p>\n","protected":false},"featured_media":0,"comment_status":"open","ping_status":"closed","template":"","meta":[],"product_brand":[],"product_cat":[15],"product_tag":[],"class_list":{"0":"post-176","1":"product","2":"type-product","3":"status-publish","5":"product_cat-unkategorisiert","7":"first","8":"instock","9":"taxable","10":"shipping-taxable","11":"purchasable","12":"product-type-simple"},"jetpack_sharing_enabled":true,"_links":{"self":[{"href":"https:\/\/test.pulchlorenz.de\/index.php?rest_route=\/wp\/v2\/product\/176","targetHints":{"allow":["GET"]}}],"collection":[{"href":"https:\/\/test.pulchlorenz.de\/index.php?rest_route=\/wp\/v2\/product"}],"about":[{"href":"https:\/\/test.pulchlorenz.de\/index.php?rest_route=\/wp\/v2\/types\/product"}],"replies":[{"embeddable":true,"href":"https:\/\/test.pulchlorenz.de\/index.php?rest_route=%2Fwp%2Fv2%2Fcomments&post=176"}],"wp:attachment":[{"href":"https:\/\/test.pulchlorenz.de\/index.php?rest_route=%2Fwp%2Fv2%2Fmedia&parent=176"}],"wp:term":[{"taxonomy":"product_brand","embeddable":true,"href":"https:\/\/test.pulchlorenz.de\/index.php?rest_route=%2Fwp%2Fv2%2Fproduct_brand&post=176"},{"taxonomy":"product_cat","embeddable":true,"href":"https:\/\/test.pulchlorenz.de\/index.php?rest_route=%2Fwp%2Fv2%2Fproduct_cat&post=176"},{"taxonomy":"product_tag","embeddable":true,"href":"https:\/\/test.pulchlorenz.de\/index.php?rest_route=%2Fwp%2Fv2%2Fproduct_tag&post=176"}],"curies":[{"name":"wp","href":"https:\/\/api.w.org\/{rel}","templated":true}]}}