{"id":19,"date":"2023-03-21T16:04:59","date_gmt":"2023-03-21T16:04:59","guid":{"rendered":"https:\/\/test.pulchlorenz.de\/?product=lichtleiter-hxp-120-mit-fluessigfuellung-2m-d"},"modified":"2023-03-21T16:04:59","modified_gmt":"2023-03-21T16:04:59","slug":"lichtleiter-hxp-120-mit-fluessigfuellung-2m-d","status":"publish","type":"product","link":"https:\/\/test.pulchlorenz.de\/?product=lichtleiter-hxp-120-mit-fluessigfuellung-2m-d","title":{"rendered":"Lichtleiter HXP 120 mit Fl\u00fcssigf\u00fcllung, 2m (D)"},"content":{"rendered":"<p>Lichtleiter HXP mit Fl\u00fcssigf\u00fcllung, 2m (D) \u00f83mm x 2000mm  Kompatible Mikroskope:  \t Axio Examiner.A1 \t Axio Examiner.D1 \t Axio Examiner.Z1 \t Axio Imager Vario \t Axio Imager.A1 \t Axio Imager.A2 \t Axio Imager.D1 \t Axio Imager.D1 f\u00fcr Auflicht-Fluoreszenz mit ApoTome&#8220; \t Axio Imager.D2 \t Axio Imager.M1 \t Axio Imager.M2 \t Axio Imager.Z1 \t Axio Imager.Z1 + ApoTome \t Axio Imager.Z2 \t Axio Observer.D1 \t Axio Observer.D1 + ApoTome \t Axio Observer.D1 TIRF 3 \t Axio Observer.Z1 \t Axio Observer.Z1 Cell Observer \t Axio Observer.Z1 Cell Observer SD \t Axio Observer.Z1 f\u00fcr Auflicht-Fluoreszenz mit &#8222;ApoTome&#8220; \t Axio Observer.Z1 High End \t Axio Observer.Z1 TIRF 3 \t Axio Scan.Z1 \t Axio Scope.A1 \t Axio Vert.A1 FL \t Axio Vert.A1 MAT \t Axio Zoom.V16 \t Axioplan 2 Imaging \t Axioplan 2 Imaging \t Axioplan 2 Imaging E \t Axioplan 2 Imaging f\u00fcr Auflicht-Fluoreszenz mit &#8222;ApoTome&#8220; \t Axioskop 2 \t Axioskop 2 FS \t Axioskop 2 FS MOT \t Axioskop 2 FS Plus \t Axioskop 2 MOT Plus \t Axioskop 2 Plus \t Axioskop 40 \t Axioskop 40 FL \t Axiovert 200 \t Axiovert 200 f\u00fcr Auflicht-Fluoreszenz mit &#8222;ApoTome&#8220; \t Axiovert 200 M \t Axiovert 200 M f\u00fcr Auflicht-Fluoreszenz mit &#8222;ApoTome&#8220; \t Axiovert 25 \t Axiovert 25 C \t Axiovert 25 CFL \t Axiovert 40 \t Axiovert 40 C \t Axiovert 40 CFL \t PALM CombiSystem Rel. 4.2 \t PALM MicroBeam Rel.4.2 \t PALM MicroTweezers Rel.4.2  &#8222;<\/p>\n","protected":false},"excerpt":{"rendered":"<p>Lichtleiter HXP mit Fl\u00fcssigf\u00fcllung, 2m (D) \u00f83mm x 2000mm Kompatible Mikroskope: Axio Examiner.A1 Axio Examiner.D1 Axio Examiner.Z1 Axio Imager Vario Axio Imager.A1 Axio Imager.A2 Axio Imager.D1 Axio Imager.D1 f\u00fcr Auflicht-Fluoreszenz mit ApoTome&#8220; Axio Imager.D2 Axio Imager.M1 Axio Imager.M2 Axio Imager.Z1 Axio Imager.Z1 + ApoTome Axio Imager.Z2 Axio Observer.D1 Axio Observer.D1 + ApoTome Axio Observer.D1 TIRF [&hellip;]<\/p>\n","protected":false},"featured_media":0,"comment_status":"open","ping_status":"closed","template":"","meta":[],"product_brand":[],"product_cat":[15],"product_tag":[],"class_list":{"0":"post-19","1":"product","2":"type-product","3":"status-publish","5":"product_cat-unkategorisiert","7":"first","8":"instock","9":"taxable","10":"shipping-taxable","11":"purchasable","12":"product-type-simple"},"jetpack_sharing_enabled":true,"_links":{"self":[{"href":"https:\/\/test.pulchlorenz.de\/index.php?rest_route=\/wp\/v2\/product\/19","targetHints":{"allow":["GET"]}}],"collection":[{"href":"https:\/\/test.pulchlorenz.de\/index.php?rest_route=\/wp\/v2\/product"}],"about":[{"href":"https:\/\/test.pulchlorenz.de\/index.php?rest_route=\/wp\/v2\/types\/product"}],"replies":[{"embeddable":true,"href":"https:\/\/test.pulchlorenz.de\/index.php?rest_route=%2Fwp%2Fv2%2Fcomments&post=19"}],"wp:attachment":[{"href":"https:\/\/test.pulchlorenz.de\/index.php?rest_route=%2Fwp%2Fv2%2Fmedia&parent=19"}],"wp:term":[{"taxonomy":"product_brand","embeddable":true,"href":"https:\/\/test.pulchlorenz.de\/index.php?rest_route=%2Fwp%2Fv2%2Fproduct_brand&post=19"},{"taxonomy":"product_cat","embeddable":true,"href":"https:\/\/test.pulchlorenz.de\/index.php?rest_route=%2Fwp%2Fv2%2Fproduct_cat&post=19"},{"taxonomy":"product_tag","embeddable":true,"href":"https:\/\/test.pulchlorenz.de\/index.php?rest_route=%2Fwp%2Fv2%2Fproduct_tag&post=19"}],"curies":[{"name":"wp","href":"https:\/\/api.w.org\/{rel}","templated":true}]}}