{"id":192,"date":"2023-03-21T16:05:25","date_gmt":"2023-03-21T16:05:25","guid":{"rendered":"https:\/\/test.pulchlorenz.de\/?product=aufsatzkoffer-stemi-305-d"},"modified":"2023-03-21T16:05:25","modified_gmt":"2023-03-21T16:05:25","slug":"aufsatzkoffer-stemi-305-d","status":"publish","type":"product","link":"https:\/\/test.pulchlorenz.de\/?product=aufsatzkoffer-stemi-305-d","title":{"rendered":"Aufsatzkoffer Stemi 305 (D)"},"content":{"rendered":"<p>Beschreibung:  Aufsatzkoffer f\u00fcr Transport und Lagerung f\u00fcr Stemi 305 trino und Stemi 305 cam, Vorsatzoptiken, Okulare, Axiocam ERs 5s und iPad  \t Aufsetzbar\/Fixierbar auf Transportkoffer Stemi 305\/508 \t Seitengriffe, abschlie\u00dfbar und staubdicht \t Nur mit zus\u00e4tzlichen Verpackungs f\u00fcr den Versand geeignet \t Au\u00dfenma\u00dfe L540xB435xH325 mm, Gewicht 6 kg   Kompatible Mikroskope:  \t Stemi 305<\/p>\n","protected":false},"excerpt":{"rendered":"<p>Beschreibung: Aufsatzkoffer f\u00fcr Transport und Lagerung f\u00fcr Stemi 305 trino und Stemi 305 cam, Vorsatzoptiken, Okulare, Axiocam ERs 5s und iPad Aufsetzbar\/Fixierbar auf Transportkoffer Stemi 305\/508 Seitengriffe, abschlie\u00dfbar und staubdicht Nur mit zus\u00e4tzlichen Verpackungs f\u00fcr den Versand geeignet Au\u00dfenma\u00dfe L540xB435xH325 mm, Gewicht 6 kg Kompatible Mikroskope: Stemi 305<\/p>\n","protected":false},"featured_media":0,"comment_status":"open","ping_status":"closed","template":"","meta":[],"product_brand":[],"product_cat":[15],"product_tag":[],"class_list":{"0":"post-192","1":"product","2":"type-product","3":"status-publish","5":"product_cat-unkategorisiert","7":"first","8":"instock","9":"taxable","10":"shipping-taxable","11":"purchasable","12":"product-type-simple"},"jetpack_sharing_enabled":true,"_links":{"self":[{"href":"https:\/\/test.pulchlorenz.de\/index.php?rest_route=\/wp\/v2\/product\/192","targetHints":{"allow":["GET"]}}],"collection":[{"href":"https:\/\/test.pulchlorenz.de\/index.php?rest_route=\/wp\/v2\/product"}],"about":[{"href":"https:\/\/test.pulchlorenz.de\/index.php?rest_route=\/wp\/v2\/types\/product"}],"replies":[{"embeddable":true,"href":"https:\/\/test.pulchlorenz.de\/index.php?rest_route=%2Fwp%2Fv2%2Fcomments&post=192"}],"wp:attachment":[{"href":"https:\/\/test.pulchlorenz.de\/index.php?rest_route=%2Fwp%2Fv2%2Fmedia&parent=192"}],"wp:term":[{"taxonomy":"product_brand","embeddable":true,"href":"https:\/\/test.pulchlorenz.de\/index.php?rest_route=%2Fwp%2Fv2%2Fproduct_brand&post=192"},{"taxonomy":"product_cat","embeddable":true,"href":"https:\/\/test.pulchlorenz.de\/index.php?rest_route=%2Fwp%2Fv2%2Fproduct_cat&post=192"},{"taxonomy":"product_tag","embeddable":true,"href":"https:\/\/test.pulchlorenz.de\/index.php?rest_route=%2Fwp%2Fv2%2Fproduct_tag&post=192"}],"curies":[{"name":"wp","href":"https:\/\/api.w.org\/{rel}","templated":true}]}}