{"id":197,"date":"2023-03-21T16:05:26","date_gmt":"2023-03-21T16:05:26","guid":{"rendered":"https:\/\/test.pulchlorenz.de\/?product=zeiss-labscope-kostenlos"},"modified":"2023-03-21T16:05:26","modified_gmt":"2023-03-21T16:05:26","slug":"zeiss-labscope-kostenlos","status":"publish","type":"product","link":"https:\/\/test.pulchlorenz.de\/?product=zeiss-labscope-kostenlos","title":{"rendered":"Zeiss Labscope &#8211; kostenlos"},"content":{"rendered":"<p>Die Zeiss Labscope Mikroskopkamerasoftware f\u00fcr Windows, Android und Iphone\/iPad  \t Betrachtung und Aufnahme von Bildern live und Schnappsch\u00fcsse von der Mikroskop-Kamera mit voller Aufl\u00f6sung. \t Einfaches Zoomen und Navigieren gro\u00dfer Bilder mit Ber\u00fchrung oder Vergleichen von Aufnahme und Live-Ansicht im Split-Screen-Modus. \t Darstellung kontinuierlich aktualisierter Miniaturbilder von allen Mikroskopen im Labor und einfaches Hin-und Herschalten zwischen den Mikroskopen. \t Betrachtung eines mikroskopischen Bildes auf mehreren iPads gleichzeitig. Ideal f\u00fcr Ausbildung und Labor. \t Beschriftung und Vermessung von Bildern und deren Speicherung im CZI- oder JPG-Format, einschlie\u00dflich wichtiger Metadaten wie der Vergr\u00f6\u00dferung. ZEISS CZIDateien werden in einem Bildformat mit voll dokumentierten Metadaten gespeichert. Dieses ist kompatibel mit unserer leistungsstarken Imaging-Software ZEN sowie einer Reihe von Open Source Programmen:  www.zeiss.com\/czi  \t Kopieren, Verschieben und Sichern Ihrer Bilder und Videos in allen gemeinsam genutzten Ordern in Ihrem Netzwerk. \t Einfache Integration in jedes drahtlose Netzwerk. \t Versenden von Bildern und Berichten per Email direkt von Ihrem iPad, Export ins Fotoalbum f\u00fcr die weitere Nutzung in Apps, gemeinsame Nutzung \u00fcber Social Media und Cloud-Dienste oder Ausdruck mit AirPrint kompatiblen Druckern. \t Verwendung der ausgekl\u00fcgelten Dateinamen-Vorlagen, um Ihre gesamten Aufnahmen mit minimalem Eingabeaufwand strukturiert abzulegen. \t Erstellen von Berichten mit Aufnahmen, Messtabellen und Diagrammen im PDFFormat oder im mit Word kompatiblen RTF-Format.   ZEISS Labscope ist verf\u00fcgbar f\u00fcr Windows (Windows 7\/8\/10), Android und iPhone und iPad.  Den\u00a0kostenlosen Downlaod f\u00fcr alle Versionen finden Sie auf unserer Download-Seite .  Kompatibel zu den Mikroskopkameras Axiocam ERc 5s sowie den eingebauten Kameras in den Mikroskopen Primostar HD, Primovert HD sowie Stemi 305 cam, Axiocam 208 color und Axiocam 202 mono.<\/p>\n","protected":false},"excerpt":{"rendered":"<p>Die Zeiss Labscope Mikroskopkamerasoftware f\u00fcr Windows, Android und Iphone\/iPad Betrachtung und Aufnahme von Bildern live und Schnappsch\u00fcsse von der Mikroskop-Kamera mit voller Aufl\u00f6sung. Einfaches Zoomen und Navigieren gro\u00dfer Bilder mit Ber\u00fchrung oder Vergleichen von Aufnahme und Live-Ansicht im Split-Screen-Modus. Darstellung kontinuierlich aktualisierter Miniaturbilder von allen Mikroskopen im Labor und einfaches Hin-und Herschalten zwischen den Mikroskopen. [&hellip;]<\/p>\n","protected":false},"featured_media":0,"comment_status":"open","ping_status":"closed","template":"","meta":[],"product_brand":[],"product_cat":[15],"product_tag":[],"class_list":{"0":"post-197","1":"product","2":"type-product","3":"status-publish","5":"product_cat-unkategorisiert","7":"first","8":"instock","9":"taxable","10":"shipping-taxable","11":"purchasable","12":"product-type-simple"},"jetpack_sharing_enabled":true,"_links":{"self":[{"href":"https:\/\/test.pulchlorenz.de\/index.php?rest_route=\/wp\/v2\/product\/197","targetHints":{"allow":["GET"]}}],"collection":[{"href":"https:\/\/test.pulchlorenz.de\/index.php?rest_route=\/wp\/v2\/product"}],"about":[{"href":"https:\/\/test.pulchlorenz.de\/index.php?rest_route=\/wp\/v2\/types\/product"}],"replies":[{"embeddable":true,"href":"https:\/\/test.pulchlorenz.de\/index.php?rest_route=%2Fwp%2Fv2%2Fcomments&post=197"}],"wp:attachment":[{"href":"https:\/\/test.pulchlorenz.de\/index.php?rest_route=%2Fwp%2Fv2%2Fmedia&parent=197"}],"wp:term":[{"taxonomy":"product_brand","embeddable":true,"href":"https:\/\/test.pulchlorenz.de\/index.php?rest_route=%2Fwp%2Fv2%2Fproduct_brand&post=197"},{"taxonomy":"product_cat","embeddable":true,"href":"https:\/\/test.pulchlorenz.de\/index.php?rest_route=%2Fwp%2Fv2%2Fproduct_cat&post=197"},{"taxonomy":"product_tag","embeddable":true,"href":"https:\/\/test.pulchlorenz.de\/index.php?rest_route=%2Fwp%2Fv2%2Fproduct_tag&post=197"}],"curies":[{"name":"wp","href":"https:\/\/api.w.org\/{rel}","templated":true}]}}