{"id":207,"date":"2023-03-21T16:05:27","date_gmt":"2023-03-21T16:05:27","guid":{"rendered":"https:\/\/test.pulchlorenz.de\/?product=durchlicht-mikroskop-primo-star-paket-5-mit-fototubus"},"modified":"2023-03-21T16:05:27","modified_gmt":"2023-03-21T16:05:27","slug":"durchlicht-mikroskop-primo-star-paket-5-mit-fototubus","status":"publish","type":"product","link":"https:\/\/test.pulchlorenz.de\/?product=durchlicht-mikroskop-primo-star-paket-5-mit-fototubus","title":{"rendered":"Durchlicht-Mikroskop Primo Star Paket 5 mit Fototubus"},"content":{"rendered":"<p>Primo Star ist ganz auf den dauerhaften Einsatz und gro\u00dfe Strapazierf\u00e4higkeit hin entwickelt worden.  \t Einfach zu bedienen \t Robust und langlebig \t Qualit\u00e4tsoptik von ZEISS \t Flexibel durch Modularit\u00e4t \t Starkes Preis-Leistungs-Verh\u00e4ltnis    Komplettausr\u00fcstung mit Stativ Full-K\u00f6hler einschlie\u00dflich  \t Halogen-Beleuchtung mit 6V 30W Halogenlampe \t Objektivrevolver 4-fach, nach hinten geneigt \t Kreuztisch 75&#215;30 Trieb rechts und Objekthalter mit Federhebel links \t binokularem Fototubus 30\u00b0\/20 (50:50 Okulare:Fototubus) \t 2x Okularen 10x\/20 Br. foc. \t Objektiven Plan-Achromat 10x Ph1, 20x Ph2 40x Ph2 und 100x Ph3 Oil \t Kondensor 0,9\/ 1,25 mit\u00a0Phasenkontrastschieber H, Ph1, Ph2, Ph3 \t Diopter d=30mm \t externem Netzteil 100&#8230;240VAC\/50&#8230;60Hz\/30VA mit l\u00e4nderspezifischen Adaptern \t Staubschutzh\u00fclle \t Farbfiltersatz blau, gr\u00fcn, gelb \t Halogenlampe 6V 30W \t Interferenz Gr\u00fcnfilter, d=45 mm f\u00fcr Phasenkontrast    Bio-Med. Anwendungen  \t Bakteriologie \t Botanik \t Dermatologie \t Gyn\u00e4kologie \t H\u00e4matologie \t Histologie \t Hobby- und Privatanwendungen \t Immunologie \t Pathologie \t Pharmakologie \t Urologie \t Zell- und Gewebezucht \t Zytologie   Materialanwendungen  \t Dental \t Hobby- und Privatanwendungen \t Qualit\u00e4tskontrolle<\/p>\n","protected":false},"excerpt":{"rendered":"<p>Primo Star ist ganz auf den dauerhaften Einsatz und gro\u00dfe Strapazierf\u00e4higkeit hin entwickelt worden. Einfach zu bedienen Robust und langlebig Qualit\u00e4tsoptik von ZEISS Flexibel durch Modularit\u00e4t Starkes Preis-Leistungs-Verh\u00e4ltnis Komplettausr\u00fcstung mit Stativ Full-K\u00f6hler einschlie\u00dflich Halogen-Beleuchtung mit 6V 30W Halogenlampe Objektivrevolver 4-fach, nach hinten geneigt Kreuztisch 75&#215;30 Trieb rechts und Objekthalter mit Federhebel links binokularem Fototubus 30\u00b0\/20 [&hellip;]<\/p>\n","protected":false},"featured_media":0,"comment_status":"open","ping_status":"closed","template":"","meta":[],"product_brand":[],"product_cat":[15],"product_tag":[],"class_list":{"0":"post-207","1":"product","2":"type-product","3":"status-publish","5":"product_cat-unkategorisiert","7":"first","8":"instock","9":"taxable","10":"shipping-taxable","11":"purchasable","12":"product-type-simple"},"jetpack_sharing_enabled":true,"_links":{"self":[{"href":"https:\/\/test.pulchlorenz.de\/index.php?rest_route=\/wp\/v2\/product\/207","targetHints":{"allow":["GET"]}}],"collection":[{"href":"https:\/\/test.pulchlorenz.de\/index.php?rest_route=\/wp\/v2\/product"}],"about":[{"href":"https:\/\/test.pulchlorenz.de\/index.php?rest_route=\/wp\/v2\/types\/product"}],"replies":[{"embeddable":true,"href":"https:\/\/test.pulchlorenz.de\/index.php?rest_route=%2Fwp%2Fv2%2Fcomments&post=207"}],"wp:attachment":[{"href":"https:\/\/test.pulchlorenz.de\/index.php?rest_route=%2Fwp%2Fv2%2Fmedia&parent=207"}],"wp:term":[{"taxonomy":"product_brand","embeddable":true,"href":"https:\/\/test.pulchlorenz.de\/index.php?rest_route=%2Fwp%2Fv2%2Fproduct_brand&post=207"},{"taxonomy":"product_cat","embeddable":true,"href":"https:\/\/test.pulchlorenz.de\/index.php?rest_route=%2Fwp%2Fv2%2Fproduct_cat&post=207"},{"taxonomy":"product_tag","embeddable":true,"href":"https:\/\/test.pulchlorenz.de\/index.php?rest_route=%2Fwp%2Fv2%2Fproduct_tag&post=207"}],"curies":[{"name":"wp","href":"https:\/\/api.w.org\/{rel}","templated":true}]}}