{"id":213,"date":"2023-03-21T16:05:29","date_gmt":"2023-03-21T16:05:29","guid":{"rendered":"https:\/\/test.pulchlorenz.de\/?product=kopflupe-eyemag-smart-strator"},"modified":"2023-03-21T16:05:29","modified_gmt":"2023-03-21T16:05:29","slug":"kopflupe-eyemag-smart-strator","status":"publish","type":"product","link":"https:\/\/test.pulchlorenz.de\/?product=kopflupe-eyemag-smart-strator","title":{"rendered":"Kopflupe EyeMag Smart Strator"},"content":{"rendered":"<p>H\u00f6chst funktionell, besonders komfortabel  Die Sportbrille sieht nicht nur gut aus, sondern erf\u00fcllt auch h\u00f6chste Anspr\u00fcche an Hygiene und Tragekomfort: Die gew\u00f6lbten Gl\u00e4ser bieten den Augen auch seitlichen Spritzschutz. Die kompakte Bauweise des optischen Systems, die weichen Nasenpads am Brillenrahmen und ein Halteband zur Fixierung am Kopf sorgen dabei f\u00fcr hervorragenden Tragekomfort auch bei l\u00e4ngeren Anwendungszeiten.    So individuell wie Sie  Dank vielseitiger Einstellm\u00f6glichkeiten passt sich EyeMag Smart mit Sportbrillenrahmen sekundenschnell an Ihre individuellen Bed\u00fcrfnisse an und sorgt damit f\u00fcr intuitive Hand- habung und entspanntes Arbeiten. Die 2,5-fache Vergr\u00f6\u00dferung er\u00f6ffnet Ihnen gro\u00dfe Sehfelder, damit Sie immer die \u00dcbersicht bewahren. Je nach individuellem Arbeitsab- stand k\u00f6nnen Sie zwischen f\u00fcnf Ausf\u00fchrungen von 300 bis 550 mm w\u00e4hlen.  Alle zur Wahl stehenden optischen EyeMag Smart Systeme beinhalten:  \t Optisches System G2,5x \t Ber\u00fchrungsschutz 2x \t Innensechskant-Schl\u00fcssel \t Reinigungstuch f\u00fcr die optik \t Softcase \t Umverpackung Smart   Der angegebene Grundpreis gilt f\u00fcr alle optischen Systeme, ohne Systemtr\u00e4ger, bitte w\u00e4hlen Sie diesen noch aus.   \t Optische Eigenschaften \t \t\t \t\t\t Arbeitsabstand (mm \/ zoll) \t\t\t 300 \/ 12 \t\t\t 350 \/ 14 \t\t\t 400 \/ 16 \t\t\t 450 \/ 18 \t\t\t 550 \/ 22 \t\t \t\t \t\t\t Vergr\u00f6\u00dferung \t\t\t 2,5x \t\t\t 2,5x \t\t\t 2,5x \t\t\t 2,5x \t\t\t 2,5x \t\t \t\t \t\t\t Sehfeld (mm) \t\t\t 67 \t\t\t 77 \t\t\t 86 \t\t\t 96 \t\t\t 115 \t\t \t    Diese Tabelle finden Sie auch in der PDF-Brosch\u00fcre im Download-Tab mit einer Darstellung der verschiedenen Sehfeldgr\u00f6\u00dfen im Ma\u00dfstab 1:1<\/p>\n","protected":false},"excerpt":{"rendered":"<p>H\u00f6chst funktionell, besonders komfortabel Die Sportbrille sieht nicht nur gut aus, sondern erf\u00fcllt auch h\u00f6chste Anspr\u00fcche an Hygiene und Tragekomfort: Die gew\u00f6lbten Gl\u00e4ser bieten den Augen auch seitlichen Spritzschutz. Die kompakte Bauweise des optischen Systems, die weichen Nasenpads am Brillenrahmen und ein Halteband zur Fixierung am Kopf sorgen dabei f\u00fcr hervorragenden Tragekomfort auch bei l\u00e4ngeren [&hellip;]<\/p>\n","protected":false},"featured_media":0,"comment_status":"open","ping_status":"closed","template":"","meta":[],"product_brand":[],"product_cat":[15],"product_tag":[],"class_list":{"0":"post-213","1":"product","2":"type-product","3":"status-publish","5":"product_cat-unkategorisiert","7":"first","8":"instock","9":"taxable","10":"shipping-taxable","11":"purchasable","12":"product-type-simple"},"jetpack_sharing_enabled":true,"_links":{"self":[{"href":"https:\/\/test.pulchlorenz.de\/index.php?rest_route=\/wp\/v2\/product\/213","targetHints":{"allow":["GET"]}}],"collection":[{"href":"https:\/\/test.pulchlorenz.de\/index.php?rest_route=\/wp\/v2\/product"}],"about":[{"href":"https:\/\/test.pulchlorenz.de\/index.php?rest_route=\/wp\/v2\/types\/product"}],"replies":[{"embeddable":true,"href":"https:\/\/test.pulchlorenz.de\/index.php?rest_route=%2Fwp%2Fv2%2Fcomments&post=213"}],"wp:attachment":[{"href":"https:\/\/test.pulchlorenz.de\/index.php?rest_route=%2Fwp%2Fv2%2Fmedia&parent=213"}],"wp:term":[{"taxonomy":"product_brand","embeddable":true,"href":"https:\/\/test.pulchlorenz.de\/index.php?rest_route=%2Fwp%2Fv2%2Fproduct_brand&post=213"},{"taxonomy":"product_cat","embeddable":true,"href":"https:\/\/test.pulchlorenz.de\/index.php?rest_route=%2Fwp%2Fv2%2Fproduct_cat&post=213"},{"taxonomy":"product_tag","embeddable":true,"href":"https:\/\/test.pulchlorenz.de\/index.php?rest_route=%2Fwp%2Fv2%2Fproduct_tag&post=213"}],"curies":[{"name":"wp","href":"https:\/\/api.w.org\/{rel}","templated":true}]}}