{"id":215,"date":"2023-03-21T16:05:29","date_gmt":"2023-03-21T16:05:29","guid":{"rendered":"https:\/\/test.pulchlorenz.de\/?product=transportkoffer-fuer-stemi-305-508"},"modified":"2023-03-21T16:05:29","modified_gmt":"2023-03-21T16:05:29","slug":"transportkoffer-fuer-stemi-305-508","status":"publish","type":"product","link":"https:\/\/test.pulchlorenz.de\/?product=transportkoffer-fuer-stemi-305-508","title":{"rendered":"Transportkoffer f\u00fcr Stemi 305 \/ 508"},"content":{"rendered":"<p>Transportkoffer Stemi 305\/508    \t Trolley-Koffer f\u00fcr Transport und Lagerung f\u00fcr Stemi 508, Stativ K, Vorsatzoptiken und Leuchten K \t Seitengriffe , abschlie\u00dfbar und staubdicht \t Nur mit zus\u00e4tzlicher Verpackung f\u00fcr den Versand geeignet \t Au\u00dfenma\u00dfe L615xB540xH325 mm, Gewicht 8 kg    Kompatible Mikroskope:   \t Stemi 305 \t Stemi 508<\/p>\n","protected":false},"excerpt":{"rendered":"<p>Transportkoffer Stemi 305\/508 Trolley-Koffer f\u00fcr Transport und Lagerung f\u00fcr Stemi 508, Stativ K, Vorsatzoptiken und Leuchten K Seitengriffe , abschlie\u00dfbar und staubdicht Nur mit zus\u00e4tzlicher Verpackung f\u00fcr den Versand geeignet Au\u00dfenma\u00dfe L615xB540xH325 mm, Gewicht 8 kg Kompatible Mikroskope: Stemi 305 Stemi 508<\/p>\n","protected":false},"featured_media":0,"comment_status":"open","ping_status":"closed","template":"","meta":[],"product_brand":[],"product_cat":[15],"product_tag":[],"class_list":{"0":"post-215","1":"product","2":"type-product","3":"status-publish","5":"product_cat-unkategorisiert","7":"first","8":"instock","9":"taxable","10":"shipping-taxable","11":"purchasable","12":"product-type-simple"},"jetpack_sharing_enabled":true,"_links":{"self":[{"href":"https:\/\/test.pulchlorenz.de\/index.php?rest_route=\/wp\/v2\/product\/215","targetHints":{"allow":["GET"]}}],"collection":[{"href":"https:\/\/test.pulchlorenz.de\/index.php?rest_route=\/wp\/v2\/product"}],"about":[{"href":"https:\/\/test.pulchlorenz.de\/index.php?rest_route=\/wp\/v2\/types\/product"}],"replies":[{"embeddable":true,"href":"https:\/\/test.pulchlorenz.de\/index.php?rest_route=%2Fwp%2Fv2%2Fcomments&post=215"}],"wp:attachment":[{"href":"https:\/\/test.pulchlorenz.de\/index.php?rest_route=%2Fwp%2Fv2%2Fmedia&parent=215"}],"wp:term":[{"taxonomy":"product_brand","embeddable":true,"href":"https:\/\/test.pulchlorenz.de\/index.php?rest_route=%2Fwp%2Fv2%2Fproduct_brand&post=215"},{"taxonomy":"product_cat","embeddable":true,"href":"https:\/\/test.pulchlorenz.de\/index.php?rest_route=%2Fwp%2Fv2%2Fproduct_cat&post=215"},{"taxonomy":"product_tag","embeddable":true,"href":"https:\/\/test.pulchlorenz.de\/index.php?rest_route=%2Fwp%2Fv2%2Fproduct_tag&post=215"}],"curies":[{"name":"wp","href":"https:\/\/api.w.org\/{rel}","templated":true}]}}