{"id":224,"date":"2023-03-21T16:05:30","date_gmt":"2023-03-21T16:05:30","guid":{"rendered":"https:\/\/test.pulchlorenz.de\/?product=pl-led-doppelspot-beleuchtung-fuer-flexi-stative"},"modified":"2023-03-21T16:05:30","modified_gmt":"2023-03-21T16:05:30","slug":"pl-led-doppelspot-beleuchtung-fuer-flexi-stative","status":"publish","type":"product","link":"https:\/\/test.pulchlorenz.de\/?product=pl-led-doppelspot-beleuchtung-fuer-flexi-stative","title":{"rendered":"P+L LED-Doppelspot-Beleuchtung f\u00fcr Flexi-Stative"},"content":{"rendered":"<p>Zwei LED-Leuchten jeweils mit Kniegelenkhalterung zur Befestigung an einer M8-Bohrung, z.B. einem Stemitr\u00e4ger mit Trieb. Die Steuerung erfolgt \u00fcber den mitgelieferten Controller. Die Positionierung erfolgt \u00fcber Kniegelenkshalter mit einer Reichweite von rund 20cm. Mit angezogenem Drehgriff bewegen sich dei Halter und Spots kein St\u00fcck mehr und verhindern so das Schwingen und R\u00fcckfedern der Beleuchtung.\u00a0Am vorderen Ende der LED-Spots befindet sich jeweils ein M27-Feingewinde zur Befestigung von Filtern.  Die Leuchtkraft eines LED-Spots ist heller als eine klassische Schott Halogen KL1500 und damit vergleichbar mit einer Schott KL1600LED.<\/p>\n","protected":false},"excerpt":{"rendered":"<p>Zwei LED-Leuchten jeweils mit Kniegelenkhalterung zur Befestigung an einer M8-Bohrung, z.B. einem Stemitr\u00e4ger mit Trieb. Die Steuerung erfolgt \u00fcber den mitgelieferten Controller. Die Positionierung erfolgt \u00fcber Kniegelenkshalter mit einer Reichweite von rund 20cm. Mit angezogenem Drehgriff bewegen sich dei Halter und Spots kein St\u00fcck mehr und verhindern so das Schwingen und R\u00fcckfedern der Beleuchtung.\u00a0Am vorderen [&hellip;]<\/p>\n","protected":false},"featured_media":0,"comment_status":"open","ping_status":"closed","template":"","meta":[],"product_brand":[],"product_cat":[15],"product_tag":[],"class_list":{"0":"post-224","1":"product","2":"type-product","3":"status-publish","5":"product_cat-unkategorisiert","7":"first","8":"instock","9":"taxable","10":"shipping-taxable","11":"purchasable","12":"product-type-simple"},"jetpack_sharing_enabled":true,"_links":{"self":[{"href":"https:\/\/test.pulchlorenz.de\/index.php?rest_route=\/wp\/v2\/product\/224","targetHints":{"allow":["GET"]}}],"collection":[{"href":"https:\/\/test.pulchlorenz.de\/index.php?rest_route=\/wp\/v2\/product"}],"about":[{"href":"https:\/\/test.pulchlorenz.de\/index.php?rest_route=\/wp\/v2\/types\/product"}],"replies":[{"embeddable":true,"href":"https:\/\/test.pulchlorenz.de\/index.php?rest_route=%2Fwp%2Fv2%2Fcomments&post=224"}],"wp:attachment":[{"href":"https:\/\/test.pulchlorenz.de\/index.php?rest_route=%2Fwp%2Fv2%2Fmedia&parent=224"}],"wp:term":[{"taxonomy":"product_brand","embeddable":true,"href":"https:\/\/test.pulchlorenz.de\/index.php?rest_route=%2Fwp%2Fv2%2Fproduct_brand&post=224"},{"taxonomy":"product_cat","embeddable":true,"href":"https:\/\/test.pulchlorenz.de\/index.php?rest_route=%2Fwp%2Fv2%2Fproduct_cat&post=224"},{"taxonomy":"product_tag","embeddable":true,"href":"https:\/\/test.pulchlorenz.de\/index.php?rest_route=%2Fwp%2Fv2%2Fproduct_tag&post=224"}],"curies":[{"name":"wp","href":"https:\/\/api.w.org\/{rel}","templated":true}]}}