{"id":231,"date":"2023-03-21T16:05:31","date_gmt":"2023-03-21T16:05:31","guid":{"rendered":"https:\/\/test.pulchlorenz.de\/?product=vorsatzoptik-3-15x-fwd-56mm"},"modified":"2023-03-21T16:05:31","modified_gmt":"2023-03-21T16:05:31","slug":"vorsatzoptik-3-15x-fwd-56mm","status":"publish","type":"product","link":"https:\/\/test.pulchlorenz.de\/?product=vorsatzoptik-3-15x-fwd-56mm","title":{"rendered":"Vorsatzoptik 3 1,5x FWD 56mm"},"content":{"rendered":"<p>Vorsatzoptik 3 1,5x FWD 56 mm  \t Gewinde M49x0,75 f\u00fcr Analysator \t Adapter d=58 mm auf D=66 mm     \t \t\t \t\t\t Stemi 305 \t\t\t Okulare PL 10x 23 Br. foc. \t\t\t Okulare PL 16x 14 Br. foc. \t\t\t 25x &#8211;>\t\t \t\t \t\t\t Frontoptik \t\t\t Arbeitsabstand \t\t\t(FWD) in mm \t\t\t Vergr\u00f6\u00dferung \t\t\t Objektfeld \t\t\tin mm \t\t\t Vergr\u00f6\u00dferung \t\t\t Objektfeld \t\t\tin mm \t\t\t Vergr\u00f6\u00dferung \t\t Objektfeld in mm \t\t&#8211;>\t\t \t\t \t\t\t 0,5x \t\t\t 185 \t\t\t 4x bis 20x \t\t\t 57,5 bis 11,5 \t\t\t 6,4x bis 32x \t\t\t 35 bis 7 \t\t\t 10x bis 50x \t\t 25,0 bis 5,0 &#8211;>\t\t \t\t \t\t\t 0,75x \t\t\t 128 \t\t\t 6x bis 30x \t\t\t 38,3 bis 7,7 \t\t\t 9,6x bis 48x \t\t\t 23,3 bis 4,7 \t\t\t 15x bis 75x \t\t 16,7 bis 3,3 &#8211;>\t\t \t\t \t\t\t ohne (1x) \t\t\t 110 \t\t\t 8x bis 40x \t\t\t 28,8 bis 5,8 \t\t\t 12,8x bis 64x \t\t\t 17,5 bis 3,5 \t\t\t 20x bis 100x \t\t 12,5 bis 2,5 &#8211;>\t\t \t\t \t\t\t 1,5x \t\t\t 56 \t\t\t 12x bis 60x \t\t\t 19,2 bis 3,8 \t\t\t 19,2x bis 96x \t\t\t 11,7 bis 2,3 \t\t\t 30x bis 150x \t\t 8,3 bis 1,7 &#8211;>\t\t \t\t \t\t\t 2,0x \t\t\t 43 \t\t\t 16x bis 80x \t\t\t 14,4 bis 2,9 \t\t\t 25,6x bis 128x \t\t\t 8,8 bis 1,8 \t\t\t 40x bis 200x \t\t 6,3 bis 1,3 &#8211;>\t\t \t\t \t\t \t     Kompatible Mikroskope:  \t Stemi 305<\/p>\n","protected":false},"excerpt":{"rendered":"<p>Vorsatzoptik 3 1,5x FWD 56 mm Gewinde M49x0,75 f\u00fcr Analysator Adapter d=58 mm auf D=66 mm Stemi 305 Okulare PL 10x 23 Br. foc. Okulare PL 16x 14 Br. foc. 25x &#8211;> Frontoptik Arbeitsabstand (FWD) in mm Vergr\u00f6\u00dferung Objektfeld in mm Vergr\u00f6\u00dferung Objektfeld in mm Vergr\u00f6\u00dferung Objektfeld in mm &#8211;> 0,5x 185 4x bis 20x [&hellip;]<\/p>\n","protected":false},"featured_media":0,"comment_status":"open","ping_status":"closed","template":"","meta":[],"product_brand":[],"product_cat":[15],"product_tag":[],"class_list":{"0":"post-231","1":"product","2":"type-product","3":"status-publish","5":"product_cat-unkategorisiert","7":"first","8":"instock","9":"taxable","10":"shipping-taxable","11":"purchasable","12":"product-type-simple"},"jetpack_sharing_enabled":true,"_links":{"self":[{"href":"https:\/\/test.pulchlorenz.de\/index.php?rest_route=\/wp\/v2\/product\/231","targetHints":{"allow":["GET"]}}],"collection":[{"href":"https:\/\/test.pulchlorenz.de\/index.php?rest_route=\/wp\/v2\/product"}],"about":[{"href":"https:\/\/test.pulchlorenz.de\/index.php?rest_route=\/wp\/v2\/types\/product"}],"replies":[{"embeddable":true,"href":"https:\/\/test.pulchlorenz.de\/index.php?rest_route=%2Fwp%2Fv2%2Fcomments&post=231"}],"wp:attachment":[{"href":"https:\/\/test.pulchlorenz.de\/index.php?rest_route=%2Fwp%2Fv2%2Fmedia&parent=231"}],"wp:term":[{"taxonomy":"product_brand","embeddable":true,"href":"https:\/\/test.pulchlorenz.de\/index.php?rest_route=%2Fwp%2Fv2%2Fproduct_brand&post=231"},{"taxonomy":"product_cat","embeddable":true,"href":"https:\/\/test.pulchlorenz.de\/index.php?rest_route=%2Fwp%2Fv2%2Fproduct_cat&post=231"},{"taxonomy":"product_tag","embeddable":true,"href":"https:\/\/test.pulchlorenz.de\/index.php?rest_route=%2Fwp%2Fv2%2Fproduct_tag&post=231"}],"curies":[{"name":"wp","href":"https:\/\/api.w.org\/{rel}","templated":true}]}}