{"id":240,"date":"2023-03-21T16:05:33","date_gmt":"2023-03-21T16:05:33","guid":{"rendered":"https:\/\/test.pulchlorenz.de\/?product=primovert-mit-binokularem-fototubus-und-ph1"},"modified":"2023-03-21T16:05:33","modified_gmt":"2023-03-21T16:05:33","slug":"primovert-mit-binokularem-fototubus-und-ph1","status":"publish","type":"product","link":"https:\/\/test.pulchlorenz.de\/?product=primovert-mit-binokularem-fototubus-und-ph1","title":{"rendered":"Primovert mit binokularem Fototubus und Ph1"},"content":{"rendered":"<p>Zeiss Primo Vert Mikroskopstativ mit nach oben und unten schwenkbaren Binokularteil f\u00fcr die individuelle Augenabstandsanpassung.  Diese Variante des Primo Vert ist besonders f\u00fcr die schnelle und bequeme Befundung lebender Zellen in ergonomischer Haltung geeignet \u2013 egal ob Sie diese T\u00e4tigkeit stehend oder sitzend ausf\u00fchren m\u00f6chten.   Gebrauchsfertiges Mikroskopset bestehend aus:  \t Objektivrevolver 4-fach Hellfeld W0,8 \t fester Objekttisch 200&#215;239 mm mit Tischeinsatz, Metall \t binokularer Fototubus 45\u00b0\/20 (50:50) \t Okulare 10x\/20 Br. foc. \t Durchlichtbeleuchtung mit Halogenlampe 6V 30W \t Diopter und Inbusschl\u00fcssel zur Einstellung des Phasenkontrasts \t externes Netzteil 100&#8230;240VAC\/50&#8230;60Hz mit l\u00e4nderspezifischen Adaptern \t Staubschutzh\u00fclle \t Halogenlampe 6V 30W (Ersatz) \t Objektiv Plan-Achromat 4x\/0,10 f\u00fcr Primo (a=12,0mm) \t Objektiv Plan-Achromat 10x\/0,25 Ph1 f\u00fcr Primo (a=4,4mm) \t Objektiv LD Plan-Achromat 20x\/0,3 Ph1 f\u00fcr Primo (a=4,6mm bei D=1mm) \t Objektiv LD Plan-Achromat 40x\/0,5 Ph1 f\u00fcr Primo (a=2,7mm bei D=1mm) \t LD-Kondensor 0,3 (a=72mm) \t Schieber Ph, 2-fach zur Aufnahme von Ringblenden Ph oder Neutralfilter, gefasst d=43 mm \t Ringblende Ph 1\/0,3    Bio-Med. Anwendungen  \t Entwicklungsbiologie \t Zell- und Gewebezucht \t Zellbiologie  &#8222;<\/p>\n","protected":false},"excerpt":{"rendered":"<p>Zeiss Primo Vert Mikroskopstativ mit nach oben und unten schwenkbaren Binokularteil f\u00fcr die individuelle Augenabstandsanpassung. Diese Variante des Primo Vert ist besonders f\u00fcr die schnelle und bequeme Befundung lebender Zellen in ergonomischer Haltung geeignet \u2013 egal ob Sie diese T\u00e4tigkeit stehend oder sitzend ausf\u00fchren m\u00f6chten. Gebrauchsfertiges Mikroskopset bestehend aus: Objektivrevolver 4-fach Hellfeld W0,8 fester Objekttisch [&hellip;]<\/p>\n","protected":false},"featured_media":0,"comment_status":"open","ping_status":"closed","template":"","meta":[],"product_brand":[],"product_cat":[15],"product_tag":[],"class_list":{"0":"post-240","1":"product","2":"type-product","3":"status-publish","5":"product_cat-unkategorisiert","7":"first","8":"instock","9":"taxable","10":"shipping-taxable","11":"purchasable","12":"product-type-simple"},"jetpack_sharing_enabled":true,"_links":{"self":[{"href":"https:\/\/test.pulchlorenz.de\/index.php?rest_route=\/wp\/v2\/product\/240","targetHints":{"allow":["GET"]}}],"collection":[{"href":"https:\/\/test.pulchlorenz.de\/index.php?rest_route=\/wp\/v2\/product"}],"about":[{"href":"https:\/\/test.pulchlorenz.de\/index.php?rest_route=\/wp\/v2\/types\/product"}],"replies":[{"embeddable":true,"href":"https:\/\/test.pulchlorenz.de\/index.php?rest_route=%2Fwp%2Fv2%2Fcomments&post=240"}],"wp:attachment":[{"href":"https:\/\/test.pulchlorenz.de\/index.php?rest_route=%2Fwp%2Fv2%2Fmedia&parent=240"}],"wp:term":[{"taxonomy":"product_brand","embeddable":true,"href":"https:\/\/test.pulchlorenz.de\/index.php?rest_route=%2Fwp%2Fv2%2Fproduct_brand&post=240"},{"taxonomy":"product_cat","embeddable":true,"href":"https:\/\/test.pulchlorenz.de\/index.php?rest_route=%2Fwp%2Fv2%2Fproduct_cat&post=240"},{"taxonomy":"product_tag","embeddable":true,"href":"https:\/\/test.pulchlorenz.de\/index.php?rest_route=%2Fwp%2Fv2%2Fproduct_tag&post=240"}],"curies":[{"name":"wp","href":"https:\/\/api.w.org\/{rel}","templated":true}]}}