{"id":242,"date":"2023-03-21T16:05:33","date_gmt":"2023-03-21T16:05:33","guid":{"rendered":"https:\/\/test.pulchlorenz.de\/?product=spot-leuchte-k-led"},"modified":"2023-03-21T16:05:33","modified_gmt":"2023-03-21T16:05:33","slug":"spot-leuchte-k-led","status":"publish","type":"product","link":"https:\/\/test.pulchlorenz.de\/?product=spot-leuchte-k-led","title":{"rendered":"Spot-Leuchte K LED"},"content":{"rendered":"<p>Spot-Leuchte K LED   \t Einzel-spot f\u00fcr Hell- und Dunkelfeld-Auflichtbeleuchtung \t Gewinde M24x0,5 f\u00fcr Polarisator \t H\u00f6henverstellbar, neigbar, zoombar \t kompatibel zu den Stativen K EDU\/LAB\/MAT    Kompatible Mikroskope:  \t SteREO Discovery.V12 \t SteREO Discovery.V8 \t SteREO Discovery.V20 \t Stemi 305 \t Stemi 508 \t Stemi 305 trino \t Stemi 508 trino \t Stemi 508 doc \t Stemi 305 cam<\/p>\n","protected":false},"excerpt":{"rendered":"<p>Spot-Leuchte K LED Einzel-spot f\u00fcr Hell- und Dunkelfeld-Auflichtbeleuchtung Gewinde M24x0,5 f\u00fcr Polarisator H\u00f6henverstellbar, neigbar, zoombar kompatibel zu den Stativen K EDU\/LAB\/MAT Kompatible Mikroskope: SteREO Discovery.V12 SteREO Discovery.V8 SteREO Discovery.V20 Stemi 305 Stemi 508 Stemi 305 trino Stemi 508 trino Stemi 508 doc Stemi 305 cam<\/p>\n","protected":false},"featured_media":0,"comment_status":"open","ping_status":"closed","template":"","meta":[],"product_brand":[],"product_cat":[15],"product_tag":[],"class_list":{"0":"post-242","1":"product","2":"type-product","3":"status-publish","5":"product_cat-unkategorisiert","7":"first","8":"instock","9":"taxable","10":"shipping-taxable","11":"purchasable","12":"product-type-simple"},"jetpack_sharing_enabled":true,"_links":{"self":[{"href":"https:\/\/test.pulchlorenz.de\/index.php?rest_route=\/wp\/v2\/product\/242","targetHints":{"allow":["GET"]}}],"collection":[{"href":"https:\/\/test.pulchlorenz.de\/index.php?rest_route=\/wp\/v2\/product"}],"about":[{"href":"https:\/\/test.pulchlorenz.de\/index.php?rest_route=\/wp\/v2\/types\/product"}],"replies":[{"embeddable":true,"href":"https:\/\/test.pulchlorenz.de\/index.php?rest_route=%2Fwp%2Fv2%2Fcomments&post=242"}],"wp:attachment":[{"href":"https:\/\/test.pulchlorenz.de\/index.php?rest_route=%2Fwp%2Fv2%2Fmedia&parent=242"}],"wp:term":[{"taxonomy":"product_brand","embeddable":true,"href":"https:\/\/test.pulchlorenz.de\/index.php?rest_route=%2Fwp%2Fv2%2Fproduct_brand&post=242"},{"taxonomy":"product_cat","embeddable":true,"href":"https:\/\/test.pulchlorenz.de\/index.php?rest_route=%2Fwp%2Fv2%2Fproduct_cat&post=242"},{"taxonomy":"product_tag","embeddable":true,"href":"https:\/\/test.pulchlorenz.de\/index.php?rest_route=%2Fwp%2Fv2%2Fproduct_tag&post=242"}],"curies":[{"name":"wp","href":"https:\/\/api.w.org\/{rel}","templated":true}]}}