{"id":243,"date":"2023-03-21T16:05:33","date_gmt":"2023-03-21T16:05:33","guid":{"rendered":"https:\/\/test.pulchlorenz.de\/?product=stemi-508-doc-mit-stemi-spot-senkrechtbeleuchtung-im-stativ-m"},"modified":"2023-03-21T16:05:33","modified_gmt":"2023-03-21T16:05:33","slug":"stemi-508-doc-mit-stemi-spot-senkrechtbeleuchtung-im-stativ-m","status":"publish","type":"product","link":"https:\/\/test.pulchlorenz.de\/?product=stemi-508-doc-mit-stemi-spot-senkrechtbeleuchtung-im-stativ-m","title":{"rendered":"Stemi 508 doc mit Stemi-Spot Senkrechtbeleuchtung im Stativ M"},"content":{"rendered":"<p>Mikroskopk\u00f6rper Stemi 508 doc \/ trino   \t Apochromatisches Greenough-System mit Stereowinkel 11\u00b0 \t Kamera-Ausgang mit Schnittstelle 60N mit Umschaltung 100vis\/100doc \t Manueller, beidseitig bedienbarer Zoom 8:1 (0,63x&#8230;5,0x) \t Schaltbare Zoom-Rastpositionen 0,63x-0,8x-1x-1,25x-1,6x-2x-2,5x-3,2x-4x-4,5x-5x \t Freier Arbeitsabstand 92 mm (ohne Staubschutzglas) \t Einblickwinkel 35\u00b0 mit einstellbarer Augenabstand 55&#8230;75 mm \t Okularaufnahme 30 mm mit maximale Sehfeldzahl 23 mm \t Aufnahme D=76 mm f\u00fcr Stemi-Tr\u00e4ger\/Tr\u00e4ger S \t Schnittstelle D=53 mm f\u00fcr Leuchten \t Gewinde M49\/50 f\u00fcr Vorsatzoptik oder Polarisator \t 2x Okular 10x\/23 Br. foc. \t Staubschutzglas M50 mit M49x0,75 \t Kamera-Adapter 60N C-Mount 2\/3 Zoll\u00a00,5x    kompatibel zu allen  P+L Flexi-Stative  und    MikstaLED-Tischstative           \t \t\t \t\t\t Stemi 508 \t\t\t Okulare PL 10x 23 Br. foc. \t\t\t Okulare PL 16x 14 Br. foc. \t\t\t 25x &#8211;>\t\t \t\t \t\t\t Frontoptik \t\t\t Arbeitsabstand \t\t\t(FWD) in mm \t\t\t Vergr\u00f6\u00dferung \t\t\t Objektfeld \t\t\tin mm \t\t\t Vergr\u00f6\u00dferung \t\t\t Objektfeld \t\t\tin mm \t\t\t Vergr\u00f6\u00dferung \t\t Objektfeld in mm \t\t&#8211;>\t\t \t\t \t\t\t 0,3x \t\t\t 287 \t\t\t 1,9x bis 15x \t\t\t 122,7 bis 15,3 \t\t\t 3,0x bis 24,0x \t\t\t 85,3 bis 10,7 \t\t\t 4,7x bis 37,5x \t\t 53,3 bis 6,7 &#8211;>\t\t \t\t \t\t\t 0,4x \t\t\t 211 \t\t\t 2,5x bis 20x \t\t\t 92,0 bis 11,5 \t\t\t 4,0x bis 32x \t\t\t 64,0 bis 8,0 \t\t\t 6,3x bis 50x \t\t 40,0 bis 5,0 &#8211;>\t\t \t\t \t\t\t 0,3-0,5x \t\t\t 230-90 \t\t\t 1,9x bis 25x \t\t\t 122,7 bis 9,2 \t\t\t 3,0x bis 40x \t\t\t 85,3 bis 6,4 \t\t\t 4,7x bis 62,5x \t\t 53,3 bis 4,0 &#8211;>\t\t \t\t \t\t\t 0,63x \t\t\t 127 \t\t\t 3,9x bis 31,5x \t\t\t 58,4 bis 7,3 \t\t\t 6,3x bis 50x \t\t\t 40,6 bis 5,1 \t\t\t 9,8x bis 78,8x \t\t 25,4 bis 3,2 &#8211;>\t\t \t\t \t\t\t ohne (1x) \t\t\t 92 \t\t\t 6,3x bis 50,0x \t\t\t 36,8 bis 4,6 \t\t\t 10,0x bis 80,0x \t\t\t 25,6 bis 3,2 \t\t\t 23,4x bis 187,5x \t\t 10,7 bis 1,3 &#8211;>\t\t \t\t \t\t\t 1,5x \t\t\t 53 \t\t\t 9,4x bis 75,0x \t\t\t 24,5 bis 3,1 \t\t\t 15,0x bis 120,0x \t\t\t 17,1 bis 2,1 \t\t\t 31,3x bis 250x \t\t 8,0 bis 1,0 &#8211;>\t\t \t\t \t\t\t 2,0x \t\t\t 35 \t\t\t 12,5x bis 100,0x \t\t\t 18,4 bis 2,3 \t\t\t 20,0x bis 160x \t\t\t 12,8 bis 1,6 \t\t\t 31,3x bis 250x \t\t 8,0 bis 1,0 &#8211;>\t\t \t     Stemi-Spot K Senkrechtbeleuchtung  F\u00fcr tiefe Einblicke, in Kan\u00e4le, Bohrungen und andere Vertiefungen ben\u00f6tigen Sie eine m\u00f6glichst senkrechte Belechtung. Eine echte Koaxialbeleuchtung, bei der das Licht in den Sichtkanal eingespeist wird ist kompliziert und hat ganz eigene Nachteile. Unsere Stemi-Spot-Senkrechtbeleuchtung erm\u00f6glicht das Nachr\u00fcsten einer LED-Senkrechtbeleuchtung f\u00fcr Stereomikroskope.  Befestigt wird die Senkrechtbeleuchtung an der Frontoptik des Mikroskopk\u00f6rpers oder ggf. am dort befestigten Vorsatzsystem (bei Vorsatzoptik 1,6x und 2,0x kommt es zu Einschr\u00e4nkungen). Die Stromversorgung sowie Steuerung erfolgt \u00fcber das Zeiss Stativ K mit einem RJ12 Anschluss (IVI) (oder \u00fcber einen Controller K)   Ein wechselbares Staubschutzglas ist im Lieferumfang enthalten\u00a0   Das Licht der LED\u00a0wird durch eine Linse geb\u00fcndelt und trifft beinahe senkrecht auf das betrachtete Objekt. Durch die triggerfreie LED-Technik kommt es bei dieser Beleuchtung nicht zum Flackern; damit ist die Beleuchtung auch bestens f\u00fcr den Einsatz zusammen mit einer Kamera geeignet.               Zeiss Stativ M LED  \t  Stativbasis T340xB300xH35 mm  \t   Arbeitsfl\u00e4che B255xT215 mm   \t    Schnittstellen d=84 mm f\u00fcr Tische und d=45 mm f\u00fcr DL Polarisator    \t     Zentrales Durchgangsloch 40 mm     \t      S\u00e4ule 360 mm mit Trieb, Hubbereich 190 mm      \t       Stemi-Tr\u00e4ger d=76 mm, Tragf\u00e4higkeit 5 Kg, Friktion einstellbar       \t        Durchlichtbeleuchtungen M LED nachr\u00fcstbar        \t         2x Buchse f\u00fcr IVI und Leuchte K LED         \t          Separate AL\/DL-Bedienelemente: 2x Dreh-Dr\u00fcck-Knopf f\u00fcr Ein\/Aus\/Dimmen          \t           3x Memory Taste zum Speichern\/Aufrufen von drei Mischlichteinstellungen: Speichern: langer Tastendruck (2 sec), Aufrufen: kurzer Tastendruck Speichert: Aktuelle eingestellte Werte (An\/Aus, Helligkeit) von AL\/DL-Leuchten K\/M LED Speichert nicht: Mechanische Einstellung der Beleuchtungen sowie Segmenteinstellung und Rotation von Ringlicht K LED           \t            Einbaunetzteil 12V DC 24W\/100&#8230;240V AC\/50&#8230;60Hz Zus\u00e4tzlich enthalten:            \t             Glas- und S\/W Kunststoffplatte D=84&#215;5 mm             \t              L\u00e4nderspezifisches Netzkabel EURO C8              \t               Staubschutzh\u00fclle<\/p>\n","protected":false},"excerpt":{"rendered":"<p>Mikroskopk\u00f6rper Stemi 508 doc \/ trino Apochromatisches Greenough-System mit Stereowinkel 11\u00b0 Kamera-Ausgang mit Schnittstelle 60N mit Umschaltung 100vis\/100doc Manueller, beidseitig bedienbarer Zoom 8:1 (0,63x&#8230;5,0x) Schaltbare Zoom-Rastpositionen 0,63x-0,8x-1x-1,25x-1,6x-2x-2,5x-3,2x-4x-4,5x-5x Freier Arbeitsabstand 92 mm (ohne Staubschutzglas) Einblickwinkel 35\u00b0 mit einstellbarer Augenabstand 55&#8230;75 mm Okularaufnahme 30 mm mit maximale Sehfeldzahl 23 mm Aufnahme D=76 mm f\u00fcr Stemi-Tr\u00e4ger\/Tr\u00e4ger S Schnittstelle [&hellip;]<\/p>\n","protected":false},"featured_media":0,"comment_status":"open","ping_status":"closed","template":"","meta":[],"product_brand":[],"product_cat":[15],"product_tag":[],"class_list":{"0":"post-243","1":"product","2":"type-product","3":"status-publish","5":"product_cat-unkategorisiert","7":"first","8":"instock","9":"taxable","10":"shipping-taxable","11":"purchasable","12":"product-type-simple"},"jetpack_sharing_enabled":true,"_links":{"self":[{"href":"https:\/\/test.pulchlorenz.de\/index.php?rest_route=\/wp\/v2\/product\/243","targetHints":{"allow":["GET"]}}],"collection":[{"href":"https:\/\/test.pulchlorenz.de\/index.php?rest_route=\/wp\/v2\/product"}],"about":[{"href":"https:\/\/test.pulchlorenz.de\/index.php?rest_route=\/wp\/v2\/types\/product"}],"replies":[{"embeddable":true,"href":"https:\/\/test.pulchlorenz.de\/index.php?rest_route=%2Fwp%2Fv2%2Fcomments&post=243"}],"wp:attachment":[{"href":"https:\/\/test.pulchlorenz.de\/index.php?rest_route=%2Fwp%2Fv2%2Fmedia&parent=243"}],"wp:term":[{"taxonomy":"product_brand","embeddable":true,"href":"https:\/\/test.pulchlorenz.de\/index.php?rest_route=%2Fwp%2Fv2%2Fproduct_brand&post=243"},{"taxonomy":"product_cat","embeddable":true,"href":"https:\/\/test.pulchlorenz.de\/index.php?rest_route=%2Fwp%2Fv2%2Fproduct_cat&post=243"},{"taxonomy":"product_tag","embeddable":true,"href":"https:\/\/test.pulchlorenz.de\/index.php?rest_route=%2Fwp%2Fv2%2Fproduct_tag&post=243"}],"curies":[{"name":"wp","href":"https:\/\/api.w.org\/{rel}","templated":true}]}}