{"id":248,"date":"2023-03-21T16:05:34","date_gmt":"2023-03-21T16:05:34","guid":{"rendered":"https:\/\/test.pulchlorenz.de\/?product=mikroskop-reinigungsset"},"modified":"2023-03-21T16:05:34","modified_gmt":"2023-03-21T16:05:34","slug":"mikroskop-reinigungsset","status":"publish","type":"product","link":"https:\/\/test.pulchlorenz.de\/?product=mikroskop-reinigungsset","title":{"rendered":"Mikroskop-Reinigungsset"},"content":{"rendered":"<p>Von Objektiv bis Okular ist Eclipse als Reinigungsmittel auf Methanolbasis eine der besten Methoden f\u00fcr eine schonende Oberfl\u00e4chenreinigung ohne Verunreinigungen und R\u00fcckst\u00e4nde. Eclipse wird auch von Kamerasensorherstellern zur Reinigung von Digitalkamerasensoren empfohlen.  besteht aus:  \t 59ml (2 fl.oz.) Eclipse cleaning fluid \t 3 x 100 Wattest\u00e4bchen (15cm) \t Blasebalg \t 18-Seitige Brosch\u00fcre das saubere Mikroskop&#8220; mit Reinigungstipps \t Mikrofasertuch (15x15cm)  &#8222;<\/p>\n","protected":false},"excerpt":{"rendered":"<p>Von Objektiv bis Okular ist Eclipse als Reinigungsmittel auf Methanolbasis eine der besten Methoden f\u00fcr eine schonende Oberfl\u00e4chenreinigung ohne Verunreinigungen und R\u00fcckst\u00e4nde. Eclipse wird auch von Kamerasensorherstellern zur Reinigung von Digitalkamerasensoren empfohlen. besteht aus: 59ml (2 fl.oz.) Eclipse cleaning fluid 3 x 100 Wattest\u00e4bchen (15cm) Blasebalg 18-Seitige Brosch\u00fcre das saubere Mikroskop&#8220; mit Reinigungstipps Mikrofasertuch (15x15cm) [&hellip;]<\/p>\n","protected":false},"featured_media":0,"comment_status":"open","ping_status":"closed","template":"","meta":[],"product_brand":[],"product_cat":[15],"product_tag":[],"class_list":{"0":"post-248","1":"product","2":"type-product","3":"status-publish","5":"product_cat-unkategorisiert","7":"first","8":"instock","9":"taxable","10":"shipping-taxable","11":"purchasable","12":"product-type-simple"},"jetpack_sharing_enabled":true,"_links":{"self":[{"href":"https:\/\/test.pulchlorenz.de\/index.php?rest_route=\/wp\/v2\/product\/248","targetHints":{"allow":["GET"]}}],"collection":[{"href":"https:\/\/test.pulchlorenz.de\/index.php?rest_route=\/wp\/v2\/product"}],"about":[{"href":"https:\/\/test.pulchlorenz.de\/index.php?rest_route=\/wp\/v2\/types\/product"}],"replies":[{"embeddable":true,"href":"https:\/\/test.pulchlorenz.de\/index.php?rest_route=%2Fwp%2Fv2%2Fcomments&post=248"}],"wp:attachment":[{"href":"https:\/\/test.pulchlorenz.de\/index.php?rest_route=%2Fwp%2Fv2%2Fmedia&parent=248"}],"wp:term":[{"taxonomy":"product_brand","embeddable":true,"href":"https:\/\/test.pulchlorenz.de\/index.php?rest_route=%2Fwp%2Fv2%2Fproduct_brand&post=248"},{"taxonomy":"product_cat","embeddable":true,"href":"https:\/\/test.pulchlorenz.de\/index.php?rest_route=%2Fwp%2Fv2%2Fproduct_cat&post=248"},{"taxonomy":"product_tag","embeddable":true,"href":"https:\/\/test.pulchlorenz.de\/index.php?rest_route=%2Fwp%2Fv2%2Fproduct_tag&post=248"}],"curies":[{"name":"wp","href":"https:\/\/api.w.org\/{rel}","templated":true}]}}