{"id":251,"date":"2023-03-21T16:05:34","date_gmt":"2023-03-21T16:05:34","guid":{"rendered":"https:\/\/test.pulchlorenz.de\/?product=zen-starter-modul-kodiertes-mikroskop"},"modified":"2023-03-21T16:05:34","modified_gmt":"2023-03-21T16:05:34","slug":"zen-starter-modul-kodiertes-mikroskop","status":"publish","type":"product","link":"https:\/\/test.pulchlorenz.de\/?product=zen-starter-modul-kodiertes-mikroskop","title":{"rendered":"ZEN starter Modul Kodiertes Mikroskop"},"content":{"rendered":"<p>Zum Auslesen kodierter Mikroskopkomponenten in ZEN starter.  Das Modul erm\u00f6glicht das Auslesen bzw. die Anzeige kodierter Komponenten wie eingestellte Objektive und Reflektorw\u00fcrfel. Dar\u00fcber hinaus kann die Position eines kodierten Tisches ausgelesen und angezeigt werden.  Nur f\u00fcr ZEN starter verf\u00fcgbar.  Die Funktionalit\u00e4t dieses Moduls ist in der Vollversion ZEN Core bereits enthalten.   Kompatible Mikroskope:   SteREO Discovery  Axio Imager  Axio Vert.A1  Axio Zoom.V16  Axio Observer  Axiolab 5  Axioscope 5<\/p>\n","protected":false},"excerpt":{"rendered":"<p>Zum Auslesen kodierter Mikroskopkomponenten in ZEN starter. Das Modul erm\u00f6glicht das Auslesen bzw. die Anzeige kodierter Komponenten wie eingestellte Objektive und Reflektorw\u00fcrfel. Dar\u00fcber hinaus kann die Position eines kodierten Tisches ausgelesen und angezeigt werden. Nur f\u00fcr ZEN starter verf\u00fcgbar. Die Funktionalit\u00e4t dieses Moduls ist in der Vollversion ZEN Core bereits enthalten. Kompatible Mikroskope: SteREO Discovery [&hellip;]<\/p>\n","protected":false},"featured_media":0,"comment_status":"open","ping_status":"closed","template":"","meta":[],"product_brand":[],"product_cat":[15],"product_tag":[],"class_list":{"0":"post-251","1":"product","2":"type-product","3":"status-publish","5":"product_cat-unkategorisiert","7":"first","8":"instock","9":"taxable","10":"shipping-taxable","11":"purchasable","12":"product-type-simple"},"jetpack_sharing_enabled":true,"_links":{"self":[{"href":"https:\/\/test.pulchlorenz.de\/index.php?rest_route=\/wp\/v2\/product\/251","targetHints":{"allow":["GET"]}}],"collection":[{"href":"https:\/\/test.pulchlorenz.de\/index.php?rest_route=\/wp\/v2\/product"}],"about":[{"href":"https:\/\/test.pulchlorenz.de\/index.php?rest_route=\/wp\/v2\/types\/product"}],"replies":[{"embeddable":true,"href":"https:\/\/test.pulchlorenz.de\/index.php?rest_route=%2Fwp%2Fv2%2Fcomments&post=251"}],"wp:attachment":[{"href":"https:\/\/test.pulchlorenz.de\/index.php?rest_route=%2Fwp%2Fv2%2Fmedia&parent=251"}],"wp:term":[{"taxonomy":"product_brand","embeddable":true,"href":"https:\/\/test.pulchlorenz.de\/index.php?rest_route=%2Fwp%2Fv2%2Fproduct_brand&post=251"},{"taxonomy":"product_cat","embeddable":true,"href":"https:\/\/test.pulchlorenz.de\/index.php?rest_route=%2Fwp%2Fv2%2Fproduct_cat&post=251"},{"taxonomy":"product_tag","embeddable":true,"href":"https:\/\/test.pulchlorenz.de\/index.php?rest_route=%2Fwp%2Fv2%2Fproduct_tag&post=251"}],"curies":[{"name":"wp","href":"https:\/\/api.w.org\/{rel}","templated":true}]}}