{"id":26,"date":"2023-03-21T16:04:59","date_gmt":"2023-03-21T16:04:59","guid":{"rendered":"https:\/\/test.pulchlorenz.de\/?product=zusatz-durchlicht-dunkelfeld-fuer-stativ-c"},"modified":"2023-03-21T16:04:59","modified_gmt":"2023-03-21T16:04:59","slug":"zusatz-durchlicht-dunkelfeld-fuer-stativ-c","status":"publish","type":"product","link":"https:\/\/test.pulchlorenz.de\/?product=zusatz-durchlicht-dunkelfeld-fuer-stativ-c","title":{"rendered":"Zusatz Durchlicht-Dunkelfeld f\u00fcr Stativ C"},"content":{"rendered":"<p>Dieser Aufsatz erm\u00f6glicht es Ihnen die Hellfeld-Durchlichtbeleuchtung des Statv C \/ Staticv C LED in eine Dunkelfeld-Durchlicht-Beleuchtung zu verwandeln.  F\u00fcr eine bessere Kontrastierung von farblos-transparenten Objekten gibt es auch eine schr\u00e4ge Durchlicht-Beleuchtung mit erh\u00f6htem Kontrast f\u00fcr das Stativ C LED, Zeiss Artikelnummer 435422-9040-000  Kompatible Mikroskope:  \t Stemi 2000 \t Stemi 2000 C \t Stemi 2000 CS \t Stemi DR 1040 \t Stemi DR 1063 \t Stemi DR 1663 \t Stemi DV4<\/p>\n","protected":false},"excerpt":{"rendered":"<p>Dieser Aufsatz erm\u00f6glicht es Ihnen die Hellfeld-Durchlichtbeleuchtung des Statv C \/ Staticv C LED in eine Dunkelfeld-Durchlicht-Beleuchtung zu verwandeln. F\u00fcr eine bessere Kontrastierung von farblos-transparenten Objekten gibt es auch eine schr\u00e4ge Durchlicht-Beleuchtung mit erh\u00f6htem Kontrast f\u00fcr das Stativ C LED, Zeiss Artikelnummer 435422-9040-000 Kompatible Mikroskope: Stemi 2000 Stemi 2000 C Stemi 2000 CS Stemi DR [&hellip;]<\/p>\n","protected":false},"featured_media":0,"comment_status":"open","ping_status":"closed","template":"","meta":[],"product_brand":[],"product_cat":[15],"product_tag":[],"class_list":{"0":"post-26","1":"product","2":"type-product","3":"status-publish","5":"product_cat-unkategorisiert","7":"first","8":"instock","9":"taxable","10":"shipping-taxable","11":"purchasable","12":"product-type-simple"},"jetpack_sharing_enabled":true,"_links":{"self":[{"href":"https:\/\/test.pulchlorenz.de\/index.php?rest_route=\/wp\/v2\/product\/26","targetHints":{"allow":["GET"]}}],"collection":[{"href":"https:\/\/test.pulchlorenz.de\/index.php?rest_route=\/wp\/v2\/product"}],"about":[{"href":"https:\/\/test.pulchlorenz.de\/index.php?rest_route=\/wp\/v2\/types\/product"}],"replies":[{"embeddable":true,"href":"https:\/\/test.pulchlorenz.de\/index.php?rest_route=%2Fwp%2Fv2%2Fcomments&post=26"}],"wp:attachment":[{"href":"https:\/\/test.pulchlorenz.de\/index.php?rest_route=%2Fwp%2Fv2%2Fmedia&parent=26"}],"wp:term":[{"taxonomy":"product_brand","embeddable":true,"href":"https:\/\/test.pulchlorenz.de\/index.php?rest_route=%2Fwp%2Fv2%2Fproduct_brand&post=26"},{"taxonomy":"product_cat","embeddable":true,"href":"https:\/\/test.pulchlorenz.de\/index.php?rest_route=%2Fwp%2Fv2%2Fproduct_cat&post=26"},{"taxonomy":"product_tag","embeddable":true,"href":"https:\/\/test.pulchlorenz.de\/index.php?rest_route=%2Fwp%2Fv2%2Fproduct_tag&post=26"}],"curies":[{"name":"wp","href":"https:\/\/api.w.org\/{rel}","templated":true}]}}