{"id":271,"date":"2023-03-21T16:05:38","date_gmt":"2023-03-21T16:05:38","guid":{"rendered":"https:\/\/test.pulchlorenz.de\/?product=easyled-ringlicht-system-d66mm"},"modified":"2023-03-21T16:05:38","modified_gmt":"2023-03-21T16:05:38","slug":"easyled-ringlicht-system-d66mm","status":"publish","type":"product","link":"https:\/\/test.pulchlorenz.de\/?product=easyled-ringlicht-system-d66mm","title":{"rendered":"EasyLED Ringlicht System, d=66mm"},"content":{"rendered":"<p>inklusive Netzteil (100-240V), die Steuerung erfolgt \u00fcber den integrierten Controller mit einem Drehregler  Der Innendurchmesser \u00d8 i  zur Adaption am Mikroskopk\u00f6rper betr\u00e4gt 66 mm<\/p>\n","protected":false},"excerpt":{"rendered":"<p>inklusive Netzteil (100-240V), die Steuerung erfolgt \u00fcber den integrierten Controller mit einem Drehregler Der Innendurchmesser \u00d8 i zur Adaption am Mikroskopk\u00f6rper betr\u00e4gt 66 mm<\/p>\n","protected":false},"featured_media":0,"comment_status":"open","ping_status":"closed","template":"","meta":[],"product_brand":[],"product_cat":[15],"product_tag":[],"class_list":{"0":"post-271","1":"product","2":"type-product","3":"status-publish","5":"product_cat-unkategorisiert","7":"first","8":"instock","9":"taxable","10":"shipping-taxable","11":"purchasable","12":"product-type-simple"},"jetpack_sharing_enabled":true,"_links":{"self":[{"href":"https:\/\/test.pulchlorenz.de\/index.php?rest_route=\/wp\/v2\/product\/271","targetHints":{"allow":["GET"]}}],"collection":[{"href":"https:\/\/test.pulchlorenz.de\/index.php?rest_route=\/wp\/v2\/product"}],"about":[{"href":"https:\/\/test.pulchlorenz.de\/index.php?rest_route=\/wp\/v2\/types\/product"}],"replies":[{"embeddable":true,"href":"https:\/\/test.pulchlorenz.de\/index.php?rest_route=%2Fwp%2Fv2%2Fcomments&post=271"}],"wp:attachment":[{"href":"https:\/\/test.pulchlorenz.de\/index.php?rest_route=%2Fwp%2Fv2%2Fmedia&parent=271"}],"wp:term":[{"taxonomy":"product_brand","embeddable":true,"href":"https:\/\/test.pulchlorenz.de\/index.php?rest_route=%2Fwp%2Fv2%2Fproduct_brand&post=271"},{"taxonomy":"product_cat","embeddable":true,"href":"https:\/\/test.pulchlorenz.de\/index.php?rest_route=%2Fwp%2Fv2%2Fproduct_cat&post=271"},{"taxonomy":"product_tag","embeddable":true,"href":"https:\/\/test.pulchlorenz.de\/index.php?rest_route=%2Fwp%2Fv2%2Fproduct_tag&post=271"}],"curies":[{"name":"wp","href":"https:\/\/api.w.org\/{rel}","templated":true}]}}