{"id":275,"date":"2023-03-21T16:05:39","date_gmt":"2023-03-21T16:05:39","guid":{"rendered":"https:\/\/test.pulchlorenz.de\/?product=visiled-speicher-controller-mc-1500"},"modified":"2023-03-21T16:05:39","modified_gmt":"2023-03-21T16:05:39","slug":"visiled-speicher-controller-mc-1500","status":"publish","type":"product","link":"https:\/\/test.pulchlorenz.de\/?product=visiled-speicher-controller-mc-1500","title":{"rendered":"VisiLED Speicher Controller MC 1500"},"content":{"rendered":"<p>Mit dem Speichercontroller VisiLED MC 1500 k\u00f6nnen sie bis zu zwei VIsiLED Beleuchtungen ansteuern.  Speichern Sie Ihre Beleuchtungseinstellungen, arbeiten Sie stets mit den gleichen Einstellungen.  Mit 5 vorbelegten Segmenteinstellungen des LED-Ringlichtes werden alle Anwendungsgebiete abgedeckt; weitere Segmentmodi k\u00f6nnen Sie per PC konfigurieren.  \t schattenfrei 360\u00b0-Beleuchtung, Vollkreis \t seitliches Schr\u00e4glicht, Halbkreis \t seitliches Schr\u00e4glicht, Viertelkreis \t Schr\u00e4glicht 2-Punkt \t 4-Punkt Ringlicht   Lieferumfang: Controller ohne\u00a0Netzteil und Netzkabel<\/p>\n","protected":false},"excerpt":{"rendered":"<p>Mit dem Speichercontroller VisiLED MC 1500 k\u00f6nnen sie bis zu zwei VIsiLED Beleuchtungen ansteuern. Speichern Sie Ihre Beleuchtungseinstellungen, arbeiten Sie stets mit den gleichen Einstellungen. Mit 5 vorbelegten Segmenteinstellungen des LED-Ringlichtes werden alle Anwendungsgebiete abgedeckt; weitere Segmentmodi k\u00f6nnen Sie per PC konfigurieren. schattenfrei 360\u00b0-Beleuchtung, Vollkreis seitliches Schr\u00e4glicht, Halbkreis seitliches Schr\u00e4glicht, Viertelkreis Schr\u00e4glicht 2-Punkt 4-Punkt Ringlicht [&hellip;]<\/p>\n","protected":false},"featured_media":0,"comment_status":"open","ping_status":"closed","template":"","meta":[],"product_brand":[],"product_cat":[15],"product_tag":[],"class_list":{"0":"post-275","1":"product","2":"type-product","3":"status-publish","5":"product_cat-unkategorisiert","7":"first","8":"instock","9":"taxable","10":"shipping-taxable","11":"purchasable","12":"product-type-simple"},"jetpack_sharing_enabled":true,"_links":{"self":[{"href":"https:\/\/test.pulchlorenz.de\/index.php?rest_route=\/wp\/v2\/product\/275","targetHints":{"allow":["GET"]}}],"collection":[{"href":"https:\/\/test.pulchlorenz.de\/index.php?rest_route=\/wp\/v2\/product"}],"about":[{"href":"https:\/\/test.pulchlorenz.de\/index.php?rest_route=\/wp\/v2\/types\/product"}],"replies":[{"embeddable":true,"href":"https:\/\/test.pulchlorenz.de\/index.php?rest_route=%2Fwp%2Fv2%2Fcomments&post=275"}],"wp:attachment":[{"href":"https:\/\/test.pulchlorenz.de\/index.php?rest_route=%2Fwp%2Fv2%2Fmedia&parent=275"}],"wp:term":[{"taxonomy":"product_brand","embeddable":true,"href":"https:\/\/test.pulchlorenz.de\/index.php?rest_route=%2Fwp%2Fv2%2Fproduct_brand&post=275"},{"taxonomy":"product_cat","embeddable":true,"href":"https:\/\/test.pulchlorenz.de\/index.php?rest_route=%2Fwp%2Fv2%2Fproduct_cat&post=275"},{"taxonomy":"product_tag","embeddable":true,"href":"https:\/\/test.pulchlorenz.de\/index.php?rest_route=%2Fwp%2Fv2%2Fproduct_tag&post=275"}],"curies":[{"name":"wp","href":"https:\/\/api.w.org\/{rel}","templated":true}]}}