{"id":287,"date":"2023-03-21T16:05:41","date_gmt":"2023-03-21T16:05:41","guid":{"rendered":"https:\/\/test.pulchlorenz.de\/?product=mikroskop-axioscope-5-pol-dl-hal-50"},"modified":"2023-03-21T16:05:41","modified_gmt":"2023-03-21T16:05:41","slug":"mikroskop-axioscope-5-pol-dl-hal-50","status":"publish","type":"product","link":"https:\/\/test.pulchlorenz.de\/?product=mikroskop-axioscope-5-pol-dl-hal-50","title":{"rendered":"Mikroskop Axioscope 5 Pol DL HAL 50"},"content":{"rendered":"<p>Durchlichtmikroskop f\u00fcr Hellfeld- und Polarisationskontrastanwendungen mit codiertem Objektivrevolver und Lichtmanager.  Durch den codierten Objektivrevolver wird im Kamerabild jederzeit automatisch der korrekte Ma\u00dfstab eingeblendet.  Beim Objektivwechsel wird au\u00dferdem automatisch die Beleuchtungsintensit\u00e4t f\u00fcr das jeweilige Objektiv gespeichert und geladen, sofern der Lichtmanager nicht deaktiviert ist.   \t Mikroskop Stativ Axioscope 5, D HAL 50, 6xH codiert\t \t\t Stativunterteil f\u00fcr HAL 50-Beleuchtung \t\t Durchlichtbeleuchtung mit Anbauleuchte f\u00fcr Reflektorlampe 12V 50W \t\t Schwalbe f\u00fcr anklemmbare Tischtr\u00e4ger \t\t Fokushub 24 mm, einstellbarer Fokusstop \t\t Filterrad 6-fach f\u00fcr Filter mit 36 mm Durchmesser \t\t Aufnahme f\u00fcr Filterschieber 14&#215;40 2-fach, D = 36 mm \t\t Einbaunetzteil 24V DC 60W, stabilisiert 100&#8230;240V AC\/ 50&#8230;60Hz \t\t l\u00e4nderspezifisches Netzkabel \t\t Kontrollknopf f\u00fcr Eco Modus und Lichtmanager \t\t Integrierter Bildaufnahmeknopf unterst\u00fctzt ZEISS Axiocam \t\t USB 2.0 Schnittstelle \t\t Staubschutzh\u00fclle \t\t Filterhalter im Durchlicht \t\t Stativoberteil f\u00fcr Durchlicht mit Objektivrevolver 6x Hellfeld, M27 codiert \t\t Schwalbe f\u00fcr wechselbare Reflektorrevolver, -schieber \t \t \t Tischtr\u00e4ger D\/A, anklemmbar und h\u00f6henverstellbar \t Kondensortr\u00e4ger mit beidseitiger H\u00f6henverstellung \t Lampe 12V 50W Halogen Reflektor GU5,3 \t Analysatorschieber fest f\u00fcr Durchlicht, 6&#215;20 \t Polarisator D, fest, ausschaltbar \t Justierpr\u00e4parat Pol \t Drehtisch Pol, 360\u00b0 mit frei w\u00e4hlbarer 45\u00b0-Rastung \t Binokularer Tubus 30\u00b0\/23, umgekehrtes Bild \t Wei\u00dfbalance-Filter, d=36&#215;2 mm \t 2x Okular PL 10x\/23 Br. foc. \t Strichkreuzmikrometer 10:100, d=26 mm \t 2x Augenmuschel \t Objektiv A-Plan 10x\/0,25 Pol M27 \t Objektiv A-Plan 20x\/0,45 Pol M27 \t Objektiv A-Plan 40x\/0,65 Pol M27 \t Kondensor 0,9 H Pol<\/p>\n","protected":false},"excerpt":{"rendered":"<p>Durchlichtmikroskop f\u00fcr Hellfeld- und Polarisationskontrastanwendungen mit codiertem Objektivrevolver und Lichtmanager. Durch den codierten Objektivrevolver wird im Kamerabild jederzeit automatisch der korrekte Ma\u00dfstab eingeblendet. Beim Objektivwechsel wird au\u00dferdem automatisch die Beleuchtungsintensit\u00e4t f\u00fcr das jeweilige Objektiv gespeichert und geladen, sofern der Lichtmanager nicht deaktiviert ist. Mikroskop Stativ Axioscope 5, D HAL 50, 6xH codiert Stativunterteil f\u00fcr HAL [&hellip;]<\/p>\n","protected":false},"featured_media":0,"comment_status":"open","ping_status":"closed","template":"","meta":[],"product_brand":[],"product_cat":[15],"product_tag":[],"class_list":{"0":"post-287","1":"product","2":"type-product","3":"status-publish","5":"product_cat-unkategorisiert","7":"first","8":"instock","9":"taxable","10":"shipping-taxable","11":"purchasable","12":"product-type-simple"},"jetpack_sharing_enabled":true,"_links":{"self":[{"href":"https:\/\/test.pulchlorenz.de\/index.php?rest_route=\/wp\/v2\/product\/287","targetHints":{"allow":["GET"]}}],"collection":[{"href":"https:\/\/test.pulchlorenz.de\/index.php?rest_route=\/wp\/v2\/product"}],"about":[{"href":"https:\/\/test.pulchlorenz.de\/index.php?rest_route=\/wp\/v2\/types\/product"}],"replies":[{"embeddable":true,"href":"https:\/\/test.pulchlorenz.de\/index.php?rest_route=%2Fwp%2Fv2%2Fcomments&post=287"}],"wp:attachment":[{"href":"https:\/\/test.pulchlorenz.de\/index.php?rest_route=%2Fwp%2Fv2%2Fmedia&parent=287"}],"wp:term":[{"taxonomy":"product_brand","embeddable":true,"href":"https:\/\/test.pulchlorenz.de\/index.php?rest_route=%2Fwp%2Fv2%2Fproduct_brand&post=287"},{"taxonomy":"product_cat","embeddable":true,"href":"https:\/\/test.pulchlorenz.de\/index.php?rest_route=%2Fwp%2Fv2%2Fproduct_cat&post=287"},{"taxonomy":"product_tag","embeddable":true,"href":"https:\/\/test.pulchlorenz.de\/index.php?rest_route=%2Fwp%2Fv2%2Fproduct_tag&post=287"}],"curies":[{"name":"wp","href":"https:\/\/api.w.org\/{rel}","templated":true}]}}