{"id":288,"date":"2023-03-21T16:05:41","date_gmt":"2023-03-21T16:05:41","guid":{"rendered":"https:\/\/test.pulchlorenz.de\/?product=zeiss-discovery-manuelles-auflicht-tischstativ-300"},"modified":"2023-03-21T16:05:41","modified_gmt":"2023-03-21T16:05:41","slug":"zeiss-discovery-manuelles-auflicht-tischstativ-300","status":"publish","type":"product","link":"https:\/\/test.pulchlorenz.de\/?product=zeiss-discovery-manuelles-auflicht-tischstativ-300","title":{"rendered":"Zeiss Discovery manuelles Auflicht-Tischstativ 300"},"content":{"rendered":"<p>Stativbasis 300mm breit inklusive 120mm kunststoffplatte.  350 mm manuelle Trieb-S\u00e4ule.  Tr\u00e4ger S mit 76mm Aufnahme f\u00fcr Stereomikroskope.<\/p>\n","protected":false},"excerpt":{"rendered":"<p>Stativbasis 300mm breit inklusive 120mm kunststoffplatte. 350 mm manuelle Trieb-S\u00e4ule. Tr\u00e4ger S mit 76mm Aufnahme f\u00fcr Stereomikroskope.<\/p>\n","protected":false},"featured_media":0,"comment_status":"open","ping_status":"closed","template":"","meta":[],"product_brand":[],"product_cat":[15],"product_tag":[],"class_list":{"0":"post-288","1":"product","2":"type-product","3":"status-publish","5":"product_cat-unkategorisiert","7":"first","8":"instock","9":"taxable","10":"shipping-taxable","11":"purchasable","12":"product-type-simple"},"jetpack_sharing_enabled":true,"_links":{"self":[{"href":"https:\/\/test.pulchlorenz.de\/index.php?rest_route=\/wp\/v2\/product\/288","targetHints":{"allow":["GET"]}}],"collection":[{"href":"https:\/\/test.pulchlorenz.de\/index.php?rest_route=\/wp\/v2\/product"}],"about":[{"href":"https:\/\/test.pulchlorenz.de\/index.php?rest_route=\/wp\/v2\/types\/product"}],"replies":[{"embeddable":true,"href":"https:\/\/test.pulchlorenz.de\/index.php?rest_route=%2Fwp%2Fv2%2Fcomments&post=288"}],"wp:attachment":[{"href":"https:\/\/test.pulchlorenz.de\/index.php?rest_route=%2Fwp%2Fv2%2Fmedia&parent=288"}],"wp:term":[{"taxonomy":"product_brand","embeddable":true,"href":"https:\/\/test.pulchlorenz.de\/index.php?rest_route=%2Fwp%2Fv2%2Fproduct_brand&post=288"},{"taxonomy":"product_cat","embeddable":true,"href":"https:\/\/test.pulchlorenz.de\/index.php?rest_route=%2Fwp%2Fv2%2Fproduct_cat&post=288"},{"taxonomy":"product_tag","embeddable":true,"href":"https:\/\/test.pulchlorenz.de\/index.php?rest_route=%2Fwp%2Fv2%2Fproduct_tag&post=288"}],"curies":[{"name":"wp","href":"https:\/\/api.w.org\/{rel}","templated":true}]}}