{"id":291,"date":"2023-03-21T16:05:41","date_gmt":"2023-03-21T16:05:41","guid":{"rendered":"https:\/\/test.pulchlorenz.de\/?product=zen-toolkit-motorized-acquisition"},"modified":"2023-03-21T16:05:41","modified_gmt":"2023-03-21T16:05:41","slug":"zen-toolkit-motorized-acquisition","status":"publish","type":"product","link":"https:\/\/test.pulchlorenz.de\/?product=zen-toolkit-motorized-acquisition","title":{"rendered":"ZEN Toolkit Motorized Acquisition"},"content":{"rendered":"<p>Aufnahme von Bildern und Steuerung motorisierter Komponenten in mehrdimensionalen Experimenten. Dieses Paket erm\u00f6glicht die Aufnahme von Kacheln und Z-Stapel-Bildern mit motorisierten Komponenten. Diese k\u00f6nnen mit dem enthaltenen Autofokus und der Direktverarbeitung kombiniert werden. z-stack und erweiterte Tiefensch\u00e4rfe-Funktionalit\u00e4t: &#8211; Definition des Z-Stapels im Start\/Stop&#8220; und &#8222;Center&#8220; Modus &#8211; Gr\u00f6\u00dfe des konfigurierbaren Z-Stapels und Anzahl der m\u00f6glichen Z-Ebenen nur durch den Verfahrbereich des Systems und die minimale Schrittweite begrenzt &#8211; &#8222;Optimal&#8220;-Taste zur automatischen Einstellung der richtigen Schrittweite zur Erf\u00fcllung des Nyquist-Kriteriums &#8211; Integrierte Z-Antriebsspielkompensation f\u00fcr h\u00f6chste Pr\u00e4zision und Reproduzierbarkeit &#8211; Extraktion der scharfen Details aus Einzelbildern bei verschiedenen Fokuspositionen und Kombination zu einem Bild mit hoher Sch\u00e4rfentiefe Kacheln und Positionen &#8211; automatisches Scannen von vordefinierten Probenbereichen &#8211; Aufnahme von Bildern nach einer Positionsliste &#8211; Unterst\u00fctzung von Fokuskorrekturkarten, Stitching und Shading- Korrektur &#8211; kompatibel mit Software-Autofokus Software-Autofokus: &#8211; Bestimmung der optimalen Fokusposition in der Probe &#8211; Der Autofokus arbeitet mit Durchlicht, Auflicht und Fluoreszenzlicht &#8211; Definition eines Autofokusbereichs im Kamerabild &#8222;<\/p>\n","protected":false},"excerpt":{"rendered":"<p>Aufnahme von Bildern und Steuerung motorisierter Komponenten in mehrdimensionalen Experimenten. Dieses Paket erm\u00f6glicht die Aufnahme von Kacheln und Z-Stapel-Bildern mit motorisierten Komponenten. Diese k\u00f6nnen mit dem enthaltenen Autofokus und der Direktverarbeitung kombiniert werden. z-stack und erweiterte Tiefensch\u00e4rfe-Funktionalit\u00e4t: &#8211; Definition des Z-Stapels im Start\/Stop&#8220; und &#8222;Center&#8220; Modus &#8211; Gr\u00f6\u00dfe des konfigurierbaren Z-Stapels und Anzahl der m\u00f6glichen [&hellip;]<\/p>\n","protected":false},"featured_media":0,"comment_status":"open","ping_status":"closed","template":"","meta":[],"product_brand":[],"product_cat":[15],"product_tag":[],"class_list":{"0":"post-291","1":"product","2":"type-product","3":"status-publish","5":"product_cat-unkategorisiert","7":"first","8":"instock","9":"taxable","10":"shipping-taxable","11":"purchasable","12":"product-type-simple"},"jetpack_sharing_enabled":true,"_links":{"self":[{"href":"https:\/\/test.pulchlorenz.de\/index.php?rest_route=\/wp\/v2\/product\/291","targetHints":{"allow":["GET"]}}],"collection":[{"href":"https:\/\/test.pulchlorenz.de\/index.php?rest_route=\/wp\/v2\/product"}],"about":[{"href":"https:\/\/test.pulchlorenz.de\/index.php?rest_route=\/wp\/v2\/types\/product"}],"replies":[{"embeddable":true,"href":"https:\/\/test.pulchlorenz.de\/index.php?rest_route=%2Fwp%2Fv2%2Fcomments&post=291"}],"wp:attachment":[{"href":"https:\/\/test.pulchlorenz.de\/index.php?rest_route=%2Fwp%2Fv2%2Fmedia&parent=291"}],"wp:term":[{"taxonomy":"product_brand","embeddable":true,"href":"https:\/\/test.pulchlorenz.de\/index.php?rest_route=%2Fwp%2Fv2%2Fproduct_brand&post=291"},{"taxonomy":"product_cat","embeddable":true,"href":"https:\/\/test.pulchlorenz.de\/index.php?rest_route=%2Fwp%2Fv2%2Fproduct_cat&post=291"},{"taxonomy":"product_tag","embeddable":true,"href":"https:\/\/test.pulchlorenz.de\/index.php?rest_route=%2Fwp%2Fv2%2Fproduct_tag&post=291"}],"curies":[{"name":"wp","href":"https:\/\/api.w.org\/{rel}","templated":true}]}}