{"id":299,"date":"2023-03-21T16:05:43","date_gmt":"2023-03-21T16:05:43","guid":{"rendered":"https:\/\/test.pulchlorenz.de\/?product=vorschaltgeraet-fuer-hbo-100-90-250v-50-60hz-265-va"},"modified":"2023-03-21T16:05:43","modified_gmt":"2023-03-21T16:05:43","slug":"vorschaltgeraet-fuer-hbo-100-90-250v-50-60hz-265-va","status":"publish","type":"product","link":"https:\/\/test.pulchlorenz.de\/?product=vorschaltgeraet-fuer-hbo-100-90-250v-50-60hz-265-va","title":{"rendered":"Vorschaltger\u00e4t f\u00fcr HBO 100, 90&#8230;250V, 50&#8230;60Hz, 265 VA"},"content":{"rendered":"<p>Vorschaltger\u00e4t f\u00fcr HBO 100, 90&#8230;250V, 50&#8230;60Hz, 265 VA  mit r\u00fccksetzbarem Betriebsstundenz\u00e4hler an der Vorderseite  Kompatible Mikroskope:  \t Axio Examiner.A1 \t Axio Examiner.D1 \t Axio Examiner.Z1 \t Axio Imager Vario \t Axio Imager.A1 \t Axio Imager.A1m \t Axio Imager.A2 \t Axio Imager.A2m \t Axio Imager.D1 \t Axio Imager.D1 f\u00fcr Auflicht-Fluoreszenz mit ApoTome&#8220; \t Axio Imager.D1m \t Axio Imager.D2 \t Axio Imager.D2m \t Axio Imager.M1 \t Axio Imager.M1m \t Axio Imager.M2 \t Axio Imager.M2m \t Axio Imager.Z1 \t Axio Imager.Z1 + ApoTome \t Axio Imager.Z1m \t Axio Imager.Z2 \t Axio Imager.Z2m \t Axio Observer.A1 \t Axio Observer.A1 Entry \t Axio Observer.D1 \t Axio Observer.D1 Entry \t Axio Observer.D1 Mid Range \t Axio Observer.Z1 \t Axio Observer.Z1 Cell Observer \t Axio Observer.Z1 High End \t Axio Observer.Z1 TIRF 3 \t Axio Observer.Z1m ACR \t Axio Scope.A1 \t Axio Scope.A1 Pol \t Axio Scope.A1 Vario \t Axio Vert.A1 FL \t Axio Vert.A1 MAT \t Axioplan 2 Imaging \t Axioskop 2 FS MOT \t Axioskop 2 FS Plus \t Axioskop 40 \t Axioskop 40 FL \t Axiotech vario \t Axiovert 200 \t Axiovert 200 f\u00fcr Auflicht-Fluoreszenz mit &#8222;ApoTome&#8220; \t Axiovert 200 M \t Axiovert 200 M f\u00fcr Auflicht-Fluoreszenz mit &#8222;ApoTome&#8220; \t Axiovert 200 M MAT \t Axiovert 200 MAT \t PALM CombiSystem Rel. 4.2 \t PALM MicroBeam \t PALM MicroBeam Rel.4.2 \t PALM MicroTweezers Rel.4.2 \t SteREO Discovery.V12 \t SteREO Lumar.V12  &#8222;<\/p>\n","protected":false},"excerpt":{"rendered":"<p>Vorschaltger\u00e4t f\u00fcr HBO 100, 90&#8230;250V, 50&#8230;60Hz, 265 VA mit r\u00fccksetzbarem Betriebsstundenz\u00e4hler an der Vorderseite Kompatible Mikroskope: Axio Examiner.A1 Axio Examiner.D1 Axio Examiner.Z1 Axio Imager Vario Axio Imager.A1 Axio Imager.A1m Axio Imager.A2 Axio Imager.A2m Axio Imager.D1 Axio Imager.D1 f\u00fcr Auflicht-Fluoreszenz mit ApoTome&#8220; Axio Imager.D1m Axio Imager.D2 Axio Imager.D2m Axio Imager.M1 Axio Imager.M1m Axio Imager.M2 Axio Imager.M2m [&hellip;]<\/p>\n","protected":false},"featured_media":0,"comment_status":"open","ping_status":"closed","template":"","meta":[],"product_brand":[],"product_cat":[15],"product_tag":[],"class_list":{"0":"post-299","1":"product","2":"type-product","3":"status-publish","5":"product_cat-unkategorisiert","7":"first","8":"instock","9":"taxable","10":"shipping-taxable","11":"purchasable","12":"product-type-simple"},"jetpack_sharing_enabled":true,"_links":{"self":[{"href":"https:\/\/test.pulchlorenz.de\/index.php?rest_route=\/wp\/v2\/product\/299","targetHints":{"allow":["GET"]}}],"collection":[{"href":"https:\/\/test.pulchlorenz.de\/index.php?rest_route=\/wp\/v2\/product"}],"about":[{"href":"https:\/\/test.pulchlorenz.de\/index.php?rest_route=\/wp\/v2\/types\/product"}],"replies":[{"embeddable":true,"href":"https:\/\/test.pulchlorenz.de\/index.php?rest_route=%2Fwp%2Fv2%2Fcomments&post=299"}],"wp:attachment":[{"href":"https:\/\/test.pulchlorenz.de\/index.php?rest_route=%2Fwp%2Fv2%2Fmedia&parent=299"}],"wp:term":[{"taxonomy":"product_brand","embeddable":true,"href":"https:\/\/test.pulchlorenz.de\/index.php?rest_route=%2Fwp%2Fv2%2Fproduct_brand&post=299"},{"taxonomy":"product_cat","embeddable":true,"href":"https:\/\/test.pulchlorenz.de\/index.php?rest_route=%2Fwp%2Fv2%2Fproduct_cat&post=299"},{"taxonomy":"product_tag","embeddable":true,"href":"https:\/\/test.pulchlorenz.de\/index.php?rest_route=%2Fwp%2Fv2%2Fproduct_tag&post=299"}],"curies":[{"name":"wp","href":"https:\/\/api.w.org\/{rel}","templated":true}]}}