{"id":300,"date":"2023-03-21T16:05:43","date_gmt":"2023-03-21T16:05:43","guid":{"rendered":"https:\/\/test.pulchlorenz.de\/?product=stereomikroskop-stemi-508-lab-doc"},"modified":"2023-03-21T16:05:43","modified_gmt":"2023-03-21T16:05:43","slug":"stereomikroskop-stemi-508-lab-doc","status":"publish","type":"product","link":"https:\/\/test.pulchlorenz.de\/?product=stereomikroskop-stemi-508-lab-doc","title":{"rendered":"Stereomikroskop Stemi 508 LAB doc"},"content":{"rendered":"<p>Zeiss Stemi 508 ist Ihr apochromatisches Greenough-Stereomikroskop f\u00fcr maximalen Bildkontrast und Farbgenauigkeit in allen Einsatzgebieten. Der 8:1 Zoom erm\u00f6glicht ohne Vorsatzsystem Vergr\u00f6\u00dferungen von 6,3-fach bis 50-fach (mit Vorsatzsystem 2-fach bis 250-fach).  Stemi 508 doc\/trino mit Stativ und 2-armiger Spot-Beleuchtung, besonders geeignet f\u00fcr die Ausbildung in Biologie und Materialpr\u00fcfung sowie Produktion, bei der Durchlicht ben\u00f6tigt wird, betriebsfertig. Bestehend aus:    Mikroskopk\u00f6rper 508 doc\/trino   \t Apochromatisches Greenough-System mit Stereowinkel 11\u00b0 \t Kamera-Ausgang mit Schnittstelle 60N mit Umschaltung 100vis\/100doc \t Kamera-Adapter 60N C-Mount 2\/3 Zoll\u00a00,5x \t Manueller, beidseitig bedienbarer Zoom 8:1 (0,63x&#8230;5,0x) \t Schaltbare Zoom-Rastpositionen 0,63x-0,8x-1x-1,25x-1,6x-2x-2,5x-3,2x-4x-4,5x-5x \t Freier Arbeitsabstand 92 mm (ohne Staubschutzglas) \t Einblickwinkel 35\u00b0 mit einstellbarer Augenabstand 55&#8230;75 mm \t Okularaufnahme 30 mm mit maximale Sehfeldzahl 23 mm \t Aufnahme D=76 mm f\u00fcr Stemi-Tr\u00e4ger\/Tr\u00e4ger S \t Schnittstelle D=53 mm f\u00fcr Leuchten \t Gewinde M49\/50 f\u00fcr Vorsatzoptik oder Polarisator \t 2x Okular 10x\/23 Br. foc. \t Staubschutzglas M50 mit M49x0,75          \t \t\t \t\t\t Stemi 508 \t\t\t Okulare PL 10x 23 Br. foc. \t\t\t Okulare PL 16x 14 Br. foc. \t\t\t 25x &#8211;>\t\t \t\t \t\t\t Frontoptik \t\t\t Arbeitsabstand \t\t\t(FWD) in mm \t\t\t Vergr\u00f6\u00dferung \t\t\t Objektfeld \t\t\tin mm \t\t\t Vergr\u00f6\u00dferung \t\t\t Objektfeld \t\t\tin mm \t\t\t Vergr\u00f6\u00dferung \t\t Objektfeld in mm \t\t&#8211;>\t\t \t\t \t\t\t 0,3x \t\t\t 287 \t\t\t 1,9x bis 15x \t\t\t 122,7 bis 15,3 \t\t\t 3,0x bis 24,0x \t\t\t 85,3 bis 10,7 \t\t\t 4,7x bis 37,5x \t\t 53,3 bis 6,7 &#8211;>\t\t \t\t \t\t\t 0,4x \t\t\t 211 \t\t\t 2,5x bis 20x \t\t\t 92,0 bis 11,5 \t\t\t 4,0x bis 32x \t\t\t 64,0 bis 8,0 \t\t\t 6,3x bis 50x \t\t 40,0 bis 5,0 &#8211;>\t\t \t\t \t\t\t 0,3-0,5x \t\t\t 230-90 \t\t\t 1,9x bis 25x \t\t\t 122,7 bis 9,2 \t\t\t 3,0x bis 40x \t\t\t 85,3 bis 6,4 \t\t\t 4,7x bis 62,5x \t\t 53,3 bis 4,0 &#8211;>\t\t \t\t \t\t\t 0,63x \t\t\t 127 \t\t\t 3,9x bis 31,5x \t\t\t 58,4 bis 7,3 \t\t\t 6,3x bis 50x \t\t\t 40,6 bis 5,1 \t\t\t 9,8x bis 78,8x \t\t 25,4 bis 3,2 &#8211;>\t\t \t\t \t\t\t ohne (1x) \t\t\t 92 \t\t\t 6,3x bis 50,0x \t\t\t 36,8 bis 4,6 \t\t\t 10,0x bis 80,0x \t\t\t 25,6 bis 3,2 \t\t\t 23,4x bis 187,5x \t\t 10,7 bis 1,3 &#8211;>\t\t \t\t \t\t\t 1,5x \t\t\t 53 \t\t\t 9,4x bis 75,0x \t\t\t 24,5 bis 3,1 \t\t\t 15,0x bis 120,0x \t\t\t 17,1 bis 2,1 \t\t\t 31,3x bis 250x \t\t 8,0 bis 1,0 &#8211;>\t\t \t\t \t\t\t 2,0x \t\t\t 35 \t\t\t 12,5x bis 100,0x \t\t\t 18,4 bis 2,3 \t\t\t 20,0x bis 160x \t\t\t 12,8 bis 1,6 \t\t\t 31,3x bis 250x \t\t 8,0 bis 1,0 &#8211;>\t\t \t      Stativ K LAB   \t Stativbasis T310xB200xH90 mm \t Arbeitsfl\u00e4che T195xB160 mm \t Schnittstellen d=84 mm f\u00fcr Tische and d=45 mm f\u00fcr DL Polarisator \t S\u00e4ule 250 mm mit Trieb und Handgriff, Hubbereich 145 mm \t Stemi-Tr\u00e4ger d=76 mm, Tragf\u00e4higkeit 5 Kg, Friktion einstellbar \t Integrierte LED-Durchlichteinheit mit dreh- und verschiebbaren Spiegel f\u00fcr Hellfeld, Dunkelfeld und schr\u00e4ges Durchlicht \t 2x Buchse f\u00fcr IVI und Leuchte K LED \t Separate AL\/DL-Bedienelemente f\u00fcr Ein\/Aus\/Dimmen \t Einbaunetzteil 12V DC 24W\/100&#8230;240V AC\/50&#8230;60Hz \t Glas- und S\/W Kunststoffplatte D=84&#215;5 mm \t L\u00e4nderspezifisches Netzkabel EURO C7 &#8211; Staubschutzh\u00fclle    2 x Augenmuschel    Doppelspot-Leuchte K LED   \t Schwanenhals-Doppelspot, 2x 160 mm f\u00fcr variable Auflichtbeleuchtung \t 2x Gewinde M24x0,5 f\u00fcr Polarisator \t H\u00f6henverstellbar \t F\u00fcr Stative K EDU\/LAB\/MAT     Bio-Med. Anwendungen   \t Botanik \t Hobby- und Privatanwendungen \t Kriminaltechnische Untersuchung    Materialanwendungen   \t Hobby- und Privatanwendungen \t Holz- und Papierindustrie \t Kriminaltechnische Untersuchung<\/p>\n","protected":false},"excerpt":{"rendered":"<p>Zeiss Stemi 508 ist Ihr apochromatisches Greenough-Stereomikroskop f\u00fcr maximalen Bildkontrast und Farbgenauigkeit in allen Einsatzgebieten. Der 8:1 Zoom erm\u00f6glicht ohne Vorsatzsystem Vergr\u00f6\u00dferungen von 6,3-fach bis 50-fach (mit Vorsatzsystem 2-fach bis 250-fach). Stemi 508 doc\/trino mit Stativ und 2-armiger Spot-Beleuchtung, besonders geeignet f\u00fcr die Ausbildung in Biologie und Materialpr\u00fcfung sowie Produktion, bei der Durchlicht ben\u00f6tigt wird, [&hellip;]<\/p>\n","protected":false},"featured_media":0,"comment_status":"open","ping_status":"closed","template":"","meta":[],"product_brand":[],"product_cat":[15],"product_tag":[],"class_list":{"0":"post-300","1":"product","2":"type-product","3":"status-publish","5":"product_cat-unkategorisiert","7":"first","8":"instock","9":"taxable","10":"shipping-taxable","11":"purchasable","12":"product-type-simple"},"jetpack_sharing_enabled":true,"_links":{"self":[{"href":"https:\/\/test.pulchlorenz.de\/index.php?rest_route=\/wp\/v2\/product\/300","targetHints":{"allow":["GET"]}}],"collection":[{"href":"https:\/\/test.pulchlorenz.de\/index.php?rest_route=\/wp\/v2\/product"}],"about":[{"href":"https:\/\/test.pulchlorenz.de\/index.php?rest_route=\/wp\/v2\/types\/product"}],"replies":[{"embeddable":true,"href":"https:\/\/test.pulchlorenz.de\/index.php?rest_route=%2Fwp%2Fv2%2Fcomments&post=300"}],"wp:attachment":[{"href":"https:\/\/test.pulchlorenz.de\/index.php?rest_route=%2Fwp%2Fv2%2Fmedia&parent=300"}],"wp:term":[{"taxonomy":"product_brand","embeddable":true,"href":"https:\/\/test.pulchlorenz.de\/index.php?rest_route=%2Fwp%2Fv2%2Fproduct_brand&post=300"},{"taxonomy":"product_cat","embeddable":true,"href":"https:\/\/test.pulchlorenz.de\/index.php?rest_route=%2Fwp%2Fv2%2Fproduct_cat&post=300"},{"taxonomy":"product_tag","embeddable":true,"href":"https:\/\/test.pulchlorenz.de\/index.php?rest_route=%2Fwp%2Fv2%2Fproduct_tag&post=300"}],"curies":[{"name":"wp","href":"https:\/\/api.w.org\/{rel}","templated":true}]}}