{"id":307,"date":"2023-03-21T16:05:44","date_gmt":"2023-03-21T16:05:44","guid":{"rendered":"https:\/\/test.pulchlorenz.de\/?product=monokulares-handfernrohr-3x12"},"modified":"2023-03-21T16:05:44","modified_gmt":"2023-03-21T16:05:44","slug":"monokulares-handfernrohr-3x12","status":"publish","type":"product","link":"https:\/\/test.pulchlorenz.de\/?product=monokulares-handfernrohr-3x12","title":{"rendered":"Monokulares Handfernrohr 3&#215;12"},"content":{"rendered":"<p>Monokulare Handfernrohre eignen sich f\u00fcr Hobbyanwendungen und unterst\u00fctzen sehbehinderte Personen in ihrer Mobilit\u00e4t au\u00dfer Haus. Je nach Vergr\u00f6\u00dferungsbedarf bieten sich dazu aus dem Fernglasprogramm der Carl Zeiss Sports Optics GmbH besonders die hier dargestellten Modelle an. Die stufenlose Fokussierung von der Ferne bis in den Nahbereich hinein bietet sehr flexible Einsatzm\u00f6glichkeiten, etwa zum Lesen von Fahrpl\u00e4nen und Stra\u00dfenschildern oder zum Betrachten von Schaufensterauslagen.  Aufgrund ihrer kompakten Abmessungen sind die Handfernrohre leicht mitzuf\u00fchren und unauff\u00e4llig in der Benutzung. Gro\u00dfe Sehfelder und die verg\u00fctete Optik schaffen die Voraussetzung daf\u00fcr, dass die reduzierte Sehleistung optimal genutzt werden kann.   \t \t\t \t\t\t \u00a0 \t\t\t 3&#215;12 \t\t\t 4&#215;12 \t\t\t 6&#215;18 \t\t \t \t \t\t \t\t\t Vergr\u00f6\u00dferung Ferne \t\t\t 3x \t\t\t 4x \t\t\t 6x \t\t \t\t \t\t\t Vergr\u00f6\u00dferung N\u00e4he \t\t\t 6x \t\t\t 7x \t\t\t 13x \t\t \t\t \t\t\t Naheinstellung bis \t\t\t 0,2 m \t\t\t 0,3 m \t\t\t 0,3 m \t\t \t\t \t\t\t Fokussierung \t\t\t Drehfokussierung \t\t\t Drehfokussierung \t\t\t Drehfokussierung \t\t \t\t \t\t\t Sehfeld auf 1000m \t\t\t 220 m \t\t\t 180 m \t\t\t 120 m \t\t \t\t \t\t\t Gewicht \t\t\t 54 g \t\t\t 45 g \t\t\t 58 g \t\t \t\t \t\t\t L\u00e4nge (mit Augenmuschel) \t\t\t 65 mm \t\t\t 70 mm \t\t\t 94 mm \t\t \t\t \t\t\t Geh\u00e4use \t\t\t Leichtmetall, schwarz \t\t\t glasfaserverst\u00e4rkter Kunststoff, grau \t\t\t glasfaserverst\u00e4rkter Kunstoff, grau \t\t \t    \u00a0<\/p>\n","protected":false},"excerpt":{"rendered":"<p>Monokulare Handfernrohre eignen sich f\u00fcr Hobbyanwendungen und unterst\u00fctzen sehbehinderte Personen in ihrer Mobilit\u00e4t au\u00dfer Haus. Je nach Vergr\u00f6\u00dferungsbedarf bieten sich dazu aus dem Fernglasprogramm der Carl Zeiss Sports Optics GmbH besonders die hier dargestellten Modelle an. Die stufenlose Fokussierung von der Ferne bis in den Nahbereich hinein bietet sehr flexible Einsatzm\u00f6glichkeiten, etwa zum Lesen von [&hellip;]<\/p>\n","protected":false},"featured_media":0,"comment_status":"open","ping_status":"closed","template":"","meta":[],"product_brand":[],"product_cat":[15],"product_tag":[],"class_list":{"0":"post-307","1":"product","2":"type-product","3":"status-publish","5":"product_cat-unkategorisiert","7":"first","8":"instock","9":"taxable","10":"shipping-taxable","11":"purchasable","12":"product-type-simple"},"jetpack_sharing_enabled":true,"_links":{"self":[{"href":"https:\/\/test.pulchlorenz.de\/index.php?rest_route=\/wp\/v2\/product\/307","targetHints":{"allow":["GET"]}}],"collection":[{"href":"https:\/\/test.pulchlorenz.de\/index.php?rest_route=\/wp\/v2\/product"}],"about":[{"href":"https:\/\/test.pulchlorenz.de\/index.php?rest_route=\/wp\/v2\/types\/product"}],"replies":[{"embeddable":true,"href":"https:\/\/test.pulchlorenz.de\/index.php?rest_route=%2Fwp%2Fv2%2Fcomments&post=307"}],"wp:attachment":[{"href":"https:\/\/test.pulchlorenz.de\/index.php?rest_route=%2Fwp%2Fv2%2Fmedia&parent=307"}],"wp:term":[{"taxonomy":"product_brand","embeddable":true,"href":"https:\/\/test.pulchlorenz.de\/index.php?rest_route=%2Fwp%2Fv2%2Fproduct_brand&post=307"},{"taxonomy":"product_cat","embeddable":true,"href":"https:\/\/test.pulchlorenz.de\/index.php?rest_route=%2Fwp%2Fv2%2Fproduct_cat&post=307"},{"taxonomy":"product_tag","embeddable":true,"href":"https:\/\/test.pulchlorenz.de\/index.php?rest_route=%2Fwp%2Fv2%2Fproduct_tag&post=307"}],"curies":[{"name":"wp","href":"https:\/\/api.w.org\/{rel}","templated":true}]}}