{"id":312,"date":"2023-03-21T16:05:45","date_gmt":"2023-03-21T16:05:45","guid":{"rendered":"https:\/\/test.pulchlorenz.de\/?product=mikroskopkamera-axiocam-705-pol-mono-usb3-5mp-2-3quot"},"modified":"2023-03-21T16:05:45","modified_gmt":"2023-03-21T16:05:45","slug":"mikroskopkamera-axiocam-705-pol-mono-usb3-5mp-2-3quot","status":"publish","type":"product","link":"https:\/\/test.pulchlorenz.de\/?product=mikroskopkamera-axiocam-705-pol-mono-usb3-5mp-2-3quot","title":{"rendered":"Mikroskopkamera Axiocam 705 pol (mono, USB3, 5MP, 2\/3&amp;quot;)"},"content":{"rendered":"<p>High Performance Mikroskopie Kamera inkl. Treiber Software 64 Bit USB 3.0 PCIe x1 Interface, USB 3.0 Kabel 3 m und Schutzglas (breitband verg\u00fctet)   Sensor Typ: SONY IMX250 MZ Exmor CMOS, SONY Pregius Global Shutter Monochrom  mit 2&#215;2 pixelspezifischer Polarisationsfilter-Maske (90\u00b0, 45\u00b0, 135\u00b0, 0\u00b0)  Anzahl der Pixel: 2464 (H) x 2056 (V) = 5,07 Mega Pixel  Pixelgr\u00f6\u00dfe: 3,45 \u00b5m x 3,45 \u00b5m  Sensorgr\u00f6\u00dfe: 8,5 mm x 7,1 mm, entspricht 2\/3&#8220; (Diagonale 11,1 mm)  Spektrale Empfindlichkeit: Mit Schutzglas ca. 350 nm bis ca. 1000 nm  Full Well Kapazit\u00e4t: Ca. 11.000 e bei Verst\u00e4rkung 1x (typ.)  Einstellbare Signalverst\u00e4rkung: 1x, 2x, 4x, 8x, 16x  W\u00e4hlbare Aufl\u00f6sung:\t \t 2464 x 2056 1&#215;1 Binning  Basis Aufl\u00f6sung \t 816 x 684 3&#215;3 Binning \t 480 x 410 5&#215;5 Binning  (bei 2&#215;2 kombiniertes analoges und digitales Binning f\u00fcr verbesserte Empfindlichkeit) \t   Live Bildraten:  \t \t 2464 x 2056, 25 Bilder\/s, Schnelle Farbcodierung \t 1920 x 1080 5,5 Bilder\/s, ROI 1920&#215;1080, Standard Farbkodierung \t   Ausleserauschen (Verst\u00e4rkung) Full Well Kapazit\u00e4t Dynamikumfang \t \t 2,20 e (1x) 11.000 e 1:5000 \t 1,74 e (2x) 5.000 e1:3100 \t 1,48 e (4x) 2.700 e 1:1800 \t 1,29 e (8x) 1.300 e 1:1300 \t 1,15 e (16x) 690 e 1: 600 \t   Software-Unterst\u00fctzung zur Bedienung der Kamera:\t \t Belichtungszeit-Einstellung kontinuierlich \t automatischer oder manueller Modus \t einstellbare \u00dcber und Unterbelichtungs-Modus \t optionale Bereichs-Messung oder fl\u00e4chige Messung (Spot-Meter) \t Auslesen von Sensor Teilbereichen (&#8220;ROI&#8220;): Frei einstellbar \t   Digitalisierung: 8, 12, 14 Bit \/ Pixel (8 von 14 Bit oder Kompressionsmodus)  Dunkelstrom:  0,5 e\/p\/s @ 18 \u00b0C  K\u00fchlung: Temperaturstabilisierung auf 18 \u00b0C (bei Umgebungstemperatur von 18 \u00b0C bis 30 \u00b0C)  Belichtungszeit-Bereich: 0,1 ms bis 60 s  Hardware Trigger: Trigger-Eingang zur Belichtungszeitsteuerung, Trigger-Ausgang f\u00fcr Belichtungszeit, Auslesezeit und Trigger-Bereit Status (weiteres Zubeh\u00f6r erforderlich)  Status-LED Kamera: Farbkodierte Anzeige, dimmbar  Kamera Interface: USB 3.0 (Optionaler Betrieb an USB 2.0 bei reduzierter Bildrate)  Optische Schnittstelle: C-Mount  Eindringtiefe f\u00fcr Objektive: Max. 5 mm  Gr\u00f6\u00dfe \/Gewicht: Ca. 10,8 cm x 7,8 cm x 4,3 cm (2,3&#8220; x 3,2&#8220; x 1,7&#8220;) \/ 580 g  Geh\u00e4use: Blaueloxiertes Aluminium, K\u00fchlrippen am Deckel, 1\/4&#8220; Standard Foto Gewindeanschluss  Zulassungen: CE  Stromversorgung: Bereitstellung durch USB 3.0 und USB 2.0, max.7 W Verbrauch  Umgebungsbedingungen: 5 \u00b0C bis 35 \u00b0C, max. 80% relative Luftfeuchtigkeit, nicht kondensierend, freie Luftzirkulation erforderlich  Unterst\u00fctztes Betriebssystem: Windows 10 x64 Enterprise Unterst\u00fctzte ZEN Software: ZEN blue 3.4, ZEN core v3.3<\/p>\n","protected":false},"excerpt":{"rendered":"<p>High Performance Mikroskopie Kamera inkl. Treiber Software 64 Bit USB 3.0 PCIe x1 Interface, USB 3.0 Kabel 3 m und Schutzglas (breitband verg\u00fctet) Sensor Typ: SONY IMX250 MZ Exmor CMOS, SONY Pregius Global Shutter Monochrom mit 2&#215;2 pixelspezifischer Polarisationsfilter-Maske (90\u00b0, 45\u00b0, 135\u00b0, 0\u00b0) Anzahl der Pixel: 2464 (H) x 2056 (V) = 5,07 Mega Pixel [&hellip;]<\/p>\n","protected":false},"featured_media":0,"comment_status":"open","ping_status":"closed","template":"","meta":[],"product_brand":[],"product_cat":[15],"product_tag":[],"class_list":{"0":"post-312","1":"product","2":"type-product","3":"status-publish","5":"product_cat-unkategorisiert","7":"first","8":"instock","9":"taxable","10":"shipping-taxable","11":"purchasable","12":"product-type-simple"},"jetpack_sharing_enabled":true,"_links":{"self":[{"href":"https:\/\/test.pulchlorenz.de\/index.php?rest_route=\/wp\/v2\/product\/312","targetHints":{"allow":["GET"]}}],"collection":[{"href":"https:\/\/test.pulchlorenz.de\/index.php?rest_route=\/wp\/v2\/product"}],"about":[{"href":"https:\/\/test.pulchlorenz.de\/index.php?rest_route=\/wp\/v2\/types\/product"}],"replies":[{"embeddable":true,"href":"https:\/\/test.pulchlorenz.de\/index.php?rest_route=%2Fwp%2Fv2%2Fcomments&post=312"}],"wp:attachment":[{"href":"https:\/\/test.pulchlorenz.de\/index.php?rest_route=%2Fwp%2Fv2%2Fmedia&parent=312"}],"wp:term":[{"taxonomy":"product_brand","embeddable":true,"href":"https:\/\/test.pulchlorenz.de\/index.php?rest_route=%2Fwp%2Fv2%2Fproduct_brand&post=312"},{"taxonomy":"product_cat","embeddable":true,"href":"https:\/\/test.pulchlorenz.de\/index.php?rest_route=%2Fwp%2Fv2%2Fproduct_cat&post=312"},{"taxonomy":"product_tag","embeddable":true,"href":"https:\/\/test.pulchlorenz.de\/index.php?rest_route=%2Fwp%2Fv2%2Fproduct_tag&post=312"}],"curies":[{"name":"wp","href":"https:\/\/api.w.org\/{rel}","templated":true}]}}