{"id":317,"date":"2023-03-21T16:05:46","date_gmt":"2023-03-21T16:05:46","guid":{"rendered":"https:\/\/test.pulchlorenz.de\/?product=zen-toolkit-smart-acquisition"},"modified":"2023-03-21T16:05:46","modified_gmt":"2023-03-21T16:05:46","slug":"zen-toolkit-smart-acquisition","status":"publish","type":"product","link":"https:\/\/test.pulchlorenz.de\/?product=zen-toolkit-smart-acquisition","title":{"rendered":"ZEN Toolkit Smart Acquisition"},"content":{"rendered":"<p>Dieses Paket enth\u00e4lt Funktionen zur Erstellung flexibler und intelligenter Workflows f\u00fcr die Bildaufnahmen mit den Werkzeugen Experiment Designer, Guided Acquisition und Experiment Feedback. Experiment Designer erm\u00f6glicht die Konfiguration von inhomogene Aufnahmeexperimente: Zeitreihen, multitime Reihen, Z-Stapel, Kachel-\/Mehrpositionsbilder und Kan\u00e4le in beliebiger Reihenfolge. Hinweis: F\u00fcr die Bildaufnahme mit diesem Toolkit ist das Paket Motorisierte oder Erweiterte Aufnahme erforderlich. Bitte beachten Sie, dass einige Parameter von Definite Focus derzeit nicht zwischen Experimentbl\u00f6cken \u00fcbertragen werden. Guided Acquisition erm\u00f6glicht die automatische und gezielte Aufnahme von Objekten von Interesse (z. B. f\u00fcr seltene Ereignisse): 1. Schritt: Aufnahme eines \u00dcbersichtsbildes der Probe 2. Schritt: automatische 2D-Bildanalyse zur Erkennung von Objekten von Interesse 3. Schritt: Aufnahme von Detailbildern f\u00fcr die erkannten Objekte. Experiment Feedback bietet die M\u00f6glichkeit, w\u00e4hrend einer Bildaufnahme auf Ver\u00e4nderungen der Probe, des Mikroskops oder externe Ausl\u00f6ser zu reagieren und eine laufende Aufnahme \u00fcber leistungsf\u00e4hige Python-Skripte zu modifizieren (nicht im ZEN core verf\u00fcgbar).<\/p>\n","protected":false},"excerpt":{"rendered":"<p>Dieses Paket enth\u00e4lt Funktionen zur Erstellung flexibler und intelligenter Workflows f\u00fcr die Bildaufnahmen mit den Werkzeugen Experiment Designer, Guided Acquisition und Experiment Feedback. Experiment Designer erm\u00f6glicht die Konfiguration von inhomogene Aufnahmeexperimente: Zeitreihen, multitime Reihen, Z-Stapel, Kachel-\/Mehrpositionsbilder und Kan\u00e4le in beliebiger Reihenfolge. Hinweis: F\u00fcr die Bildaufnahme mit diesem Toolkit ist das Paket Motorisierte oder Erweiterte Aufnahme [&hellip;]<\/p>\n","protected":false},"featured_media":0,"comment_status":"open","ping_status":"closed","template":"","meta":[],"product_brand":[],"product_cat":[15],"product_tag":[],"class_list":{"0":"post-317","1":"product","2":"type-product","3":"status-publish","5":"product_cat-unkategorisiert","7":"first","8":"instock","9":"taxable","10":"shipping-taxable","11":"purchasable","12":"product-type-simple"},"jetpack_sharing_enabled":true,"_links":{"self":[{"href":"https:\/\/test.pulchlorenz.de\/index.php?rest_route=\/wp\/v2\/product\/317","targetHints":{"allow":["GET"]}}],"collection":[{"href":"https:\/\/test.pulchlorenz.de\/index.php?rest_route=\/wp\/v2\/product"}],"about":[{"href":"https:\/\/test.pulchlorenz.de\/index.php?rest_route=\/wp\/v2\/types\/product"}],"replies":[{"embeddable":true,"href":"https:\/\/test.pulchlorenz.de\/index.php?rest_route=%2Fwp%2Fv2%2Fcomments&post=317"}],"wp:attachment":[{"href":"https:\/\/test.pulchlorenz.de\/index.php?rest_route=%2Fwp%2Fv2%2Fmedia&parent=317"}],"wp:term":[{"taxonomy":"product_brand","embeddable":true,"href":"https:\/\/test.pulchlorenz.de\/index.php?rest_route=%2Fwp%2Fv2%2Fproduct_brand&post=317"},{"taxonomy":"product_cat","embeddable":true,"href":"https:\/\/test.pulchlorenz.de\/index.php?rest_route=%2Fwp%2Fv2%2Fproduct_cat&post=317"},{"taxonomy":"product_tag","embeddable":true,"href":"https:\/\/test.pulchlorenz.de\/index.php?rest_route=%2Fwp%2Fv2%2Fproduct_tag&post=317"}],"curies":[{"name":"wp","href":"https:\/\/api.w.org\/{rel}","templated":true}]}}