{"id":320,"date":"2023-03-21T16:05:46","date_gmt":"2023-03-21T16:05:46","guid":{"rendered":"https:\/\/test.pulchlorenz.de\/?product=visiled-ringlicht-fuer-uv-und-hellfeld-quots-80-55-uvquot"},"modified":"2023-03-21T16:05:46","modified_gmt":"2023-03-21T16:05:46","slug":"visiled-ringlicht-fuer-uv-und-hellfeld-quots-80-55-uvquot","status":"publish","type":"product","link":"https:\/\/test.pulchlorenz.de\/?product=visiled-ringlicht-fuer-uv-und-hellfeld-quots-80-55-uvquot","title":{"rendered":"VisiLED Ringlicht f\u00fcr UV und Hellfeld &amp;quot;S 80-55 UV&amp;quot;"},"content":{"rendered":"<p>Kombiniert klassische Hellfeldbeleuchtung mit UV. Acht Segmente, abwechselnd mit wei\u00dfen und UV-LEDs best\u00fcckt.  \t \u00d8i = 66 mm, \t Arbeitsabstand 50-135 mm \t nur in Verbindung mit MC1100<\/p>\n","protected":false},"excerpt":{"rendered":"<p>Kombiniert klassische Hellfeldbeleuchtung mit UV. Acht Segmente, abwechselnd mit wei\u00dfen und UV-LEDs best\u00fcckt. \u00d8i = 66 mm, Arbeitsabstand 50-135 mm nur in Verbindung mit MC1100<\/p>\n","protected":false},"featured_media":0,"comment_status":"open","ping_status":"closed","template":"","meta":[],"product_brand":[],"product_cat":[15],"product_tag":[],"class_list":{"0":"post-320","1":"product","2":"type-product","3":"status-publish","5":"product_cat-unkategorisiert","7":"first","8":"instock","9":"taxable","10":"shipping-taxable","11":"purchasable","12":"product-type-simple"},"jetpack_sharing_enabled":true,"_links":{"self":[{"href":"https:\/\/test.pulchlorenz.de\/index.php?rest_route=\/wp\/v2\/product\/320","targetHints":{"allow":["GET"]}}],"collection":[{"href":"https:\/\/test.pulchlorenz.de\/index.php?rest_route=\/wp\/v2\/product"}],"about":[{"href":"https:\/\/test.pulchlorenz.de\/index.php?rest_route=\/wp\/v2\/types\/product"}],"replies":[{"embeddable":true,"href":"https:\/\/test.pulchlorenz.de\/index.php?rest_route=%2Fwp%2Fv2%2Fcomments&post=320"}],"wp:attachment":[{"href":"https:\/\/test.pulchlorenz.de\/index.php?rest_route=%2Fwp%2Fv2%2Fmedia&parent=320"}],"wp:term":[{"taxonomy":"product_brand","embeddable":true,"href":"https:\/\/test.pulchlorenz.de\/index.php?rest_route=%2Fwp%2Fv2%2Fproduct_brand&post=320"},{"taxonomy":"product_cat","embeddable":true,"href":"https:\/\/test.pulchlorenz.de\/index.php?rest_route=%2Fwp%2Fv2%2Fproduct_cat&post=320"},{"taxonomy":"product_tag","embeddable":true,"href":"https:\/\/test.pulchlorenz.de\/index.php?rest_route=%2Fwp%2Fv2%2Fproduct_tag&post=320"}],"curies":[{"name":"wp","href":"https:\/\/api.w.org\/{rel}","templated":true}]}}