{"id":348,"date":"2023-03-21T16:05:50","date_gmt":"2023-03-21T16:05:50","guid":{"rendered":"https:\/\/test.pulchlorenz.de\/?product=aplanatisch-achromatische-einschlaglupe-24-dpt"},"modified":"2023-03-21T16:05:50","modified_gmt":"2023-03-21T16:05:50","slug":"aplanatisch-achromatische-einschlaglupe-24-dpt","status":"publish","type":"product","link":"https:\/\/test.pulchlorenz.de\/?product=aplanatisch-achromatische-einschlaglupe-24-dpt","title":{"rendered":"Aplanatisch-achromatische Einschlaglupe 24 dpt"},"content":{"rendered":"<p>Bei vielen Sehaufgaben \u2013 vor allem in Industrie, Forschung und Handwerk \u2013 bei denen es um eine pr\u00e4zise Abbildung geht, sind die aplanatisch-achromatischen Lupen von Carl Zeiss Vision unentbehrliche Helfer. Aber auch f\u00fcr Sehbehinderte sind sie aufgrund ihrer geringen Abmessungen hilfreich, etwa f\u00fcr den Einsatz unterwegs.  Die aplanatisch-achromatischen Einschlaglupen sind mit ihrem Brechwert (D) gekennzeichnet, aus dem sich in Abh\u00e4ngigkeit von den Gebrauchsbedingungen die jeweilige Vergr\u00f6\u00dferung ermitteln l\u00e4sst.  Diese Lupen vermitteln im gesamten Sehfeld eine verzeichnungs- und farbfehlerfreie Abbildung. Das Angebot umfasst die Brechwerte (D) 24 dpt und 40 dpt, sowie als Doppeleinschlaglupe 12 dpt + 24 dpt = 36 dpt. Die Optik ist serienm\u00e4\u00dfig mit einem Anti-Reflexbelag verg\u00fctet.<\/p>\n","protected":false},"excerpt":{"rendered":"<p>Bei vielen Sehaufgaben \u2013 vor allem in Industrie, Forschung und Handwerk \u2013 bei denen es um eine pr\u00e4zise Abbildung geht, sind die aplanatisch-achromatischen Lupen von Carl Zeiss Vision unentbehrliche Helfer. Aber auch f\u00fcr Sehbehinderte sind sie aufgrund ihrer geringen Abmessungen hilfreich, etwa f\u00fcr den Einsatz unterwegs. Die aplanatisch-achromatischen Einschlaglupen sind mit ihrem Brechwert (D) gekennzeichnet, [&hellip;]<\/p>\n","protected":false},"featured_media":0,"comment_status":"open","ping_status":"closed","template":"","meta":[],"product_brand":[],"product_cat":[15],"product_tag":[],"class_list":{"0":"post-348","1":"product","2":"type-product","3":"status-publish","5":"product_cat-unkategorisiert","7":"first","8":"instock","9":"taxable","10":"shipping-taxable","11":"purchasable","12":"product-type-simple"},"jetpack_sharing_enabled":true,"_links":{"self":[{"href":"https:\/\/test.pulchlorenz.de\/index.php?rest_route=\/wp\/v2\/product\/348","targetHints":{"allow":["GET"]}}],"collection":[{"href":"https:\/\/test.pulchlorenz.de\/index.php?rest_route=\/wp\/v2\/product"}],"about":[{"href":"https:\/\/test.pulchlorenz.de\/index.php?rest_route=\/wp\/v2\/types\/product"}],"replies":[{"embeddable":true,"href":"https:\/\/test.pulchlorenz.de\/index.php?rest_route=%2Fwp%2Fv2%2Fcomments&post=348"}],"wp:attachment":[{"href":"https:\/\/test.pulchlorenz.de\/index.php?rest_route=%2Fwp%2Fv2%2Fmedia&parent=348"}],"wp:term":[{"taxonomy":"product_brand","embeddable":true,"href":"https:\/\/test.pulchlorenz.de\/index.php?rest_route=%2Fwp%2Fv2%2Fproduct_brand&post=348"},{"taxonomy":"product_cat","embeddable":true,"href":"https:\/\/test.pulchlorenz.de\/index.php?rest_route=%2Fwp%2Fv2%2Fproduct_cat&post=348"},{"taxonomy":"product_tag","embeddable":true,"href":"https:\/\/test.pulchlorenz.de\/index.php?rest_route=%2Fwp%2Fv2%2Fproduct_tag&post=348"}],"curies":[{"name":"wp","href":"https:\/\/api.w.org\/{rel}","templated":true}]}}