{"id":35,"date":"2023-03-21T16:05:01","date_gmt":"2023-03-21T16:05:01","guid":{"rendered":"https:\/\/test.pulchlorenz.de\/?product=zeiss-immersionsoel-immersol-518-n-flasche-100-ml"},"modified":"2023-03-21T16:05:01","modified_gmt":"2023-03-21T16:05:01","slug":"zeiss-immersionsoel-immersol-518-n-flasche-100-ml","status":"publish","type":"product","link":"https:\/\/test.pulchlorenz.de\/?product=zeiss-immersionsoel-immersol-518-n-flasche-100-ml","title":{"rendered":"Zeiss Immersions\u00f6l Immersol 518 N, Flasche 100 ml"},"content":{"rendered":"<p>Immersions\u00f6l Immersol 518 N, Flasche 100 ml (ISO 8036-1, ne=1,518 (23\u00b0C), halogenfrei)   Anwendungsbereich:  Standard\u00f6l f\u00fcr die Mikroskopie, entspricht ISO 8036 (DIN 58.884). Geeignet auch f\u00fcr offene Pr\u00e4parationen (ohne Deckgl\u00e4schen) mit Objektiv Achroplan 100 x \/ 1,25 oil o.D.   Chemische Basis : Ester\u00f6le, Synthetische Kohlenwasserstoffe; halogenfrei   Farbstabilit\u00e4t Best\u00e4ndig : Giemsas, Leishman, May-Gr\u00fcnwalds, Alizarinrot S, Azur II, Brillantgr\u00fcn, Eosin B, Eosin G, Fuchsin, H\u00e4matoxylin Indigocarmin, Kristallviolett, Malachitgr\u00fcn, Methylenblau, Orange G, Rhodamin B   Farbstabilit\u00e4t Unbest\u00e4ndig:  Sudanfarbstoffe   Empfohlene Reinigungsmittel:  Petrolether 40\/60 (Wundbenzin), Cyclohexan, Methylcyclohexan   Warnhinweis : Nicht mit anderen Immersions\u00f6len mischen, gebrauchtes \u00d6l nicht in die (Vorrats-) Flasche zur\u00fcckgie\u00dfen.   Entsorgungshinweise:  Als halogenfreie organische Fl\u00fcssigkeiten der Verwertung zuf\u00fchren<\/p>\n","protected":false},"excerpt":{"rendered":"<p>Immersions\u00f6l Immersol 518 N, Flasche 100 ml (ISO 8036-1, ne=1,518 (23\u00b0C), halogenfrei) Anwendungsbereich: Standard\u00f6l f\u00fcr die Mikroskopie, entspricht ISO 8036 (DIN 58.884). Geeignet auch f\u00fcr offene Pr\u00e4parationen (ohne Deckgl\u00e4schen) mit Objektiv Achroplan 100 x \/ 1,25 oil o.D. Chemische Basis : Ester\u00f6le, Synthetische Kohlenwasserstoffe; halogenfrei Farbstabilit\u00e4t Best\u00e4ndig : Giemsas, Leishman, May-Gr\u00fcnwalds, Alizarinrot S, Azur II, [&hellip;]<\/p>\n","protected":false},"featured_media":0,"comment_status":"open","ping_status":"closed","template":"","meta":[],"product_brand":[],"product_cat":[15],"product_tag":[],"class_list":{"0":"post-35","1":"product","2":"type-product","3":"status-publish","5":"product_cat-unkategorisiert","7":"first","8":"instock","9":"taxable","10":"shipping-taxable","11":"purchasable","12":"product-type-simple"},"jetpack_sharing_enabled":true,"_links":{"self":[{"href":"https:\/\/test.pulchlorenz.de\/index.php?rest_route=\/wp\/v2\/product\/35","targetHints":{"allow":["GET"]}}],"collection":[{"href":"https:\/\/test.pulchlorenz.de\/index.php?rest_route=\/wp\/v2\/product"}],"about":[{"href":"https:\/\/test.pulchlorenz.de\/index.php?rest_route=\/wp\/v2\/types\/product"}],"replies":[{"embeddable":true,"href":"https:\/\/test.pulchlorenz.de\/index.php?rest_route=%2Fwp%2Fv2%2Fcomments&post=35"}],"wp:attachment":[{"href":"https:\/\/test.pulchlorenz.de\/index.php?rest_route=%2Fwp%2Fv2%2Fmedia&parent=35"}],"wp:term":[{"taxonomy":"product_brand","embeddable":true,"href":"https:\/\/test.pulchlorenz.de\/index.php?rest_route=%2Fwp%2Fv2%2Fproduct_brand&post=35"},{"taxonomy":"product_cat","embeddable":true,"href":"https:\/\/test.pulchlorenz.de\/index.php?rest_route=%2Fwp%2Fv2%2Fproduct_cat&post=35"},{"taxonomy":"product_tag","embeddable":true,"href":"https:\/\/test.pulchlorenz.de\/index.php?rest_route=%2Fwp%2Fv2%2Fproduct_tag&post=35"}],"curies":[{"name":"wp","href":"https:\/\/api.w.org\/{rel}","templated":true}]}}