{"id":352,"date":"2023-03-21T16:05:51","date_gmt":"2023-03-21T16:05:51","guid":{"rendered":"https:\/\/test.pulchlorenz.de\/?product=zeiss-primo-star-fuer-qs-in-der-brauerei"},"modified":"2023-03-21T16:05:51","modified_gmt":"2023-03-21T16:05:51","slug":"zeiss-primo-star-fuer-qs-in-der-brauerei","status":"publish","type":"product","link":"https:\/\/test.pulchlorenz.de\/?product=zeiss-primo-star-fuer-qs-in-der-brauerei","title":{"rendered":"Zeiss Primo Star f\u00fcr QS in der Brauerei"},"content":{"rendered":"<p>Komplettausr\u00fcstung mit Stativ Full-K\u00f6hler einschlie\u00dflich  \t Halogen-Beleuchtung mit 6V 30W Halogenlampe \t Objektivrevolver 4-fach, nach hinten geneigt \t Kreuztisch 75&#215;30 Trieb rechts und Objekthalter mit Federhebel links \t binokularem Fototubus 30\u00b0\/20 (50:50) \t 2x Okularen 10x\/20 Br. foc. \t Objektiven Plan-Achromat 4x, 10x, 40x Ph2 und 100x Oil \t Kondensor 0,9\/ 1,25 mit Phasenkontrastschieber Ph2 \t externem Netzteil 100&#8230;240VAC\/50&#8230;60Hz\/30VA mit l\u00e4nderspezifischen Adaptern \t Staubschutzh\u00fclle \t \u00d6ler mit 5ml Immersions\u00f6l \t Farbfiltersatz blau, gr\u00fcn, gelb \t Halogenlampe 6V 30W \t Diopter d=30mm   \u00a0   Schieber mit Dunkelfeldeinsatz  f\u00fcr Primo Star Mikroskope, zur Erzeugung von\u00a0Dunkelfeld-Durchlichtbeleuchtung bis zum 40-fach-Objektiv.  Dieser Dunkelfeldschieber wird im Kondensor des Primo Star befestigt. Der Phasenkontrastschieber Ph2 f\u00fcr Primo Star belegt den gleichen Einschub.  Zwei Pr\u00e4zisionsinbusschl\u00fcssel zum Justieren des Dunkelfeldeinsatzes liegen dem Schieber bei.   Schieber f\u00fcr Phasenkontrast f\u00fcr Primo Star Mikroskope.  Schieber H, Ph1, Ph2, Ph3<\/p>\n","protected":false},"excerpt":{"rendered":"<p>Komplettausr\u00fcstung mit Stativ Full-K\u00f6hler einschlie\u00dflich Halogen-Beleuchtung mit 6V 30W Halogenlampe Objektivrevolver 4-fach, nach hinten geneigt Kreuztisch 75&#215;30 Trieb rechts und Objekthalter mit Federhebel links binokularem Fototubus 30\u00b0\/20 (50:50) 2x Okularen 10x\/20 Br. foc. Objektiven Plan-Achromat 4x, 10x, 40x Ph2 und 100x Oil Kondensor 0,9\/ 1,25 mit Phasenkontrastschieber Ph2 externem Netzteil 100&#8230;240VAC\/50&#8230;60Hz\/30VA mit l\u00e4nderspezifischen Adaptern Staubschutzh\u00fclle [&hellip;]<\/p>\n","protected":false},"featured_media":0,"comment_status":"open","ping_status":"closed","template":"","meta":[],"product_brand":[],"product_cat":[15],"product_tag":[],"class_list":{"0":"post-352","1":"product","2":"type-product","3":"status-publish","5":"product_cat-unkategorisiert","7":"first","8":"instock","9":"taxable","10":"shipping-taxable","11":"purchasable","12":"product-type-simple"},"jetpack_sharing_enabled":true,"_links":{"self":[{"href":"https:\/\/test.pulchlorenz.de\/index.php?rest_route=\/wp\/v2\/product\/352","targetHints":{"allow":["GET"]}}],"collection":[{"href":"https:\/\/test.pulchlorenz.de\/index.php?rest_route=\/wp\/v2\/product"}],"about":[{"href":"https:\/\/test.pulchlorenz.de\/index.php?rest_route=\/wp\/v2\/types\/product"}],"replies":[{"embeddable":true,"href":"https:\/\/test.pulchlorenz.de\/index.php?rest_route=%2Fwp%2Fv2%2Fcomments&post=352"}],"wp:attachment":[{"href":"https:\/\/test.pulchlorenz.de\/index.php?rest_route=%2Fwp%2Fv2%2Fmedia&parent=352"}],"wp:term":[{"taxonomy":"product_brand","embeddable":true,"href":"https:\/\/test.pulchlorenz.de\/index.php?rest_route=%2Fwp%2Fv2%2Fproduct_brand&post=352"},{"taxonomy":"product_cat","embeddable":true,"href":"https:\/\/test.pulchlorenz.de\/index.php?rest_route=%2Fwp%2Fv2%2Fproduct_cat&post=352"},{"taxonomy":"product_tag","embeddable":true,"href":"https:\/\/test.pulchlorenz.de\/index.php?rest_route=%2Fwp%2Fv2%2Fproduct_tag&post=352"}],"curies":[{"name":"wp","href":"https:\/\/api.w.org\/{rel}","templated":true}]}}