{"id":381,"date":"2023-03-21T16:05:56","date_gmt":"2023-03-21T16:05:56","guid":{"rendered":"https:\/\/test.pulchlorenz.de\/?product=axioscope-vario-fuer-auflicht-hellfeld-und-dunkelfeld"},"modified":"2023-03-21T16:05:56","modified_gmt":"2023-03-21T16:05:56","slug":"axioscope-vario-fuer-auflicht-hellfeld-und-dunkelfeld","status":"publish","type":"product","link":"https:\/\/test.pulchlorenz.de\/?product=axioscope-vario-fuer-auflicht-hellfeld-und-dunkelfeld","title":{"rendered":"Axioscope Vario f\u00fcr Auflicht-Hellfeld und -Dunkelfeld"},"content":{"rendered":"<p>Mikroskop Stativ Axioscope Vario, AL 6x HD DIC kodiert\t \t\t Objektivrevolver 6x Hellfeld\/Dunkelfeld DIC, M27 kodiert \t\t Auflichtbeleuchtung LED 10 W, mit Schnittstelle f\u00fcr HAL 100 und HBO\/HXP \t\t Schwalbe f\u00fcr kodierte, wechselbare Reflektorrevolver, -schieber \t\t eingebauter achromatischer Beleuchtungsadapter \t\t eingebauter Leuchtfeldblendenschieber \t\t eingebauter Aperturblendenschieber, \t\t Aufnahme f\u00fcr Filterschieber A 14&#215;40 und Polarisationsschieber A 6&#215;30 mm \t\t Triebkasten Axioscope Vario, Fokushub 15 mm \t\t Einbaunetzteil 24V DC 30 W, stabilisiert 100&#8230;240V AC\/ 50&#8230;60Hz \t\t l\u00e4nderspezifisches Netzkabel \t\t Kontrollknopf f\u00fcr Eco Modus und Lichtmanager \t\t integrierter Bildaufnahmeknopf unterst\u00fctzt ZEISS Axiocam \t\t USB 2.0 Schnittstelle \t\t Stativs\u00e4ule 560 mm mit Kurbel zur H\u00f6henverstellung, max. Probenh\u00f6he: 380 mm \t\t 352mm x 224mm effektive Fl\u00e4che der Grundplatte mit Gewindebohrungen M6 im Rasterma\u00df 32 mm \t \t \t Tischtr\u00e4ger H=140 mm f\u00fcr Grundplatte Axio Scope Vario \t Reflektormodul Hellfeld ACR P&#038;C f\u00fcr Auflicht \t Reflektormodul Dunkelfeld ACR P&#038;C f\u00fcr Auflicht \t Reflektorschieber 2-fach codiert, wechselbar, f\u00fcr P&#038;C Module \t Kreuztisch Auflicht 75&#215;50 R mit Harteloxal-Beschichtung \t Binokularer Fototubus 20\u00b0\/23 (100:0\/0:100), aufrechtes Bild \t 2x Okular PL 10x\/23 Br. foc. \t 2x Augenmuschel \t Objektiv EC Epiplan 5x\/0,13 HD M27 \t Objektiv EC Epiplan 10x\/0,25 HD M27 \t Objektiv EC Epiplan 20x\/0,4 HD M27 \t Objektiv EC Epiplan 50x\/0,75 HD M27<\/p>\n","protected":false},"excerpt":{"rendered":"<p>Mikroskop Stativ Axioscope Vario, AL 6x HD DIC kodiert Objektivrevolver 6x Hellfeld\/Dunkelfeld DIC, M27 kodiert Auflichtbeleuchtung LED 10 W, mit Schnittstelle f\u00fcr HAL 100 und HBO\/HXP Schwalbe f\u00fcr kodierte, wechselbare Reflektorrevolver, -schieber eingebauter achromatischer Beleuchtungsadapter eingebauter Leuchtfeldblendenschieber eingebauter Aperturblendenschieber, Aufnahme f\u00fcr Filterschieber A 14&#215;40 und Polarisationsschieber A 6&#215;30 mm Triebkasten Axioscope Vario, Fokushub 15 mm [&hellip;]<\/p>\n","protected":false},"featured_media":0,"comment_status":"open","ping_status":"closed","template":"","meta":[],"product_brand":[],"product_cat":[15],"product_tag":[],"class_list":{"0":"post-381","1":"product","2":"type-product","3":"status-publish","5":"product_cat-unkategorisiert","7":"first","8":"instock","9":"taxable","10":"shipping-taxable","11":"purchasable","12":"product-type-simple"},"jetpack_sharing_enabled":true,"_links":{"self":[{"href":"https:\/\/test.pulchlorenz.de\/index.php?rest_route=\/wp\/v2\/product\/381","targetHints":{"allow":["GET"]}}],"collection":[{"href":"https:\/\/test.pulchlorenz.de\/index.php?rest_route=\/wp\/v2\/product"}],"about":[{"href":"https:\/\/test.pulchlorenz.de\/index.php?rest_route=\/wp\/v2\/types\/product"}],"replies":[{"embeddable":true,"href":"https:\/\/test.pulchlorenz.de\/index.php?rest_route=%2Fwp%2Fv2%2Fcomments&post=381"}],"wp:attachment":[{"href":"https:\/\/test.pulchlorenz.de\/index.php?rest_route=%2Fwp%2Fv2%2Fmedia&parent=381"}],"wp:term":[{"taxonomy":"product_brand","embeddable":true,"href":"https:\/\/test.pulchlorenz.de\/index.php?rest_route=%2Fwp%2Fv2%2Fproduct_brand&post=381"},{"taxonomy":"product_cat","embeddable":true,"href":"https:\/\/test.pulchlorenz.de\/index.php?rest_route=%2Fwp%2Fv2%2Fproduct_cat&post=381"},{"taxonomy":"product_tag","embeddable":true,"href":"https:\/\/test.pulchlorenz.de\/index.php?rest_route=%2Fwp%2Fv2%2Fproduct_tag&post=381"}],"curies":[{"name":"wp","href":"https:\/\/api.w.org\/{rel}","templated":true}]}}