{"id":387,"date":"2023-03-21T16:05:58","date_gmt":"2023-03-21T16:05:58","guid":{"rendered":"https:\/\/test.pulchlorenz.de\/?product=primostar-1"},"modified":"2023-03-21T16:05:58","modified_gmt":"2023-03-21T16:05:58","slug":"primostar-1","status":"publish","type":"product","link":"https:\/\/test.pulchlorenz.de\/?product=primostar-1","title":{"rendered":"Primostar 1"},"content":{"rendered":"<p>Das robuste Durchlicht-Lehrmikroskop f\u00fcr Hellfeldanwendungen mit hochwertiger Optik.   Komplettausr\u00fcstung mit Stativ Fixed-K\u00f6hler einschlie\u00dflich  \t Durchlichtbeleuchtung LED 3W warm-light, 3200K \t Objektivrevolver 4-fach, nach hinten geneigt \t Kreuztisch 75&#215;40, Trieb rechts und Objekthalter f\u00fcr einen Objekttr\u00e4ger mit Federhebel links\u00a0 \t binokularem Tubus 30\u00b0\/20 \t Okularen 10x\/20 Br. foc. mit Augenmuscheln \t Objektiven Plan-Achromat 4x, 10x, 40x \t Abbe-Kondensor 0,9\/1,25 \t externem Netzteil 100&#8230;240VAC\/50&#8230;60Hz\/30VA mit l\u00e4nderspezifischen Adaptern \t Staubschutzh\u00fclle<\/p>\n","protected":false},"excerpt":{"rendered":"<p>Das robuste Durchlicht-Lehrmikroskop f\u00fcr Hellfeldanwendungen mit hochwertiger Optik. Komplettausr\u00fcstung mit Stativ Fixed-K\u00f6hler einschlie\u00dflich Durchlichtbeleuchtung LED 3W warm-light, 3200K Objektivrevolver 4-fach, nach hinten geneigt Kreuztisch 75&#215;40, Trieb rechts und Objekthalter f\u00fcr einen Objekttr\u00e4ger mit Federhebel links\u00a0 binokularem Tubus 30\u00b0\/20 Okularen 10x\/20 Br. foc. mit Augenmuscheln Objektiven Plan-Achromat 4x, 10x, 40x Abbe-Kondensor 0,9\/1,25 externem Netzteil 100&#8230;240VAC\/50&#8230;60Hz\/30VA mit [&hellip;]<\/p>\n","protected":false},"featured_media":0,"comment_status":"open","ping_status":"closed","template":"","meta":[],"product_brand":[],"product_cat":[15],"product_tag":[],"class_list":{"0":"post-387","1":"product","2":"type-product","3":"status-publish","5":"product_cat-unkategorisiert","7":"first","8":"instock","9":"taxable","10":"shipping-taxable","11":"purchasable","12":"product-type-simple"},"jetpack_sharing_enabled":true,"_links":{"self":[{"href":"https:\/\/test.pulchlorenz.de\/index.php?rest_route=\/wp\/v2\/product\/387","targetHints":{"allow":["GET"]}}],"collection":[{"href":"https:\/\/test.pulchlorenz.de\/index.php?rest_route=\/wp\/v2\/product"}],"about":[{"href":"https:\/\/test.pulchlorenz.de\/index.php?rest_route=\/wp\/v2\/types\/product"}],"replies":[{"embeddable":true,"href":"https:\/\/test.pulchlorenz.de\/index.php?rest_route=%2Fwp%2Fv2%2Fcomments&post=387"}],"wp:attachment":[{"href":"https:\/\/test.pulchlorenz.de\/index.php?rest_route=%2Fwp%2Fv2%2Fmedia&parent=387"}],"wp:term":[{"taxonomy":"product_brand","embeddable":true,"href":"https:\/\/test.pulchlorenz.de\/index.php?rest_route=%2Fwp%2Fv2%2Fproduct_brand&post=387"},{"taxonomy":"product_cat","embeddable":true,"href":"https:\/\/test.pulchlorenz.de\/index.php?rest_route=%2Fwp%2Fv2%2Fproduct_cat&post=387"},{"taxonomy":"product_tag","embeddable":true,"href":"https:\/\/test.pulchlorenz.de\/index.php?rest_route=%2Fwp%2Fv2%2Fproduct_tag&post=387"}],"curies":[{"name":"wp","href":"https:\/\/api.w.org\/{rel}","templated":true}]}}