{"id":389,"date":"2023-03-21T16:05:58","date_gmt":"2023-03-21T16:05:58","guid":{"rendered":"https:\/\/test.pulchlorenz.de\/?product=modul-intellesis-fuer-zen-blue"},"modified":"2023-03-21T16:05:58","modified_gmt":"2023-03-21T16:05:58","slug":"modul-intellesis-fuer-zen-blue","status":"publish","type":"product","link":"https:\/\/test.pulchlorenz.de\/?product=modul-intellesis-fuer-zen-blue","title":{"rendered":"Modul Intellesis f\u00fcr ZEN Blue"},"content":{"rendered":"<p>Einfaches und benutzerfreundliches Modul zur Segmentierung von Bildern durch Pixel-Klassifikation und Machine-Learning.\u00a0 Der Nutzer muss dazu die Bilder bzw. die zu segmentierenden Strukturen entsprechend markieren und dann ein Modell damit trainieren. In einem nachfolgenden Schritt kann ein so trainiertes Modell zum segmentieren oder zum Erzeugen eines Image Analyse Programms genutzt werden. Das Modul unterst\u00fctzt alle Bilddatenformate, die in ZEN blue importiert werden k\u00f6nnen und unterst\u00fctzt 3D+ Bildatens\u00e4tze, Multi- und Kachelbilder, indem Stapel \/ bzw. Kacheln Ebene f\u00fcr Ebene oder kachelweise segmentiert. F\u00fcr die Nutzung von trainierten Modellen innerhalb eines Bildanalyse- Settings oder innerhalb des Image Anaylse Wizards wird das Modul ZEN Bildanalyse ben\u00f6tigt.<\/p>\n","protected":false},"excerpt":{"rendered":"<p>Einfaches und benutzerfreundliches Modul zur Segmentierung von Bildern durch Pixel-Klassifikation und Machine-Learning.\u00a0 Der Nutzer muss dazu die Bilder bzw. die zu segmentierenden Strukturen entsprechend markieren und dann ein Modell damit trainieren. In einem nachfolgenden Schritt kann ein so trainiertes Modell zum segmentieren oder zum Erzeugen eines Image Analyse Programms genutzt werden. Das Modul unterst\u00fctzt alle [&hellip;]<\/p>\n","protected":false},"featured_media":0,"comment_status":"open","ping_status":"closed","template":"","meta":[],"product_brand":[],"product_cat":[15],"product_tag":[],"class_list":{"0":"post-389","1":"product","2":"type-product","3":"status-publish","5":"product_cat-unkategorisiert","7":"first","8":"instock","9":"taxable","10":"shipping-taxable","11":"purchasable","12":"product-type-simple"},"jetpack_sharing_enabled":true,"_links":{"self":[{"href":"https:\/\/test.pulchlorenz.de\/index.php?rest_route=\/wp\/v2\/product\/389","targetHints":{"allow":["GET"]}}],"collection":[{"href":"https:\/\/test.pulchlorenz.de\/index.php?rest_route=\/wp\/v2\/product"}],"about":[{"href":"https:\/\/test.pulchlorenz.de\/index.php?rest_route=\/wp\/v2\/types\/product"}],"replies":[{"embeddable":true,"href":"https:\/\/test.pulchlorenz.de\/index.php?rest_route=%2Fwp%2Fv2%2Fcomments&post=389"}],"wp:attachment":[{"href":"https:\/\/test.pulchlorenz.de\/index.php?rest_route=%2Fwp%2Fv2%2Fmedia&parent=389"}],"wp:term":[{"taxonomy":"product_brand","embeddable":true,"href":"https:\/\/test.pulchlorenz.de\/index.php?rest_route=%2Fwp%2Fv2%2Fproduct_brand&post=389"},{"taxonomy":"product_cat","embeddable":true,"href":"https:\/\/test.pulchlorenz.de\/index.php?rest_route=%2Fwp%2Fv2%2Fproduct_cat&post=389"},{"taxonomy":"product_tag","embeddable":true,"href":"https:\/\/test.pulchlorenz.de\/index.php?rest_route=%2Fwp%2Fv2%2Fproduct_tag&post=389"}],"curies":[{"name":"wp","href":"https:\/\/api.w.org\/{rel}","templated":true}]}}